{"id":4016,"date":"2014-11-20T10:48:11","date_gmt":"2014-11-20T10:48:11","guid":{"rendered":"http:\/\/www.palmaequipmentrental.com\/contact-us-2\/"},"modified":"2025-09-22T11:28:47","modified_gmt":"2025-09-22T11:28:47","slug":"contact-us","status":"publish","type":"page","link":"https:\/\/palmaequipmentrental.com\/de\/contact-us\/","title":{"rendered":"Kontakt"},"content":{"rendered":"<style><span data-mce-type=\"bookmark\" style=\"display: inline-block; width: 0px; overflow: hidden; line-height: 0;\" class=\"mce_SELRES_start\">\ufeff<\/span><span data-mce-type=\"bookmark\" style=\"display: inline-block; width: 0px; overflow: hidden; line-height: 0;\" class=\"mce_SELRES_start\">\ufeff<\/span>  .contact{ display: grid; grid-template-columns: 1fr; gap: 40px; }       .contact-content {grid-column: 1 \/ -1;}      .contact-info, .map-section { padding: 10px;}       address {        font-style: normal;}       .map-section iframe { width: 100%; height: 350px; border-radius: 5px;}       @media (min-width: 800px) {   .container { grid-template-columns: 1fr 1fr;  }  } <\/style>\n<p data-start=\"1120\" data-end=\"1163\"><strong data-start=\"1120\" data-end=\"1163\">Kontaktieren Sie Palma Equipment Rental<\/strong><\/p>\n<p data-start=\"1165\" data-end=\"1570\">Wir freuen uns, von Ihnen zu h\u00f6ren. Der beste Weg, mit uns in Kontakt zu treten, ist eine E-Mail mit Ihrer Equipmentliste und den Terminen Ihres Drehs oder Events zu senden. Wenn Sie Ihr Equipment noch zusammenstellen, k\u00f6nnen Sie auch unseren praktischen Angebots-Generator auf der Website nutzen \u2013 einfach die gew\u00fcnschten Artikel in den Warenkorb legen und uns per E-Mail zusenden. Wir antworten schnell.<\/p>\n<p data-start=\"1572\" data-end=\"1833\">Unsere \u00d6ffnungszeiten sind Montag bis Freitag von 09:00 bis 21:00 Uhr. Wir begr\u00fc\u00dfen Fachleute aus der Branche gerne in unserem Lager im Pol\u00edgono Can Valero in Palma. Die Anfahrt ist unkompliziert \u2013 nur 12 km vom Flughafen entfernt, etwa 20 Minuten mit dem Auto.<\/p>\n<p data-start=\"1835\" data-end=\"1933\">Am Wochenende und au\u00dferhalb der Gesch\u00e4ftszeiten bieten wir einen Notfallservice gegen Aufpreis an.<\/p>\n<p data-start=\"1935\" data-end=\"2085\">Ob gro\u00dfe Produktion oder kleines Editorial \u2013 unser Team unterst\u00fctzt Sie mit zuverl\u00e4ssigem Equipment, schnellen Angeboten und umfassender Ortskenntnis.<\/p>\n<section class=\"map-section\"><iframe loading=\"lazy\" style=\"border: 0;\" src=\"https:\/\/www.google.com\/maps\/embed?pb=!1m14!1m8!1m3!1d6148.390847216922!2d2.627267!3d39.60028!3m2!1i1024!2i768!4f13.1!3m3!1m2!1s0x1297929721d42e65%3A0x4ff8eadf747bb326!2sPalma%20Equipment%20Rental!5e0!3m2!1sca!2sus!4v1758538928140!5m2!1sca!2sus\" width=\"600\" height=\"450\" allowfullscreen=\"allowfullscreen\"><\/iframe><\/section>\n<section class=\"contact-info\">\n<h2>Palma Equipment Rental C.B.<\/h2>\n<address>C\/Francesc Vallduv\u00ed 7, local 9A<br \/>\nPoligono Can Valero<br \/>\n07011 Palma de Mallorca<\/address>\n<p><a href=\"tel:+34665950883\">+34 665 95 08 83<\/a><br \/>\n<a href=\"mailto:rentals@palmaequipmentrental.com\">rentals@palmaequipmentrental.com<\/a><\/p>\n<\/section>\n<\/div>\n","protected":false},"excerpt":{"rendered":"<p>Kontaktieren Sie Palma Equipment Rental Wir freuen uns, von Ihnen zu h\u00f6ren. Der beste Weg, mit uns in Kontakt zu treten, ist eine E-Mail mit Ihrer Equipmentliste und den Terminen Ihres Drehs oder Events zu senden. Wenn Sie Ihr Equipment noch zusammenstellen, k\u00f6nnen Sie auch unseren praktischen Angebots-Generator auf der Website nutzen \u2013 einfach die gew\u00fcnschten Artikel in den Warenkorb [&hellip;]<\/p>\n","protected":false},"author":183,"featured_media":0,"parent":0,"menu_order":0,"comment_status":"closed","ping_status":"open","template":"","meta":{"footnotes":""},"class_list":["post-4016","page","type-page","status-publish","hentry"],"_links":{"self":[{"href":"https:\/\/palmaequipmentrental.com\/de\/wp-json\/wp\/v2\/pages\/4016","targetHints":{"allow":["GET"]}}],"collection":[{"href":"https:\/\/palmaequipmentrental.com\/de\/wp-json\/wp\/v2\/pages"}],"about":[{"href":"https:\/\/palmaequipmentrental.com\/de\/wp-json\/wp\/v2\/types\/page"}],"author":[{"embeddable":true,"href":"https:\/\/palmaequipmentrental.com\/de\/wp-json\/wp\/v2\/users\/183"}],"replies":[{"embeddable":true,"href":"https:\/\/palmaequipmentrental.com\/de\/wp-json\/wp\/v2\/comments?post=4016"}],"version-history":[{"count":9,"href":"https:\/\/palmaequipmentrental.com\/de\/wp-json\/wp\/v2\/pages\/4016\/revisions"}],"predecessor-version":[{"id":15113,"href":"https:\/\/palmaequipmentrental.com\/de\/wp-json\/wp\/v2\/pages\/4016\/revisions\/15113"}],"wp:attachment":[{"href":"https:\/\/palmaequipmentrental.com\/de\/wp-json\/wp\/v2\/media?parent=4016"}],"curies":[{"name":"wp","href":"https:\/\/api.w.org\/{rel}","templated":true}]}}