{"id":4033,"date":"2014-11-20T11:04:58","date_gmt":"2014-11-20T11:04:58","guid":{"rendered":"http:\/\/www.palmaequipmentrental.com\/our-service-2\/"},"modified":"2025-09-22T11:33:34","modified_gmt":"2025-09-22T11:33:34","slug":"our-service","status":"publish","type":"page","link":"https:\/\/palmaequipmentrental.com\/de\/our-service\/","title":{"rendered":"Unsere Leistungen"},"content":{"rendered":"<h2><a href=\"http:\/\/www.palmaequipmentrental.com\/wp-content\/uploads\/2014\/11\/service1.jpg\"><img decoding=\"async\" class=\"alignnone wp-image-3152\" src=\"http:\/\/www.palmaequipmentrental.com\/wp-content\/uploads\/2014\/11\/service1-300x161.jpg\" alt=\"service\" width=\"402\" height=\"216\" srcset=\"https:\/\/palmaequipmentrental.com\/wp-content\/uploads\/2014\/11\/service1-300x161.jpg 300w, https:\/\/palmaequipmentrental.com\/wp-content\/uploads\/2014\/11\/service1.jpg 512w\" sizes=\"(max-width: 402px) 100vw, 402px\" \/><\/a><\/h2>\n<p>Unser Standort ist Palma de Mallorca, wir lieben unsere Arbeit &#8211; und wir sind gut darin!<\/p>\n<p>Seit \u00fcber zehn Jahren vermieten wir Ausr\u00fcstungen f\u00fcr professionelle Foto-Shootings auf den Balearen und in ganz Europa.<\/p>\n<p>Da wir die hohen Erwartungen unserer Kunden und die Logistik auf unseren wundersch\u00f6nen Inseln sehr gut kennen, sind wir in der Lage, den h\u00f6chsten internationalen Standard zu liefern, der von uns als professionellem Verleihservice erwartet wird.<\/p>\n<p>Dank vieler Jahre internationaler Erfahrung in der Branche, von London \u00fcber Paris bis nach Kapstadt und zur\u00fcck nach Spanien, sind wir mit der unvorhersehbaren Natur und dem hohen Einsatz, sehr vertraut, die mit dem Fotografieren an einer Location fernab von der Heimat verbunden sind.<\/p>\n<p>Tranquilo! Wir k\u00fcmmern uns um Ihre gesamte Fotoausr\u00fcstung und die Anforderungen Ihrer Crew. Sie d\u00fcrfen darauf vertrauen, dass Sie sich in guten H\u00e4nden befinden &#8211; w\u00e4hrend Sie sich darauf konzentrieren, das perfekte Bild zu schie\u00dfen und unsere bezaubernden Locations auf den Inseln zu entdecken.<\/p>\n","protected":false},"excerpt":{"rendered":"<p>Unser Standort ist Palma de Mallorca, wir lieben unsere Arbeit &#8211; und wir sind gut darin! Seit \u00fcber zehn Jahren vermieten wir Ausr\u00fcstungen f\u00fcr professionelle Foto-Shootings auf den Balearen und in ganz Europa. Da wir die hohen Erwartungen unserer Kunden und die Logistik auf unseren wundersch\u00f6nen Inseln sehr gut kennen, sind wir in der Lage, den h\u00f6chsten internationalen Standard zu [&hellip;]<\/p>\n","protected":false},"author":183,"featured_media":0,"parent":0,"menu_order":0,"comment_status":"closed","ping_status":"open","template":"","meta":{"footnotes":""},"class_list":["post-4033","page","type-page","status-publish","hentry"],"_links":{"self":[{"href":"https:\/\/palmaequipmentrental.com\/de\/wp-json\/wp\/v2\/pages\/4033","targetHints":{"allow":["GET"]}}],"collection":[{"href":"https:\/\/palmaequipmentrental.com\/de\/wp-json\/wp\/v2\/pages"}],"about":[{"href":"https:\/\/palmaequipmentrental.com\/de\/wp-json\/wp\/v2\/types\/page"}],"author":[{"embeddable":true,"href":"https:\/\/palmaequipmentrental.com\/de\/wp-json\/wp\/v2\/users\/183"}],"replies":[{"embeddable":true,"href":"https:\/\/palmaequipmentrental.com\/de\/wp-json\/wp\/v2\/comments?post=4033"}],"version-history":[{"count":7,"href":"https:\/\/palmaequipmentrental.com\/de\/wp-json\/wp\/v2\/pages\/4033\/revisions"}],"predecessor-version":[{"id":15120,"href":"https:\/\/palmaequipmentrental.com\/de\/wp-json\/wp\/v2\/pages\/4033\/revisions\/15120"}],"wp:attachment":[{"href":"https:\/\/palmaequipmentrental.com\/de\/wp-json\/wp\/v2\/media?parent=4033"}],"curies":[{"name":"wp","href":"https:\/\/api.w.org\/{rel}","templated":true}]}}