{"id":5093,"date":"2019-01-22T19:45:16","date_gmt":"2019-01-22T19:45:16","guid":{"rendered":"http:\/\/www.palmaequipmentrental.com\/privacy-policy\/"},"modified":"2023-06-06T15:32:28","modified_gmt":"2023-06-06T15:32:28","slug":"privacy-policy","status":"publish","type":"page","link":"https:\/\/palmaequipmentrental.com\/de\/privacy-policy\/","title":{"rendered":"Datenschutzrichtlinie"},"content":{"rendered":"\n<p><strong>Einf\u00fchrung<\/strong><\/p>\n\n\n\n<p>Die vorliegende Datenschutzrichtlinie wurde unter Ber\u00fccksichtigung der Bestimmungen des geltenden Gesetzes \u00fcber den Schutz personenbezogener Daten sowie der Verordnung (EU) 2016\/679 des Europ\u00e4ischen Parlaments und des Rates vom 27. April 2016 zum Schutz nat\u00fcrlicher Personen bei der Verarbeitung personenbezogener Daten und zum freien Datenverkehr (DSGVO) entwickelt.&nbsp;<\/p>\n\n\n\n<p>Diese Datenschutzrichtlinie hat zum Ziel, den betroffenen Personen, deren personenbezogene Daten erhoben werden, spezifische Aspekte in Bezug auf die Verarbeitung ihrer Daten bekannt zu machen, darunter die Zwecke der Verarbeitung, die Kontaktdaten zur Aus\u00fcbung ihrer Rechte, die Aufbewahrungsfristen f\u00fcr Informationen und Sicherheitsma\u00dfnahmen, unter anderem.<\/p>\n\n\n\n<p><strong>Verantwortlicher f\u00fcr die Datenverarbeitung&nbsp;<\/strong><\/p>\n\n\n\n<p>Im Hinblick auf den Datenschutz ist PALMA EQUIPMENT RENTAL, C.B. als Verantwortlicher f\u00fcr die Datenverarbeitung anzusehen, in Bezug auf die in dieser Richtlinie identifizierten Dateien\/Verarbeitungen, insbesondere im Abschnitt &#8222;Datenverarbeitungen&#8220;.&nbsp;<\/p>\n\n\n\n<p>Nachstehend sind die Identifikationsdaten des Inhabers der vorliegenden Website angegeben:&nbsp;<\/p>\n\n\n\n<p>Verantwortlicher f\u00fcr die Datenverarbeitung: PALMA EQUIPMENT RENTAL, C.B. Postanschrift: C\/ Francesc Vallduvi, 7, Local 9 A, 07011, Palma de Mallorca, (Balearen). E-Mail-Adresse:&nbsp;<a href=\"mailto:info@palmaequipmentrental.com\">info@palmaequipmentrental.com<\/a><\/p>\n\n\n\n<p><strong>Datenschutzbeauftragter<\/strong><\/p>\n\n\n\n<p>Die Person, die bei PALMA EQUIPMENT RENTAL, C.B. als Datenschutzbeauftragter fungiert, ist Birgit Van Mierlo. Die Identifikationsdaten lauten wie folgt:<\/p>\n\n\n\n<p>Postanschrift: C\/ Francesc Vallduvi, 7, Local 9 A, 07011, Palma de Mallorca, (Balearen) Telefon: 695568433&nbsp;<\/p>\n\n\n\n<p>E-Mail:&nbsp;<a href=\"mailto:birgit@palmaequipmentrental.com\">birgit@palmaequipmentrental.com<\/a><\/p>\n\n\n\n<p><strong>Datenverarbeitungen<\/strong><\/p>\n\n\n\n<p>Die angeforderten personenbezogenen Daten beschr\u00e4nken sich, falls erforderlich, auf diejenigen Informationen, die streng notwendig sind, um die Anfrage des Inhabers zu identifizieren und zu bearbeiten. Diese Informationen werden dem Betroffenen gegen\u00fcber loyal, rechtm\u00e4\u00dfig und transparent behandelt. Die personenbezogenen Daten werden nur f\u00fcr bestimmte, explizite und legitime Zwecke erhoben und nicht in einer mit diesen Zwecken unvereinbaren Weise weiterverarbeitet.&nbsp;<\/p>\n\n\n\n<p>Die von jedem Betroffenen erhobenen Daten sind angemessen, relevant und nicht \u00fcberm\u00e4\u00dfig im Hinblick auf die jeweiligen Zwecke und werden bei Bedarf aktualisiert. Dem Dateninhaber werden vor der Erhebung seiner Daten die allgemeinen Bestimmungen dieser Richtlinie mitgeteilt, damit er seine ausdr\u00fcckliche, pr\u00e4zise und eindeutige Einwilligung zur Verarbeitung seiner Daten geben kann, wie in den folgenden Aspekten beschrieben.&nbsp;<\/p>\n\n\n\n<p>Zwecke der Verarbeitung&nbsp;<\/p>\n\n\n\n<p>Die expliziten Zwecke, f\u00fcr die jede Verarbeitung durchgef\u00fchrt wird, sind in den Informationsklauseln aufgef\u00fchrt, die in jeder Datenerfassungsmethode (Webformulare, Papierformulare, Sprachaufzeichnungen oder Plakate und Informationshinweise) enthalten sind.&nbsp;<\/p>\n\n\n\n<p>Die personenbezogenen Daten des Betroffenen werden jedoch ausschlie\u00dflich zum Zweck einer effektiven Antwort und Bearbeitung der Anfragen des Nutzers verwendet, die zusammen mit der Option, dem Service, dem Formular oder dem Datenerfassungssystem, das der Inhaber verwendet, angegeben sind.&nbsp;<\/p>\n\n\n\n<p>Rechtm\u00e4\u00dfigkeit&nbsp;<\/p>\n\n\n\n<p>Im Allgemeinen holt PALMA EQUIPMENT RENTAL, C.B. vor der Verarbeitung personenbezogener Daten die ausdr\u00fcckliche und eindeutige Einwilligung des Dateninhabers ein, indem Einwilligungsklauseln in den verschiedenen Informationsgewinnungssystemen aufgenommen werden.<\/p>\n\n\n\n<p>Wenn jedoch die Einwilligung des Betroffenen nicht erforderlich ist, beruht die Rechtm\u00e4\u00dfigkeit der Verarbeitung, auf die sich PALMA EQUIPMENT RENTAL, C.B. st\u00fctzt, auf das Bestehen eines spezifischen Gesetzes oder einer spezifischen Vorschrift, die die Verarbeitung der Daten des Betroffenen erlaubt oder verlangt.<\/p>\n\n\n\n<p>Empf\u00e4nger&nbsp;<\/p>\n\n\n\n<p>Im Allgemeinen werden die Daten von PALMA EQUIPMENT RENTAL, C.B. nicht an Dritte weitergegeben oder mitgeteilt, es sei denn, dies ist gesetzlich vorgeschrieben. Falls dies jedoch erforderlich ist, werden solche Weitergaben oder Mitteilungen dem Betroffenen \u00fcber die Einwilligungsklauseln mitgeteilt, die in den verschiedenen Datenerfassungsmethoden f\u00fcr personenbezogene Daten enthalten sind.<\/p>\n\n\n\n<p>Internationale Daten\u00fcbermittlungen werden von Palma Equipment Rental an die folgenden Unternehmen durchgef\u00fchrt, stets in \u00dcbereinstimmung mit der EU-US Privacy Shield Vereinbarung&nbsp;<a href=\"https:\/\/www.privacyshield.gov\/welcome\">https:\/\/www.privacyshield.gov\/welcome<\/a>&nbsp;oder durch die Ausf\u00fchrung eines Vertrags:<\/p>\n\n\n\n<ul class=\"wp-block-list\"><li>Google LLC, E-Mail-Dienst.<\/li><li>Grafton, Cloud-Hosting-Dienst.<\/li><li>MailChimp, Mailing-Dienst.<\/li><\/ul>\n\n\n\n<p>Herkunft&nbsp;<\/p>\n\n\n\n<p>Im Allgemeinen werden personenbezogene Daten immer direkt vom Betroffenen erhoben. In bestimmten Ausnahmef\u00e4llen k\u00f6nnen die Daten jedoch \u00fcber Dritte, andere Organisationen oder Dienste als den Betroffenen erhoben werden. Dies wird dem Betroffenen \u00fcber die Einwilligungsklauseln mitgeteilt, die in den verschiedenen Informationsgewinnungsmethoden enthalten sind und innerhalb einer angemessenen Frist nach Erhalt der Daten und sp\u00e4testens innerhalb eines Monats.<\/p>\n\n\n\n<p>Aufbewahrungsfristen<\/p>\n\n\n\n<p>Die vom Betroffenen erhobenen Informationen werden so lange aufbewahrt, wie sie zur Erf\u00fcllung des Zwecks, f\u00fcr den die personenbezogenen Daten erhoben wurden, erforderlich sind. Nach Erf\u00fcllung des Zwecks werden die Daten gel\u00f6scht. Die L\u00f6schung f\u00fchrt zur Sperrung der Daten, die ausschlie\u00dflich f\u00fcr die Verf\u00fcgbarkeit f\u00fcr \u00f6ffentliche Beh\u00f6rden, Gerichte und Gerichtsh\u00f6fe zum Zwecke der Behandlung m\u00f6glicher aus der Verarbeitung resultierender Haftungsanspr\u00fcche w\u00e4hrend der Verj\u00e4hrungsfrist aufbewahrt werden. Nach Ablauf dieser Frist werden die Informationen vernichtet. Zu Informationszwecken sind nachfolgend die gesetzlichen Aufbewahrungsfristen f\u00fcr verschiedene Themenbereiche aufgef\u00fchrt:<\/p>\n\n\n\n<figure class=\"wp-block-table\"><table><tbody><tr><td>DOKUMENT&nbsp;<\/td><td>FRIST&nbsp;<\/td><td>GESETZLICHE GRUNDLAGE&nbsp;<\/td><\/tr><tr><td>Buchhaltungs- und Steuerdokumentation zu Handelszwecken.&nbsp;<\/td><td>4 Jahre&nbsp;<\/td><td>Artikel 21 der K\u00f6niglichen Verordnung 5\/2000 vom 4. August, mit der der konsolidierte Text des Gesetzes \u00fcber Verst\u00f6\u00dfe und Sanktionen im Sozialbereich genehmigt wird.&nbsp;<\/td><\/tr><tr><td>Dokumentation im Zusammenhang mit der Arbeit oder der Sozialversicherung.&nbsp;<\/td><td>6&nbsp;Jahre&nbsp;<\/td><td>Artikel 30 des Handelsgesetzbuchs.&nbsp;<\/td><\/tr><tr><td>Buchhaltungs- und Steuerdokumentation f\u00fcr steuerliche Zwecke.&nbsp;<\/td><td>4 Jahre&nbsp;<\/td><td>Artikel 66 bis 70 des Allgemeinen Steuergesetzes.&nbsp;<\/td><\/tr><tr><td>Zugangskontrolle zu Geb\u00e4uden.&nbsp;<\/td><td>1 Monat&nbsp;<\/td><td>Leitfaden zur Verwendung von Videokameras f\u00fcr Sicherheits- und andere Zwecke der AEPD&nbsp;&nbsp;<\/td><\/tr><tr><td>Video\u00fcberwachung.&nbsp;<\/td><td>1 Monat&nbsp;<\/td><td>Leitfaden zur Verwendung von Videokameras f\u00fcr Sicherheit und andere Zwecke der AEPDOrganisches Gesetz 4\/1997 vom 4. August \u00fcber die Verwendung von Videokameras durch die Sicherheitskr\u00e4fte in \u00f6ffentlichen R\u00e4umen. Organisches Gesetz 4\/2015 vom 30. M\u00e4rz \u00fcber den Schutz der \u00f6ffentlichen Sicherheit.&nbsp;<\/td><\/tr><\/tbody><\/table><\/figure>\n\n\n\n<p><strong>Daten zur Navigation<\/strong><\/p>\n\n\n\n<p>In Bezug auf die Navigationsdaten, die \u00fcber die Website erhoben werden k\u00f6nnen, wird empfohlen, die Cookie-Richtlinie auf unserer Website zu konsultieren, falls Daten gem\u00e4\u00df den Bestimmungen erfasst werden.&nbsp;<\/p>\n\n\n\n<p><strong>Rechte der Betroffenen<\/strong><\/p>\n\n\n\n<p>Das Datenschutzgesetz gew\u00e4hrt den betroffenen Personen, den Nutzern der Website oder den Nutzern der Social-Media-Profilen von PALMA EQUIPMENT RENTAL, C.B., eine Reihe von Rechten.&nbsp;<\/p>\n\n\n\n<p>Die folgenden Rechte stehen den betroffenen Personen zu:<\/p>\n\n\n\n<ul class=\"wp-block-list\"><li>Auskunftsrecht: Recht auf Auskunft dar\u00fcber, ob ihre eigenen Daten verarbeitet werden, \u00fcber den Zweck der Verarbeitung, die Kategorien der verarbeiteten Daten, die Empf\u00e4nger oder Kategorien von Empf\u00e4ngern, die Aufbewahrungsfrist und die Herkunft dieser Daten.<\/li><\/ul>\n\n\n\n<ul class=\"wp-block-list\"><li>Recht auf Berichtigung: Recht auf Berichtigung unrichtiger oder unvollst\u00e4ndiger personenbezogener Daten.<\/li><\/ul>\n\n\n\n<ul class=\"wp-block-list\"><li>Recht auf L\u00f6schung: Recht auf L\u00f6schung der Daten in folgenden F\u00e4llen:&nbsp;<\/li><li>Wenn die Daten f\u00fcr den Zweck, f\u00fcr den sie erhoben wurden, nicht mehr erforderlich sind,&nbsp;<\/li><li>Wenn der Dateninhaber seine Einwilligung widerruft<\/li><li>Wenn der Betroffene der Verarbeitung widerspricht<\/li><li>Wenn die Daten aus rechtlichen Gr\u00fcnden gel\u00f6scht werden m\u00fcssen<\/li><li>Wenn die Daten gem\u00e4\u00df Artikel 8 Absatz 1 der Europ\u00e4ischen Datenschutzgrundverordnung im Rahmen eines Dienstes der Informationsgesellschaft erhoben wurden.<\/li><\/ul>\n\n\n\n<ul class=\"wp-block-list\"><li>Widerspruchsrecht: Recht, sich gegen eine bestimmte Verarbeitung aufgrund der Einwilligung des Betroffenen zu widersetzen.<\/li><\/ul>\n\n\n\n<ul class=\"wp-block-list\"><li>Recht auf Einschr\u00e4nkung der Verarbeitung: Recht, die Einschr\u00e4nkung der Verarbeitung zu erhalten, wenn einer der folgenden F\u00e4lle vorliegt:&nbsp;<\/li><li>Wenn der Betroffene die Richtigkeit der personenbezogenen Daten bestreitet, f\u00fcr einen Zeitraum, der dem Unternehmen die \u00dcberpr\u00fcfung erm\u00f6glicht<\/li><li>Wenn die Verarbeitung rechtswidrig ist und der Betroffene der L\u00f6schung der Daten widerspricht&nbsp;<\/li><li>Wenn das Unternehmen die Daten nicht mehr f\u00fcr die Zwecke ben\u00f6tigt, f\u00fcr die sie erhoben wurden, der Betroffene sie jedoch zur Geltendmachung, Aus\u00fcbung oder Verteidigung von Rechtsanspr\u00fcchen ben\u00f6tigt<\/li><li>Wenn der Betroffene der Verarbeitung widersprochen hat, w\u00e4hrend \u00fcberpr\u00fcft wird, ob die berechtigten Interessen des Unternehmens gegen\u00fcber den Interessen des Betroffenen \u00fcberwiegen.<\/li><\/ul>\n\n\n\n<ul class=\"wp-block-list\"><li>Recht auf Daten\u00fcbertragbarkeit: Recht, die Daten in einem strukturierten, g\u00e4ngigen und maschinenlesbaren Format zu erhalten und an einen anderen Verantwortlichen zu \u00fcbermitteln, wenn:&nbsp;<ul><li>Die Verarbeitung auf der Einwilligung beruht<\/li><\/ul><ul><li>&nbsp;Die Verarbeitung automatisiert erfolgt.<\/li><\/ul><\/li><\/ul>\n\n\n\n<ul class=\"wp-block-list\"><li>Recht, bei der zust\u00e4ndigen Aufsichtsbeh\u00f6rde Beschwerde einzulegen.&nbsp;<\/li><\/ul>\n\n\n\n<p>Die betroffenen Personen k\u00f6nnen diese Rechte aus\u00fcben, indem sie sich schriftlich an PALMA EQUIPMENT RENTAL, C.B. wenden und das gew\u00fcnschte Recht in der Betreffzeile angeben.&nbsp;<\/p>\n\n\n\n<p>PALMA EQUIPMENT RENTAL, C.B. wird Ihre Anfrage schnellstm\u00f6glich bearbeiten und die in den Datenschutzbestimmungen festgelegten Fristen einhalten.&nbsp;<\/p>\n\n\n\n<p><strong>Sicherheit&nbsp;<\/strong><\/p>\n\n\n\n<p>Die von PALMA EQUIPMENT RENTAL, C.B. ergriffenen Sicherheitsma\u00dfnahmen entsprechen den Anforderungen gem\u00e4\u00df Artikel 32 der DSGVO. PALMA EQUIPMENT RENTAL, C.B. hat unter Ber\u00fccksichtigung des Standes der Technik, der Implementierungskosten, der Art, des Umfangs, des Kontextes und der Zwecke der Verarbeitung sowie der unterschiedlichen Eintrittswahrscheinlichkeiten und der Schwere der Risiken f\u00fcr die Rechte und Freiheiten nat\u00fcrlicher Personen geeignete technische und organisatorische Ma\u00dfnahmen getroffen, um das angemessene Sicherheitsniveau f\u00fcr die vorhandenen Risiken zu gew\u00e4hrleisten.&nbsp;<\/p>\n\n\n\n<p>PALMA EQUIPMENT RENTAL, C.B. hat geeignete Mechanismen implementiert, um:&nbsp;<\/p>\n\n\n\n<p>a) die dauerhafte Vertraulichkeit, Integrit\u00e4t, Verf\u00fcgbarkeit und Belastbarkeit der Systeme und Dienste zur Verarbeitung zu gew\u00e4hrleisten<\/p>\n\n\n\n<p>b) im Falle eines physischen oder technischen Vorfalls eine schnelle Wiederherstellung der Verf\u00fcgbarkeit und des Zugriffs auf personenbezogene Daten zu erm\u00f6glichen<\/p>\n\n\n\n<p>c) die Effektivit\u00e4t der implementierten technischen und organisatorischen Ma\u00dfnahmen zur Sicherstellung der Sicherheit der Verarbeitung regelm\u00e4\u00dfig zu \u00fcberpr\u00fcfen, zu bewerten und zu bewerten<\/p>\n\n\n\n<p>d) personenbezogene Daten gegebenenfalls zu pseudonymisieren und zu verschl\u00fcsseln.<\/p>\n","protected":false},"excerpt":{"rendered":"<p>Einf\u00fchrung Die vorliegende Datenschutzrichtlinie wurde unter Ber\u00fccksichtigung der Bestimmungen des geltenden Gesetzes \u00fcber den Schutz personenbezogener Daten sowie der Verordnung (EU) 2016\/679 des Europ\u00e4ischen Parlaments und des Rates vom 27. April 2016 zum Schutz nat\u00fcrlicher Personen bei der Verarbeitung personenbezogener Daten und zum freien Datenverkehr (DSGVO) entwickelt.&nbsp; Diese Datenschutzrichtlinie hat zum Ziel, den betroffenen Personen, deren personenbezogene Daten erhoben werden, [&hellip;]<\/p>\n","protected":false},"author":183,"featured_media":0,"parent":0,"menu_order":0,"comment_status":"closed","ping_status":"closed","template":"","meta":{"footnotes":""},"class_list":["post-5093","page","type-page","status-publish","hentry"],"_links":{"self":[{"href":"https:\/\/palmaequipmentrental.com\/de\/wp-json\/wp\/v2\/pages\/5093","targetHints":{"allow":["GET"]}}],"collection":[{"href":"https:\/\/palmaequipmentrental.com\/de\/wp-json\/wp\/v2\/pages"}],"about":[{"href":"https:\/\/palmaequipmentrental.com\/de\/wp-json\/wp\/v2\/types\/page"}],"author":[{"embeddable":true,"href":"https:\/\/palmaequipmentrental.com\/de\/wp-json\/wp\/v2\/users\/183"}],"replies":[{"embeddable":true,"href":"https:\/\/palmaequipmentrental.com\/de\/wp-json\/wp\/v2\/comments?post=5093"}],"version-history":[{"count":3,"href":"https:\/\/palmaequipmentrental.com\/de\/wp-json\/wp\/v2\/pages\/5093\/revisions"}],"predecessor-version":[{"id":13141,"href":"https:\/\/palmaequipmentrental.com\/de\/wp-json\/wp\/v2\/pages\/5093\/revisions\/13141"}],"wp:attachment":[{"href":"https:\/\/palmaequipmentrental.com\/de\/wp-json\/wp\/v2\/media?parent=5093"}],"curies":[{"name":"wp","href":"https:\/\/api.w.org\/{rel}","templated":true}]}}