{"id":10052,"date":"2022-07-18T11:15:55","date_gmt":"2022-07-18T11:15:55","guid":{"rendered":"https:\/\/www.palmaequipmentrental.com\/?post_type=product&#038;p=10052"},"modified":"2025-06-13T14:46:17","modified_gmt":"2025-06-13T14:46:17","slug":"eizo-monitor-cg246-2","status":"publish","type":"product","link":"https:\/\/palmaequipmentrental.com\/de\/photo-video-equipment-mallorca\/eizo-monitor-cg246-2\/","title":{"rendered":"Eizo Monitor CG246"},"content":{"rendered":"<p>Unser <strong>Eizo ColorEdge CG246 Monitor<\/strong> liefert hervorragende Farben und Leistung f\u00fcr professionelle Anwender, die mit Standbildern oder bewegten Bildern arbeiten. \u00a0Er verf\u00fcgt \u00fcber eine gro\u00dfe Farbskala, einen integrierten Kalibrierungssensor und mehrere Voreinstellungen f\u00fcr Broadcast-Standards.<\/p>\n<p>Kann mit unserer Monitorbefestigung auch auf einem St\u00e4nder montiert werden.<\/p>\n<p><strong>Native Aufl\u00f6sung:<\/strong><\/p>\n<ul>\n<li>DisplayPort, DVI: 1920 x 1200 (Seitenverh\u00e4ltnis 16:10),<\/li>\n<li>HDMI: 1920 x 1080 (16:9-Seitenverh\u00e4ltnis)<\/li>\n<\/ul>\n<p><strong>Videosignal-Eingangsanschl\u00fcsse:\u00a0\u00a0<\/strong><\/p>\n<ul>\n<li>DVI-I 29-polig<\/li>\n<li>DisplayPort<\/li>\n<li>HDMI<\/li>\n<\/ul>\n<p><strong>Merkmale<\/strong><\/p>\n<ul>\n<li>Gr\u00f6\u00dfe 24,1&#8243; \/ 61 cm (611 mm Diagonale)<\/li>\n<li>Abmessungen (ohne Standfu\u00df, B x H x T) 575 x 398 x 75 mm<\/li>\n<li>Nettogewicht 9,9 kg \/ 21.8 lbs<\/li>\n<\/ul>\n","protected":false},"excerpt":{"rendered":"<p>Unser Eizo ColorEdge CG246 Monitor liefert hervorragende Farben und Leistung f\u00fcr professionelle Anwender, die mit Standbildern oder bewegten Bildern arbeiten. \u00a0Er verf\u00fcgt \u00fcber eine gro\u00dfe Farbskala, einen integrierten Kalibrierungssensor und mehrere Voreinstellungen f\u00fcr Broadcast-Standards. Kann mit unserer Monitorbefestigung auch auf einem St\u00e4nder montiert werden. Native Aufl\u00f6sung: DisplayPort, DVI: 1920 x 1200 (Seitenverh\u00e4ltnis 16:10), HDMI: 1920 x 1080 (16:9-Seitenverh\u00e4ltnis) Videosignal-Eingangsanschl\u00fcsse:\u00a0\u00a0 DVI-I [&hellip;]<\/p>\n","protected":false},"featured_media":10046,"template":"","meta":[],"product_cat":[132],"product_tag":[],"class_list":{"0":"post-10052","1":"product","2":"type-product","3":"status-publish","4":"has-post-thumbnail","6":"product_cat-monitore","8":"first","9":"instock","10":"shipping-taxable","11":"purchasable","12":"product-type-simple"},"_links":{"self":[{"href":"https:\/\/palmaequipmentrental.com\/de\/wp-json\/wp\/v2\/product\/10052","targetHints":{"allow":["GET"]}}],"collection":[{"href":"https:\/\/palmaequipmentrental.com\/de\/wp-json\/wp\/v2\/product"}],"about":[{"href":"https:\/\/palmaequipmentrental.com\/de\/wp-json\/wp\/v2\/types\/product"}],"wp:featuredmedia":[{"embeddable":true,"href":"https:\/\/palmaequipmentrental.com\/de\/wp-json\/wp\/v2\/media\/10046"}],"wp:attachment":[{"href":"https:\/\/palmaequipmentrental.com\/de\/wp-json\/wp\/v2\/media?parent=10052"}],"wp:term":[{"taxonomy":"product_cat","embeddable":true,"href":"https:\/\/palmaequipmentrental.com\/de\/wp-json\/wp\/v2\/product_cat?post=10052"},{"taxonomy":"product_tag","embeddable":true,"href":"https:\/\/palmaequipmentrental.com\/de\/wp-json\/wp\/v2\/product_tag?post=10052"}],"curies":[{"name":"wp","href":"https:\/\/api.w.org\/{rel}","templated":true}]}}