{"id":10068,"date":"2022-07-18T11:48:47","date_gmt":"2022-07-18T11:48:47","guid":{"rendered":"https:\/\/www.palmaequipmentrental.com\/product\/monitor-attachement-for-stand\/"},"modified":"2024-01-11T11:07:25","modified_gmt":"2024-01-11T11:07:25","slug":"monitor-attachement-for-stand","status":"publish","type":"product","link":"https:\/\/palmaequipmentrental.com\/de\/photo-video-equipment-mallorca\/monitor-attachement-for-stand\/","title":{"rendered":"Vesa-Monitorhalterung"},"content":{"rendered":"<p>Die <strong>Tethertools Rock Solid VESA-Studiomonitorhalterung<\/strong> f\u00fcr Stative h\u00e4lt Monitore bis zu 35,5 kg (80 lbs) und kann mit dem standardm\u00e4\u00dfigen 5\/8\u2033(16 mm) Baby\/Junior-Pin an g\u00e4ngigen C-Stativen und Leuchtenstativen befestigt werden. Die VESA-konforme Halterung ist aus Luftfahrt-Aluminium gefertigt und verf\u00fcgt \u00fcber zwei 5\/8\u2033-Bolzen f\u00fcr die Montage im Hoch- oder Querformat. Die VESA-Studiomonitorhalterung verf\u00fcgt au\u00dferdem \u00fcber zwei 5\/8&#8243;-Zubeh\u00f6raufnahmen, um kompatible Arme, Halterungen und Zubeh\u00f6r an der Oberseite der VESA-Studiomonitorhalterung anzubringen. Die praktische Tru Vu Technologie verhindert, dass sich der Monitor bewegt oder durchh\u00e4ngt, und dank des Verriegelungsgelenks l\u00e4sst sich die VESA Studio Monitorhalterung f\u00fcr einen einfachen und sicheren Transport zusammenklappen.<\/p>\n<p><strong>Spezifikationen:<\/strong><\/p>\n<ul>\n<li>Maximale Tragf\u00e4higkeit &#8211; 36.5kg \/ 80lbs<\/li>\n<li>Befestigung an 5\/8\u2033(16mm) Baby Junior Pin, der sich an Griffst\u00e4ndern, Armen und Klemmen befindet<\/li>\n<li>VESA-kompatibel mit 75x75mm und 100x100mm Monitoren<\/li>\n<li>Kann zwei 5\/8\u2033-Zubeh\u00f6rarme oder Halterungen aufnehmen.<\/li>\n<li>Monitor-Neigung \u00b190\u00b0<\/li>\n<li>Monitore k\u00f6nnen leicht vom Quer- ins Hochformat gedreht werden<\/li>\n<li>Gewicht: 0.75kg \/ 1.67lbs<\/li>\n<li>Tiefe: 19cm \/ 7.4\u2033<\/li>\n<\/ul>\n","protected":false},"excerpt":{"rendered":"<p>Die Tethertools Rock Solid VESA-Studiomonitorhalterung f\u00fcr Stative h\u00e4lt Monitore bis zu 35,5 kg (80 lbs) und kann mit dem standardm\u00e4\u00dfigen 5\/8\u2033(16 mm) Baby\/Junior-Pin an g\u00e4ngigen C-Stativen und Leuchtenstativen befestigt werden. Die VESA-konforme Halterung ist aus Luftfahrt-Aluminium gefertigt und verf\u00fcgt \u00fcber zwei 5\/8\u2033-Bolzen f\u00fcr die Montage im Hoch- oder Querformat. Die VESA-Studiomonitorhalterung verf\u00fcgt au\u00dferdem \u00fcber zwei 5\/8&#8243;-Zubeh\u00f6raufnahmen, um kompatible Arme, Halterungen [&hellip;]<\/p>\n","protected":false},"featured_media":10066,"template":"","meta":[],"product_cat":[132],"product_tag":[],"class_list":{"0":"post-10068","1":"product","2":"type-product","3":"status-publish","4":"has-post-thumbnail","6":"product_cat-monitore","8":"first","9":"instock","10":"shipping-taxable","11":"purchasable","12":"product-type-simple"},"_links":{"self":[{"href":"https:\/\/palmaequipmentrental.com\/de\/wp-json\/wp\/v2\/product\/10068","targetHints":{"allow":["GET"]}}],"collection":[{"href":"https:\/\/palmaequipmentrental.com\/de\/wp-json\/wp\/v2\/product"}],"about":[{"href":"https:\/\/palmaequipmentrental.com\/de\/wp-json\/wp\/v2\/types\/product"}],"wp:featuredmedia":[{"embeddable":true,"href":"https:\/\/palmaequipmentrental.com\/de\/wp-json\/wp\/v2\/media\/10066"}],"wp:attachment":[{"href":"https:\/\/palmaequipmentrental.com\/de\/wp-json\/wp\/v2\/media?parent=10068"}],"wp:term":[{"taxonomy":"product_cat","embeddable":true,"href":"https:\/\/palmaequipmentrental.com\/de\/wp-json\/wp\/v2\/product_cat?post=10068"},{"taxonomy":"product_tag","embeddable":true,"href":"https:\/\/palmaequipmentrental.com\/de\/wp-json\/wp\/v2\/product_tag?post=10068"}],"curies":[{"name":"wp","href":"https:\/\/api.w.org\/{rel}","templated":true}]}}