{"id":10087,"date":"2022-07-19T08:56:31","date_gmt":"2022-07-19T08:56:31","guid":{"rendered":"https:\/\/www.palmaequipmentrental.com\/?post_type=product&#038;p=10087"},"modified":"2022-08-05T11:33:46","modified_gmt":"2022-08-05T11:33:46","slug":"mamiya-rz67-pro-ii-body","status":"publish","type":"product","link":"https:\/\/palmaequipmentrental.com\/de\/photo-video-equipment-mallorca\/mamiya-rz67-pro-ii-body\/","title":{"rendered":"Mamiya RZ67 PRO II Geh\u00e4use"},"content":{"rendered":"<p>Unser <strong>Mamiya RZ67 PRO II Geh\u00e4use<\/strong> beinhaltet einen<strong> Fernrohrsucher und einen Kameragurt<\/strong>.<br \/>\nAnaloge Mittelformat-Spiegelreflexkamera f\u00fcr den gehobenen professionellen Einsatz.<\/p>\n<ul>\n<li>6&#215;7-Format f\u00fcr ultimative Bildqualit\u00e4t, maximale Vergr\u00f6\u00dferungs- und Zuschneidem\u00f6glichkeiten<\/li>\n<li>Drehbarer R\u00fcckteilmechanismus f\u00fcr m\u00fcheloses Drehen von vertikalen zu horizontalen Kompositionen<\/li>\n<li>Balgenfokussierung f\u00fcr einfaches Fokussieren und Arbeiten im Nahbereich<\/li>\n<li>Alle Objektive haben Leaf Shutter f\u00fcr Blitzsynchronisation bei allen Verschlusszeiten von B bis 1\/400s<\/li>\n<li>Einfache Spiegelvorausl\u00f6sung und Mehrfachbelichtung<\/li>\n<li>Elektronisch getaktete Verschlusszeiten mit RZ-Objektiven f\u00fcr maximale Belichtungskonstanz<\/li>\n<li>Verwendet eine PX28 \/ 4LR44-Batterie oder eine gleichwertige Batterie (im Lieferumfang enthalten)<\/li>\n<li>Vollst\u00e4ndig modulares System: austauschbare Einstellscheiben, Sucher, R\u00fcckteile und Objektive<\/li>\n<\/ul>\n","protected":false},"excerpt":{"rendered":"<p>Unser Mamiya RZ67 PRO II Geh\u00e4use beinhaltet einen Fernrohrsucher und einen Kameragurt. Analoge Mittelformat-Spiegelreflexkamera f\u00fcr den gehobenen professionellen Einsatz. 6&#215;7-Format f\u00fcr ultimative Bildqualit\u00e4t, maximale Vergr\u00f6\u00dferungs- und Zuschneidem\u00f6glichkeiten Drehbarer R\u00fcckteilmechanismus f\u00fcr m\u00fcheloses Drehen von vertikalen zu horizontalen Kompositionen Balgenfokussierung f\u00fcr einfaches Fokussieren und Arbeiten im Nahbereich Alle Objektive haben Leaf Shutter f\u00fcr Blitzsynchronisation bei allen Verschlusszeiten von B bis 1\/400s Einfache [&hellip;]<\/p>\n","protected":false},"featured_media":10091,"template":"","meta":[],"product_cat":[469],"product_tag":[],"class_list":{"0":"post-10087","1":"product","2":"type-product","3":"status-publish","4":"has-post-thumbnail","6":"product_cat-analog","8":"first","9":"instock","10":"shipping-taxable","11":"purchasable","12":"product-type-simple"},"_links":{"self":[{"href":"https:\/\/palmaequipmentrental.com\/de\/wp-json\/wp\/v2\/product\/10087","targetHints":{"allow":["GET"]}}],"collection":[{"href":"https:\/\/palmaequipmentrental.com\/de\/wp-json\/wp\/v2\/product"}],"about":[{"href":"https:\/\/palmaequipmentrental.com\/de\/wp-json\/wp\/v2\/types\/product"}],"wp:featuredmedia":[{"embeddable":true,"href":"https:\/\/palmaequipmentrental.com\/de\/wp-json\/wp\/v2\/media\/10091"}],"wp:attachment":[{"href":"https:\/\/palmaequipmentrental.com\/de\/wp-json\/wp\/v2\/media?parent=10087"}],"wp:term":[{"taxonomy":"product_cat","embeddable":true,"href":"https:\/\/palmaequipmentrental.com\/de\/wp-json\/wp\/v2\/product_cat?post=10087"},{"taxonomy":"product_tag","embeddable":true,"href":"https:\/\/palmaequipmentrental.com\/de\/wp-json\/wp\/v2\/product_tag?post=10087"}],"curies":[{"name":"wp","href":"https:\/\/api.w.org\/{rel}","templated":true}]}}