{"id":10136,"date":"2022-07-19T13:12:44","date_gmt":"2022-07-19T13:12:44","guid":{"rendered":"https:\/\/www.palmaequipmentrental.com\/product\/mamiya-winder-ii\/"},"modified":"2022-08-08T10:57:33","modified_gmt":"2022-08-08T10:57:33","slug":"mamiya-winder-ii","status":"publish","type":"product","link":"https:\/\/palmaequipmentrental.com\/de\/photo-video-equipment-mallorca\/mamiya-winder-ii\/","title":{"rendered":"Mamiya Winder II"},"content":{"rendered":"<p><strong>Mamiya Power Winder II<\/strong> f\u00fcr die Mittelformatkamera Mamiya RZ Pro II.<\/p>\n<p>Der Mamiya Winder RZ befreit den Fotografen von der Notwendigkeit, den Filmtransport-\/Verschluss-Spannmechanismus manuell zu bet\u00e4tigen. So kann sich der Fotograf ganz auf das Motiv konzentrieren, w\u00e4hrend der Winder die Film-, Verschluss- und Spiegeleinstellungen \u00fcbernimmt.<\/p>\n","protected":false},"excerpt":{"rendered":"<p>Mamiya Power Winder II f\u00fcr die Mittelformatkamera Mamiya RZ Pro II. Der Mamiya Winder RZ befreit den Fotografen von der Notwendigkeit, den Filmtransport-\/Verschluss-Spannmechanismus manuell zu bet\u00e4tigen. So kann sich der Fotograf ganz auf das Motiv konzentrieren, w\u00e4hrend der Winder die Film-, Verschluss- und Spiegeleinstellungen \u00fcbernimmt.<\/p>\n","protected":false},"featured_media":10134,"template":"","meta":[],"product_cat":[469],"product_tag":[],"class_list":{"0":"post-10136","1":"product","2":"type-product","3":"status-publish","4":"has-post-thumbnail","6":"product_cat-analog","8":"first","9":"instock","10":"shipping-taxable","11":"purchasable","12":"product-type-simple"},"_links":{"self":[{"href":"https:\/\/palmaequipmentrental.com\/de\/wp-json\/wp\/v2\/product\/10136","targetHints":{"allow":["GET"]}}],"collection":[{"href":"https:\/\/palmaequipmentrental.com\/de\/wp-json\/wp\/v2\/product"}],"about":[{"href":"https:\/\/palmaequipmentrental.com\/de\/wp-json\/wp\/v2\/types\/product"}],"wp:featuredmedia":[{"embeddable":true,"href":"https:\/\/palmaequipmentrental.com\/de\/wp-json\/wp\/v2\/media\/10134"}],"wp:attachment":[{"href":"https:\/\/palmaequipmentrental.com\/de\/wp-json\/wp\/v2\/media?parent=10136"}],"wp:term":[{"taxonomy":"product_cat","embeddable":true,"href":"https:\/\/palmaequipmentrental.com\/de\/wp-json\/wp\/v2\/product_cat?post=10136"},{"taxonomy":"product_tag","embeddable":true,"href":"https:\/\/palmaequipmentrental.com\/de\/wp-json\/wp\/v2\/product_tag?post=10136"}],"curies":[{"name":"wp","href":"https:\/\/api.w.org\/{rel}","templated":true}]}}