{"id":10150,"date":"2022-07-20T07:26:16","date_gmt":"2022-07-20T07:26:16","guid":{"rendered":"https:\/\/www.palmaequipmentrental.com\/?post_type=product&#038;p=10150"},"modified":"2022-08-08T11:13:13","modified_gmt":"2022-08-08T11:13:13","slug":"mamiya-rz67-pro-ii-120-film-back","status":"publish","type":"product","link":"https:\/\/palmaequipmentrental.com\/de\/photo-video-equipment-mallorca\/mamiya-rz67-pro-ii-120-film-back\/","title":{"rendered":"Mamiya RZ67 Pro II 120 Film Back"},"content":{"rendered":"<p><strong>Mamiya RZ67 Pro II 120 Filmhalter Back<\/strong> f\u00fcr die analoge Mittelformatkamera Mamiya RZ Pro II.<\/p>\n<p>Dieses R\u00fcckteil f\u00fcr das Mamiya RZ67 System verwendet 120er Rollfilm und passt auf 10 Bilder pro Rolle. Das R\u00fcckteil ist vollst\u00e4ndig mit dem Kamerageh\u00e4use gekoppelt, \u00fcbertr\u00e4gt Informationen zur ISO-Einstellung und wird von der RZ-Kameramechanik automatisch weitergeschaltet (Mehrfachbelichtung durch die Kamera m\u00f6glich). Es handelt sich um ein komplettes R\u00fcckteil, das aus drei Teilen besteht: der \u00e4u\u00dferen Schale, die an der Kamera befestigt wird, dem 120er Einsatz, der den Film aufnimmt, und einem Darkslide. Um eine versehentliche Filmbelichtung zu verhindern, rastet der Darkslide ein, wenn das R\u00fcckteil aus der Kamera entfernt wird, und das R\u00fcckteil kann nicht aus der Kamera entfernt werden, ohne dass der Darkslide den Film sch\u00fctzt. Das R\u00fcckteil l\u00e4sst sich um 90\u00b0 drehen, um schnell und einfach zu vertikalen Kompositionen wechseln zu k\u00f6nnen. Die Version II ist au\u00dferdem mit zwei Bildz\u00e4hlern ausgestattet (ein oben montierter f\u00fcr horizontale, ein seitlich montierter f\u00fcr vertikale Aufnahmen), um die Sichtbarkeit zu verbessern.<\/p>\n<p><strong>Merkmale<\/strong><\/p>\n<ul>\n<li>Zehn Bilder im Format 6&#215;7 pro Rolle<\/li>\n<li>Eingebauter Darkslide-Halter verhindert den Verlust des Darkslides w\u00e4hrend der Aufnahme<\/li>\n<li>Verriegelung des Darkslide verhindert versehentliche Belichtung des Films<\/li>\n<li>In der Mitte der Rolle von der Kamera abnehmbar und anbringbar<\/li>\n<li>Einfacher Schnellspannhebel mit Sicherheitsverschluss<\/li>\n<li>Integriertes ISO-Einstellrad \u00fcbertr\u00e4gt die Filmempfindlichkeit auf den Prismensucher der Kamera\/AE<\/li>\n<li>Eingebauter Halter f\u00fcr Filmdose oben<\/li>\n<li>Der Bildvorschub wird durch die Mechanismen des Kamerageh\u00e4uses gesteuert<\/li>\n<li>Um 90 Grad drehbar f\u00fcr einfache vertikale Aufnahmen<\/li>\n<li>Zwei Bildz\u00e4hler: einer f\u00fcr horizontale Aufnahmen, einer f\u00fcr vertikale Aufnahmen<\/li>\n<\/ul>\n","protected":false},"excerpt":{"rendered":"<p>Mamiya RZ67 Pro II 120 Filmhalter Back f\u00fcr die analoge Mittelformatkamera Mamiya RZ Pro II. Dieses R\u00fcckteil f\u00fcr das Mamiya RZ67 System verwendet 120er Rollfilm und passt auf 10 Bilder pro Rolle. Das R\u00fcckteil ist vollst\u00e4ndig mit dem Kamerageh\u00e4use gekoppelt, \u00fcbertr\u00e4gt Informationen zur ISO-Einstellung und wird von der RZ-Kameramechanik automatisch weitergeschaltet (Mehrfachbelichtung durch die Kamera m\u00f6glich). Es handelt sich um [&hellip;]<\/p>\n","protected":false},"featured_media":10148,"template":"","meta":[],"product_cat":[469],"product_tag":[],"class_list":{"0":"post-10150","1":"product","2":"type-product","3":"status-publish","4":"has-post-thumbnail","6":"product_cat-analog","8":"first","9":"instock","10":"shipping-taxable","11":"purchasable","12":"product-type-simple"},"_links":{"self":[{"href":"https:\/\/palmaequipmentrental.com\/de\/wp-json\/wp\/v2\/product\/10150","targetHints":{"allow":["GET"]}}],"collection":[{"href":"https:\/\/palmaequipmentrental.com\/de\/wp-json\/wp\/v2\/product"}],"about":[{"href":"https:\/\/palmaequipmentrental.com\/de\/wp-json\/wp\/v2\/types\/product"}],"wp:featuredmedia":[{"embeddable":true,"href":"https:\/\/palmaequipmentrental.com\/de\/wp-json\/wp\/v2\/media\/10148"}],"wp:attachment":[{"href":"https:\/\/palmaequipmentrental.com\/de\/wp-json\/wp\/v2\/media?parent=10150"}],"wp:term":[{"taxonomy":"product_cat","embeddable":true,"href":"https:\/\/palmaequipmentrental.com\/de\/wp-json\/wp\/v2\/product_cat?post=10150"},{"taxonomy":"product_tag","embeddable":true,"href":"https:\/\/palmaequipmentrental.com\/de\/wp-json\/wp\/v2\/product_tag?post=10150"}],"curies":[{"name":"wp","href":"https:\/\/api.w.org\/{rel}","templated":true}]}}