{"id":10157,"date":"2022-07-20T08:15:00","date_gmt":"2022-07-20T08:15:00","guid":{"rendered":"https:\/\/www.palmaequipmentrental.com\/?post_type=product&#038;p=10157"},"modified":"2022-08-08T11:17:39","modified_gmt":"2022-08-08T11:17:39","slug":"mamiya-rz67-polaroid-back","status":"publish","type":"product","link":"https:\/\/palmaequipmentrental.com\/de\/photo-video-equipment-mallorca\/mamiya-rz67-polaroid-back\/","title":{"rendered":"Mamiya RZ67 Polaroid Back"},"content":{"rendered":"<p>Das <strong>Mamiya Polaroid Film Back<\/strong> erm\u00f6glicht 68x68mm Sofortbilder mit der Mamiya RZ Pro II Mittelformatkamera.<\/p>\n<ul>\n<li>Das Polaroid-R\u00fcckteil verwendet Standard-Polaroid-Filme im Format 3,25 x 4,25&#8243;.<\/li>\n<li>Enth\u00e4lt auch einen Filmempfindlichkeitsregler (ISO 25 bis 6400)<\/li>\n<\/ul>\n","protected":false},"excerpt":{"rendered":"<p>Das Mamiya Polaroid Film Back erm\u00f6glicht 68x68mm Sofortbilder mit der Mamiya RZ Pro II Mittelformatkamera. Das Polaroid-R\u00fcckteil verwendet Standard-Polaroid-Filme im Format 3,25 x 4,25&#8243;. Enth\u00e4lt auch einen Filmempfindlichkeitsregler (ISO 25 bis 6400)<\/p>\n","protected":false},"featured_media":10155,"template":"","meta":[],"product_cat":[469],"product_tag":[],"class_list":{"0":"post-10157","1":"product","2":"type-product","3":"status-publish","4":"has-post-thumbnail","6":"product_cat-analog","8":"first","9":"instock","10":"shipping-taxable","11":"purchasable","12":"product-type-simple"},"_links":{"self":[{"href":"https:\/\/palmaequipmentrental.com\/de\/wp-json\/wp\/v2\/product\/10157","targetHints":{"allow":["GET"]}}],"collection":[{"href":"https:\/\/palmaequipmentrental.com\/de\/wp-json\/wp\/v2\/product"}],"about":[{"href":"https:\/\/palmaequipmentrental.com\/de\/wp-json\/wp\/v2\/types\/product"}],"wp:featuredmedia":[{"embeddable":true,"href":"https:\/\/palmaequipmentrental.com\/de\/wp-json\/wp\/v2\/media\/10155"}],"wp:attachment":[{"href":"https:\/\/palmaequipmentrental.com\/de\/wp-json\/wp\/v2\/media?parent=10157"}],"wp:term":[{"taxonomy":"product_cat","embeddable":true,"href":"https:\/\/palmaequipmentrental.com\/de\/wp-json\/wp\/v2\/product_cat?post=10157"},{"taxonomy":"product_tag","embeddable":true,"href":"https:\/\/palmaequipmentrental.com\/de\/wp-json\/wp\/v2\/product_tag?post=10157"}],"curies":[{"name":"wp","href":"https:\/\/api.w.org\/{rel}","templated":true}]}}