{"id":10172,"date":"2022-07-20T09:07:15","date_gmt":"2022-07-20T09:07:15","guid":{"rendered":"https:\/\/www.palmaequipmentrental.com\/?post_type=product&#038;p=10172"},"modified":"2022-08-05T11:33:45","modified_gmt":"2022-08-05T11:33:45","slug":"apple-multi-adaptor-usb-c-to-av-digital","status":"publish","type":"product","link":"https:\/\/palmaequipmentrental.com\/de\/photo-video-equipment-mallorca\/apple-multi-adaptor-usb-c-to-av-digital\/","title":{"rendered":"Apple USB\u2011C Digital AV Multiport Adapter"},"content":{"rendered":"<p>Mit dem <strong>USB\u2011C Digital AV Multiport Adapter<\/strong> kannst du deinen Mac oder dein iPad mit USB\u2011C Anschluss an ein HDMI Display und gleichzeitig auch ein g\u00e4ngiges USB Ger\u00e4t und ein USB\u2011C Ladekabel anschlie\u00dfen.<\/p>\n<p>Der Adapter l\u00e4sst dich dein Mac oder iPad Display auf HDMI f\u00e4hige Fernseher oder Displays spiegeln.<\/p>\n<p><strong>Verbindungen<\/strong><\/p>\n<ul>\n<li>HDMI<\/li>\n<li>USB<\/li>\n<li>USB-C<\/li>\n<\/ul>\n","protected":false},"excerpt":{"rendered":"<p>Mit dem USB\u2011C Digital AV Multiport Adapter kannst du deinen Mac oder dein iPad mit USB\u2011C Anschluss an ein HDMI Display und gleichzeitig auch ein g\u00e4ngiges USB Ger\u00e4t und ein USB\u2011C Ladekabel anschlie\u00dfen. Der Adapter l\u00e4sst dich dein Mac oder iPad Display auf HDMI f\u00e4hige Fernseher oder Displays spiegeln. Verbindungen HDMI USB USB-C<\/p>\n","protected":false},"featured_media":10170,"template":"","meta":[],"product_cat":[131],"product_tag":[],"class_list":{"0":"post-10172","1":"product","2":"type-product","3":"status-publish","4":"has-post-thumbnail","6":"product_cat-digitale-zubehor","8":"first","9":"instock","10":"shipping-taxable","11":"purchasable","12":"product-type-simple"},"_links":{"self":[{"href":"https:\/\/palmaequipmentrental.com\/de\/wp-json\/wp\/v2\/product\/10172","targetHints":{"allow":["GET"]}}],"collection":[{"href":"https:\/\/palmaequipmentrental.com\/de\/wp-json\/wp\/v2\/product"}],"about":[{"href":"https:\/\/palmaequipmentrental.com\/de\/wp-json\/wp\/v2\/types\/product"}],"wp:featuredmedia":[{"embeddable":true,"href":"https:\/\/palmaequipmentrental.com\/de\/wp-json\/wp\/v2\/media\/10170"}],"wp:attachment":[{"href":"https:\/\/palmaequipmentrental.com\/de\/wp-json\/wp\/v2\/media?parent=10172"}],"wp:term":[{"taxonomy":"product_cat","embeddable":true,"href":"https:\/\/palmaequipmentrental.com\/de\/wp-json\/wp\/v2\/product_cat?post=10172"},{"taxonomy":"product_tag","embeddable":true,"href":"https:\/\/palmaequipmentrental.com\/de\/wp-json\/wp\/v2\/product_tag?post=10172"}],"curies":[{"name":"wp","href":"https:\/\/api.w.org\/{rel}","templated":true}]}}