{"id":10291,"date":"2022-07-22T08:06:07","date_gmt":"2022-07-22T08:06:07","guid":{"rendered":"https:\/\/www.palmaequipmentrental.com\/?post_type=product&#038;p=10291"},"modified":"2025-10-03T10:38:25","modified_gmt":"2025-10-03T10:38:25","slug":"buehnengewicht-fuer-ez-up","status":"publish","type":"product","link":"https:\/\/palmaequipmentrental.com\/de\/photo-video-equipment-mallorca\/buehnengewicht-fuer-ez-up\/","title":{"rendered":"B\u00fchnengewicht f\u00fcr EZ Up"},"content":{"rendered":"<p data-start=\"1774\" data-end=\"2133\">Das B\u00fchnengewicht f\u00fcr EZ Up Zelte ist ein robustes Ballastgewicht, das tempor\u00e4ren Strukturen auf Sets oder bei Events Stabilit\u00e4t und Sicherheit verleiht. Erh\u00e4ltlich zur Miete bei Palma Equipment Rental, sichern diese Gewichte EZ Up Pavillons, Faltzelte und \u00e4hnliche mobile Unterst\u00e4nde und verhindern Bewegungen oder Umkippen durch Wind oder unebene Fl\u00e4chen.<\/p>\n<ul data-start=\"2135\" data-end=\"2563\">\n<li data-start=\"2135\" data-end=\"2185\">\n<p data-start=\"2137\" data-end=\"2185\">Schweres B\u00fchnengewicht f\u00fcr EZ Up und Faltzelte<\/p>\n<\/li>\n<li data-start=\"2186\" data-end=\"2239\">\n<p data-start=\"2188\" data-end=\"2239\">Langlebige Konstruktion f\u00fcr zuverl\u00e4ssigen Einsatz<\/p>\n<\/li>\n<li data-start=\"2240\" data-end=\"2316\">\n<p data-start=\"2242\" data-end=\"2316\">Sorgt f\u00fcr Stabilit\u00e4t und Sicherheit bei Wind oder in belebten Umgebungen<\/p>\n<\/li>\n<li data-start=\"2317\" data-end=\"2395\">\n<p data-start=\"2319\" data-end=\"2395\">Kompaktes, stapelbares Design f\u00fcr einfachen Transport und schnellen Aufbau<\/p>\n<\/li>\n<li data-start=\"2396\" data-end=\"2476\">\n<p data-start=\"2398\" data-end=\"2476\">Unverzichtbar f\u00fcr Filmsets, Werbeproduktionen, Outdoor-Events und Hochzeiten<\/p>\n<\/li>\n<li data-start=\"2477\" data-end=\"2563\">\n<p data-start=\"2479\" data-end=\"2563\">In verschiedenen Gewichtsklassen erh\u00e4ltlich \u2013 passend zu Zeltgr\u00f6\u00dfe und Bedingungen<\/p>\n<\/li>\n<\/ul>\n<p data-start=\"2565\" data-end=\"2789\">B\u00fchnengewichte sind ein unverzichtbares Sicherheitselement bei Produktionen im Freien. Durch die sichere Verankerung von EZ Up Zelten k\u00f6nnen Crews unbesorgt arbeiten und wissen, dass Personal und Ausr\u00fcstung gesch\u00fctzt sind.<\/p>\n<p data-start=\"2791\" data-end=\"3181\">Palma Equipment Rental liefert B\u00fchnengewichte f\u00fcr EZ Up Pavillons vollst\u00e4ndig gepr\u00fcft aus unserem <strong data-start=\"2889\" data-end=\"2919\">Lager in Palma de Mallorca<\/strong>, einsatzbereit f\u00fcr Produktionen und Events auf Mallorca und den Balearen. Von <strong data-start=\"2998\" data-end=\"3078\">Film- und Werbedrehs \u00fcber Modenschauen bis hin zu Hochzeiten und Live-Events<\/strong> bieten diese Gewichte eine zuverl\u00e4ssige L\u00f6sung, um tempor\u00e4re Strukturen stabil und sicher zu halten.<\/p>\n","protected":false},"excerpt":{"rendered":"<p>Das B\u00fchnengewicht f\u00fcr EZ Up Zelte ist ein robustes Ballastgewicht, das tempor\u00e4ren Strukturen auf Sets oder bei Events Stabilit\u00e4t und Sicherheit verleiht. Erh\u00e4ltlich zur Miete bei Palma Equipment Rental, sichern diese Gewichte EZ Up Pavillons, Faltzelte und \u00e4hnliche mobile Unterst\u00e4nde und verhindern Bewegungen oder Umkippen durch Wind oder unebene Fl\u00e4chen. Schweres B\u00fchnengewicht f\u00fcr EZ Up und Faltzelte Langlebige Konstruktion f\u00fcr [&hellip;]<\/p>\n","protected":false},"featured_media":15210,"template":"","meta":[],"product_cat":[125],"product_tag":[],"class_list":{"0":"post-10291","1":"product","2":"type-product","3":"status-publish","4":"has-post-thumbnail","6":"product_cat-produktion-de","8":"first","9":"instock","10":"shipping-taxable","11":"purchasable","12":"product-type-simple"},"_links":{"self":[{"href":"https:\/\/palmaequipmentrental.com\/de\/wp-json\/wp\/v2\/product\/10291","targetHints":{"allow":["GET"]}}],"collection":[{"href":"https:\/\/palmaequipmentrental.com\/de\/wp-json\/wp\/v2\/product"}],"about":[{"href":"https:\/\/palmaequipmentrental.com\/de\/wp-json\/wp\/v2\/types\/product"}],"wp:featuredmedia":[{"embeddable":true,"href":"https:\/\/palmaequipmentrental.com\/de\/wp-json\/wp\/v2\/media\/15210"}],"wp:attachment":[{"href":"https:\/\/palmaequipmentrental.com\/de\/wp-json\/wp\/v2\/media?parent=10291"}],"wp:term":[{"taxonomy":"product_cat","embeddable":true,"href":"https:\/\/palmaequipmentrental.com\/de\/wp-json\/wp\/v2\/product_cat?post=10291"},{"taxonomy":"product_tag","embeddable":true,"href":"https:\/\/palmaequipmentrental.com\/de\/wp-json\/wp\/v2\/product_tag?post=10291"}],"curies":[{"name":"wp","href":"https:\/\/api.w.org\/{rel}","templated":true}]}}