{"id":10643,"date":"2022-08-08T09:55:23","date_gmt":"2022-08-08T09:55:23","guid":{"rendered":"https:\/\/www.palmaequipmentrental.com\/?post_type=product&#038;p=10643"},"modified":"2022-08-08T09:59:55","modified_gmt":"2022-08-08T09:59:55","slug":"black-pro-mist-1-4-82mm","status":"publish","type":"product","link":"https:\/\/palmaequipmentrental.com\/de\/photo-video-equipment-mallorca\/black-pro-mist-1-4-82mm\/","title":{"rendered":"Black Pro-Mist 1\/4\u00a082mm"},"content":{"rendered":"<p><strong>Tiffen Schwarz Pro-Mist 1\/4 82mm<\/strong><\/p>\n<p>Der Tiffen Black Pro-Mist Filter liefert einen Lichthof-Effekt, der eine angenehme Tiefe der W\u00e4rme hinzuf\u00fcgt, aber nicht auf die Hauttonwerte \u00fcbertragen wird. Er tr\u00e4gt dazu bei, den Wert der Spitzlichter zu reduzieren, w\u00e4hrend der Gesamtkontrast leicht gesenkt wird. Dieser Filter ist besonders n\u00fctzlich, um Gesichtsfalten und andere Unreinheiten zu gl\u00e4tten und abzumildern. Im Gegensatz zu herk\u00f6mmlichen Diffusions- oder Weichzeichnerfiltern sorgen Pro-Mist-Filter f\u00fcr einen geringen Detailverlust im gesamten Bild.<\/p>\n<ul>\n<li>82mm<\/li>\n<li>Reduziert Spitzlichter und senkt den Kontrast<\/li>\n<li>Mildert Falten und Unreinheiten<\/li>\n<li>Erzeugt eine weiche Lichtqualit\u00e4t<\/li>\n<li>ColorCore-Technologie<\/li>\n<li>Bietet alle Vorteile des Pro-Mist-Filters in einer subtileren Form.<\/li>\n<li>Lichterscheinungen werden kontrolliert.<\/li>\n<li>Der Kontrast wird gesenkt, aber die Schatten werden weniger aufgehellt, so dass ein sanfterer Effekt entsteht.<\/li>\n<li>Erzeugt einen weichen &#8222;Pastell&#8220;-Effekt<\/li>\n<li>Zarter Effekt mit kontrolliertem Lichterstreuungseffekt<\/li>\n<\/ul>\n","protected":false},"excerpt":{"rendered":"<p>Tiffen Schwarz Pro-Mist 1\/4 82mm Der Tiffen Black Pro-Mist Filter liefert einen Lichthof-Effekt, der eine angenehme Tiefe der W\u00e4rme hinzuf\u00fcgt, aber nicht auf die Hauttonwerte \u00fcbertragen wird. Er tr\u00e4gt dazu bei, den Wert der Spitzlichter zu reduzieren, w\u00e4hrend der Gesamtkontrast leicht gesenkt wird. Dieser Filter ist besonders n\u00fctzlich, um Gesichtsfalten und andere Unreinheiten zu gl\u00e4tten und abzumildern. Im Gegensatz zu [&hellip;]<\/p>\n","protected":false},"featured_media":10641,"template":"","meta":[],"product_cat":[445,404],"product_tag":[],"class_list":{"0":"post-10643","1":"product","2":"type-product","3":"status-publish","4":"has-post-thumbnail","6":"product_cat-filter-adapter-ringe","7":"product_cat-filter","9":"first","10":"instock","11":"shipping-taxable","12":"purchasable","13":"product-type-simple"},"_links":{"self":[{"href":"https:\/\/palmaequipmentrental.com\/de\/wp-json\/wp\/v2\/product\/10643","targetHints":{"allow":["GET"]}}],"collection":[{"href":"https:\/\/palmaequipmentrental.com\/de\/wp-json\/wp\/v2\/product"}],"about":[{"href":"https:\/\/palmaequipmentrental.com\/de\/wp-json\/wp\/v2\/types\/product"}],"wp:featuredmedia":[{"embeddable":true,"href":"https:\/\/palmaequipmentrental.com\/de\/wp-json\/wp\/v2\/media\/10641"}],"wp:attachment":[{"href":"https:\/\/palmaequipmentrental.com\/de\/wp-json\/wp\/v2\/media?parent=10643"}],"wp:term":[{"taxonomy":"product_cat","embeddable":true,"href":"https:\/\/palmaequipmentrental.com\/de\/wp-json\/wp\/v2\/product_cat?post=10643"},{"taxonomy":"product_tag","embeddable":true,"href":"https:\/\/palmaequipmentrental.com\/de\/wp-json\/wp\/v2\/product_tag?post=10643"}],"curies":[{"name":"wp","href":"https:\/\/api.w.org\/{rel}","templated":true}]}}