{"id":10752,"date":"2022-08-11T10:29:21","date_gmt":"2022-08-11T10:29:21","guid":{"rendered":"https:\/\/www.palmaequipmentrental.com\/?post_type=product&#038;p=10752"},"modified":"2022-08-11T12:03:27","modified_gmt":"2022-08-11T12:03:27","slug":"20x20-grifflon-b-w","status":"publish","type":"product","link":"https:\/\/palmaequipmentrental.com\/de\/photo-video-equipment-mallorca\/20x20-grifflon-b-w\/","title":{"rendered":"20&#215;20&#8242; Grifflon S\/W"},"content":{"rendered":"<p>20&#215;20&#8242; Schwarz\/wei\u00dfer Griffolyn-Stoff<\/p>\n<p>610x610cm wasserdichtes Tuch mit Rahmenb\u00e4ndern.<\/p>\n<p>Lichtabsorbierendes Schwarz auf einer Seite &#8211; reflektierendes Wei\u00df auf der anderen.<\/p>\n","protected":false},"excerpt":{"rendered":"<p>20&#215;20&#8242; Schwarz\/wei\u00dfer Griffolyn-Stoff 610x610cm wasserdichtes Tuch mit Rahmenb\u00e4ndern. Lichtabsorbierendes Schwarz auf einer Seite &#8211; reflektierendes Wei\u00df auf der anderen.<\/p>\n","protected":false},"featured_media":10355,"template":"","meta":[],"product_cat":[814,820],"product_tag":[],"class_list":{"0":"post-10752","1":"product","2":"type-product","3":"status-publish","4":"has-post-thumbnail","6":"product_cat-20x20-butterfly-v-de","7":"product_cat-20x20-butterfly-de","9":"first","10":"instock","11":"shipping-taxable","12":"purchasable","13":"product-type-simple"},"_links":{"self":[{"href":"https:\/\/palmaequipmentrental.com\/de\/wp-json\/wp\/v2\/product\/10752","targetHints":{"allow":["GET"]}}],"collection":[{"href":"https:\/\/palmaequipmentrental.com\/de\/wp-json\/wp\/v2\/product"}],"about":[{"href":"https:\/\/palmaequipmentrental.com\/de\/wp-json\/wp\/v2\/types\/product"}],"wp:featuredmedia":[{"embeddable":true,"href":"https:\/\/palmaequipmentrental.com\/de\/wp-json\/wp\/v2\/media\/10355"}],"wp:attachment":[{"href":"https:\/\/palmaequipmentrental.com\/de\/wp-json\/wp\/v2\/media?parent=10752"}],"wp:term":[{"taxonomy":"product_cat","embeddable":true,"href":"https:\/\/palmaequipmentrental.com\/de\/wp-json\/wp\/v2\/product_cat?post=10752"},{"taxonomy":"product_tag","embeddable":true,"href":"https:\/\/palmaequipmentrental.com\/de\/wp-json\/wp\/v2\/product_tag?post=10752"}],"curies":[{"name":"wp","href":"https:\/\/api.w.org\/{rel}","templated":true}]}}