{"id":10782,"date":"2022-08-11T12:16:07","date_gmt":"2022-08-11T12:16:07","guid":{"rendered":"https:\/\/www.palmaequipmentrental.com\/?post_type=product&#038;p=10782"},"modified":"2022-08-11T12:36:24","modified_gmt":"2022-08-11T12:36:24","slug":"20x20-ultrabounce","status":"publish","type":"product","link":"https:\/\/palmaequipmentrental.com\/de\/photo-video-equipment-mallorca\/20x20-ultrabounce\/","title":{"rendered":"20&#215;20&#8242; Ultrabounce"},"content":{"rendered":"<p><strong>20&#215;20&#8242; Ultrabounce Stoff Wei\u00df\/Schwarz (610x610cm).<\/strong><\/p>\n<ul>\n<li>Wei\u00dfe Seite f\u00fcr Bounce<\/li>\n<li>Schwarze Seite f\u00fcr die Lichtabsorption<\/li>\n<\/ul>\n","protected":false},"excerpt":{"rendered":"<p>20&#215;20&#8242; Ultrabounce Stoff Wei\u00df\/Schwarz (610x610cm). Wei\u00dfe Seite f\u00fcr Bounce Schwarze Seite f\u00fcr die Lichtabsorption<\/p>\n","protected":false},"featured_media":8990,"template":"","meta":[],"product_cat":[820,814],"product_tag":[],"class_list":{"0":"post-10782","1":"product","2":"type-product","3":"status-publish","4":"has-post-thumbnail","6":"product_cat-20x20-butterfly-de","7":"product_cat-20x20-butterfly-v-de","9":"first","10":"instock","11":"shipping-taxable","12":"purchasable","13":"product-type-simple"},"_links":{"self":[{"href":"https:\/\/palmaequipmentrental.com\/de\/wp-json\/wp\/v2\/product\/10782","targetHints":{"allow":["GET"]}}],"collection":[{"href":"https:\/\/palmaequipmentrental.com\/de\/wp-json\/wp\/v2\/product"}],"about":[{"href":"https:\/\/palmaequipmentrental.com\/de\/wp-json\/wp\/v2\/types\/product"}],"wp:featuredmedia":[{"embeddable":true,"href":"https:\/\/palmaequipmentrental.com\/de\/wp-json\/wp\/v2\/media\/8990"}],"wp:attachment":[{"href":"https:\/\/palmaequipmentrental.com\/de\/wp-json\/wp\/v2\/media?parent=10782"}],"wp:term":[{"taxonomy":"product_cat","embeddable":true,"href":"https:\/\/palmaequipmentrental.com\/de\/wp-json\/wp\/v2\/product_cat?post=10782"},{"taxonomy":"product_tag","embeddable":true,"href":"https:\/\/palmaequipmentrental.com\/de\/wp-json\/wp\/v2\/product_tag?post=10782"}],"curies":[{"name":"wp","href":"https:\/\/api.w.org\/{rel}","templated":true}]}}