{"id":10815,"date":"2022-08-12T12:13:52","date_gmt":"2022-08-12T12:13:52","guid":{"rendered":"https:\/\/www.palmaequipmentrental.com\/product\/8x8-grifflon-b-w\/"},"modified":"2022-08-12T12:35:17","modified_gmt":"2022-08-12T12:35:17","slug":"8x8-grifflon-b-w","status":"publish","type":"product","link":"https:\/\/palmaequipmentrental.com\/de\/photo-video-equipment-mallorca\/8x8-grifflon-b-w\/","title":{"rendered":"8&#215;8&#8242; Grifflon S\/W"},"content":{"rendered":"<p><strong>8&#215;8&#8242; Schwarz\/Wei\u00dfer Griffolyn-Stoff<\/strong><\/p>\n<p>240 x 240cm wasserdichtes Tuch mit Rahmenb\u00e4ndern f\u00fcr 8&#215;8&#8242; Rahmen.<\/p>\n<p>Lichtabsorbierendes Schwarz auf einer Seite &#8211; reflektierendes Wei\u00df auf der anderen.<\/p>\n","protected":false},"excerpt":{"rendered":"<p>8&#215;8&#8242; Schwarz\/Wei\u00dfer Griffolyn-Stoff 240 x 240cm wasserdichtes Tuch mit Rahmenb\u00e4ndern f\u00fcr 8&#215;8&#8242; Rahmen. Lichtabsorbierendes Schwarz auf einer Seite &#8211; reflektierendes Wei\u00df auf der anderen.<\/p>\n","protected":false},"featured_media":10355,"template":"","meta":[],"product_cat":[818,825],"product_tag":[],"class_list":{"0":"post-10815","1":"product","2":"type-product","3":"status-publish","4":"has-post-thumbnail","6":"product_cat-8x8-butterfly-v-de","7":"product_cat-8x8-butterfly-de","9":"first","10":"instock","11":"shipping-taxable","12":"purchasable","13":"product-type-simple"},"_links":{"self":[{"href":"https:\/\/palmaequipmentrental.com\/de\/wp-json\/wp\/v2\/product\/10815","targetHints":{"allow":["GET"]}}],"collection":[{"href":"https:\/\/palmaequipmentrental.com\/de\/wp-json\/wp\/v2\/product"}],"about":[{"href":"https:\/\/palmaequipmentrental.com\/de\/wp-json\/wp\/v2\/types\/product"}],"wp:featuredmedia":[{"embeddable":true,"href":"https:\/\/palmaequipmentrental.com\/de\/wp-json\/wp\/v2\/media\/10355"}],"wp:attachment":[{"href":"https:\/\/palmaequipmentrental.com\/de\/wp-json\/wp\/v2\/media?parent=10815"}],"wp:term":[{"taxonomy":"product_cat","embeddable":true,"href":"https:\/\/palmaequipmentrental.com\/de\/wp-json\/wp\/v2\/product_cat?post=10815"},{"taxonomy":"product_tag","embeddable":true,"href":"https:\/\/palmaequipmentrental.com\/de\/wp-json\/wp\/v2\/product_tag?post=10815"}],"curies":[{"name":"wp","href":"https:\/\/api.w.org\/{rel}","templated":true}]}}