{"id":10823,"date":"2022-08-12T12:44:33","date_gmt":"2022-08-12T12:44:33","guid":{"rendered":"https:\/\/www.palmaequipmentrental.com\/?post_type=product&#038;p=10823"},"modified":"2025-08-05T11:14:48","modified_gmt":"2025-08-05T11:14:48","slug":"renault-master-l3h3-van","status":"publish","type":"product","link":"https:\/\/palmaequipmentrental.com\/de\/photo-video-equipment-mallorca\/renault-master-l3h3-van\/","title":{"rendered":"Van Renault Master L3H3 14.8m3"},"content":{"rendered":"<p><strong>Renault Master L3H3 Van<\/strong><\/p>\n<ul>\n<li style=\"list-style-type: none;\">\n<ul>\n<li>Volumen: 14,8m\u00b3<\/li>\n<li>Innere Breite: 1.765m<\/li>\n<li>Innere L\u00e4nge: 3,7 m<\/li>\n<li>Ladekapazit\u00e4t: 1427Kg<\/li>\n<li>Fahrer muss \u00fcber 25 Jahre alt sein und mindestens 4 Jahre F\u00fchrerschein besitzen<\/li>\n<li>Vollkaskoversicherung mit einer Selbstbeteiligung von 350\u20ac pro Schadensfall<\/li>\n<li>Sicheres Parken \u00fcber Nacht inklusive<\/li>\n<li>Diesel nicht inbegriffen<\/li>\n<\/ul>\n<\/li>\n<\/ul>\n<p><a href=\"https:\/\/youtu.be\/OS1oPKzYdDs\">Check our video!<\/a><\/p>\n","protected":false},"excerpt":{"rendered":"<p>Renault Master L3H3 Van Volumen: 14,8m\u00b3 Innere Breite: 1.765m Innere L\u00e4nge: 3,7 m Ladekapazit\u00e4t: 1427Kg Fahrer muss \u00fcber 25 Jahre alt sein und mindestens 4 Jahre F\u00fchrerschein besitzen Vollkaskoversicherung mit einer Selbstbeteiligung von 350\u20ac pro Schadensfall Sicheres Parken \u00fcber Nacht inklusive Diesel nicht inbegriffen Check our video!<\/p>\n","protected":false},"featured_media":10831,"template":"","meta":[],"product_cat":[125],"product_tag":[],"class_list":{"0":"post-10823","1":"product","2":"type-product","3":"status-publish","4":"has-post-thumbnail","6":"product_cat-produktion-de","8":"first","9":"instock","10":"featured","11":"shipping-taxable","12":"purchasable","13":"product-type-simple"},"_links":{"self":[{"href":"https:\/\/palmaequipmentrental.com\/de\/wp-json\/wp\/v2\/product\/10823","targetHints":{"allow":["GET"]}}],"collection":[{"href":"https:\/\/palmaequipmentrental.com\/de\/wp-json\/wp\/v2\/product"}],"about":[{"href":"https:\/\/palmaequipmentrental.com\/de\/wp-json\/wp\/v2\/types\/product"}],"wp:featuredmedia":[{"embeddable":true,"href":"https:\/\/palmaequipmentrental.com\/de\/wp-json\/wp\/v2\/media\/10831"}],"wp:attachment":[{"href":"https:\/\/palmaequipmentrental.com\/de\/wp-json\/wp\/v2\/media?parent=10823"}],"wp:term":[{"taxonomy":"product_cat","embeddable":true,"href":"https:\/\/palmaequipmentrental.com\/de\/wp-json\/wp\/v2\/product_cat?post=10823"},{"taxonomy":"product_tag","embeddable":true,"href":"https:\/\/palmaequipmentrental.com\/de\/wp-json\/wp\/v2\/product_tag?post=10823"}],"curies":[{"name":"wp","href":"https:\/\/api.w.org\/{rel}","templated":true}]}}