{"id":10855,"date":"2022-08-16T09:16:58","date_gmt":"2022-08-16T09:16:58","guid":{"rendered":"https:\/\/www.palmaequipmentrental.com\/product\/8x8-unbleached-muslin\/"},"modified":"2022-08-16T09:20:51","modified_gmt":"2022-08-16T09:20:51","slug":"8x8-unbleached-muslin","status":"publish","type":"product","link":"https:\/\/palmaequipmentrental.com\/de\/photo-video-equipment-mallorca\/8x8-unbleached-muslin\/","title":{"rendered":"8X8&#8242; Ungebleichter Musselin"},"content":{"rendered":"<p><strong>240x240cm Ungebleichter Musselin<\/strong> mit Rahmenb\u00e4ndern f\u00fcr 8&#215;8&#8242; Rahmen.<\/p>\n<p>Bietet eine weiche Diffusion mit einem w\u00e4rmeren Ton als der gebleichte Musselin.<\/p>\n","protected":false},"excerpt":{"rendered":"<p>240x240cm Ungebleichter Musselin mit Rahmenb\u00e4ndern f\u00fcr 8&#215;8&#8242; Rahmen. Bietet eine weiche Diffusion mit einem w\u00e4rmeren Ton als der gebleichte Musselin.<\/p>\n","protected":false},"featured_media":10362,"template":"","meta":[],"product_cat":[818,825],"product_tag":[],"class_list":{"0":"post-10855","1":"product","2":"type-product","3":"status-publish","4":"has-post-thumbnail","6":"product_cat-8x8-butterfly-v-de","7":"product_cat-8x8-butterfly-de","9":"first","10":"instock","11":"shipping-taxable","12":"purchasable","13":"product-type-simple"},"_links":{"self":[{"href":"https:\/\/palmaequipmentrental.com\/de\/wp-json\/wp\/v2\/product\/10855","targetHints":{"allow":["GET"]}}],"collection":[{"href":"https:\/\/palmaequipmentrental.com\/de\/wp-json\/wp\/v2\/product"}],"about":[{"href":"https:\/\/palmaequipmentrental.com\/de\/wp-json\/wp\/v2\/types\/product"}],"wp:featuredmedia":[{"embeddable":true,"href":"https:\/\/palmaequipmentrental.com\/de\/wp-json\/wp\/v2\/media\/10362"}],"wp:attachment":[{"href":"https:\/\/palmaequipmentrental.com\/de\/wp-json\/wp\/v2\/media?parent=10855"}],"wp:term":[{"taxonomy":"product_cat","embeddable":true,"href":"https:\/\/palmaequipmentrental.com\/de\/wp-json\/wp\/v2\/product_cat?post=10855"},{"taxonomy":"product_tag","embeddable":true,"href":"https:\/\/palmaequipmentrental.com\/de\/wp-json\/wp\/v2\/product_tag?post=10855"}],"curies":[{"name":"wp","href":"https:\/\/api.w.org\/{rel}","templated":true}]}}