{"id":10901,"date":"2022-08-17T10:43:31","date_gmt":"2022-08-17T10:43:31","guid":{"rendered":"https:\/\/www.palmaequipmentrental.com\/product\/bounce-board-1x1m-black-white\/"},"modified":"2023-01-31T18:38:42","modified_gmt":"2023-01-31T18:38:42","slug":"bounce-board-1x1m-black-white","status":"publish","type":"product","link":"https:\/\/palmaequipmentrental.com\/de\/photo-video-equipment-mallorca\/bounce-board-1x1m-black-white\/","title":{"rendered":"Bounce Board 1x1m Schwarz\/Wei\u00df"},"content":{"rendered":"<p><strong>Bounceboard 1x1m Schwarz\/Wei\u00df<\/strong><\/p>\n<p>Leichtes Polystyrol-Board mit 2 Reflektorfl\u00e4chen:<\/p>\n<ul>\n<li>Schwarz<\/li>\n<li>Wei\u00df<\/li>\n<\/ul>\n","protected":false},"excerpt":{"rendered":"<p>Bounceboard 1x1m Schwarz\/Wei\u00df Leichtes Polystyrol-Board mit 2 Reflektorfl\u00e4chen: Schwarz Wei\u00df<\/p>\n","protected":false},"featured_media":10899,"template":"","meta":[],"product_cat":[725,164],"product_tag":[],"class_list":{"0":"post-10901","1":"product","2":"type-product","3":"status-publish","4":"has-post-thumbnail","6":"product_cat-reflektoren-de-2","7":"product_cat-reflektoren-de","9":"first","10":"instock","11":"shipping-taxable","12":"purchasable","13":"product-type-simple"},"_links":{"self":[{"href":"https:\/\/palmaequipmentrental.com\/de\/wp-json\/wp\/v2\/product\/10901","targetHints":{"allow":["GET"]}}],"collection":[{"href":"https:\/\/palmaequipmentrental.com\/de\/wp-json\/wp\/v2\/product"}],"about":[{"href":"https:\/\/palmaequipmentrental.com\/de\/wp-json\/wp\/v2\/types\/product"}],"wp:featuredmedia":[{"embeddable":true,"href":"https:\/\/palmaequipmentrental.com\/de\/wp-json\/wp\/v2\/media\/10899"}],"wp:attachment":[{"href":"https:\/\/palmaequipmentrental.com\/de\/wp-json\/wp\/v2\/media?parent=10901"}],"wp:term":[{"taxonomy":"product_cat","embeddable":true,"href":"https:\/\/palmaequipmentrental.com\/de\/wp-json\/wp\/v2\/product_cat?post=10901"},{"taxonomy":"product_tag","embeddable":true,"href":"https:\/\/palmaequipmentrental.com\/de\/wp-json\/wp\/v2\/product_tag?post=10901"}],"curies":[{"name":"wp","href":"https:\/\/api.w.org\/{rel}","templated":true}]}}