{"id":11085,"date":"2022-08-31T12:10:48","date_gmt":"2022-08-31T12:10:48","guid":{"rendered":"https:\/\/www.palmaequipmentrental.com\/?post_type=product&#038;p=11085"},"modified":"2024-01-14T12:42:14","modified_gmt":"2024-01-14T12:42:14","slug":"aputure-ls-1200d-pro","status":"publish","type":"product","link":"https:\/\/palmaequipmentrental.com\/de\/photo-video-equipment-mallorca\/aputure-ls-1200d-pro\/","title":{"rendered":"Aputure LS 1200D Pro"},"content":{"rendered":"<p>Unsere <strong>Aputure LS 1200d Pro COB LED Leuchte<\/strong> beinhaltet:<\/p>\n<ul>\n<li>LS 1200d Pro COB-LED-Leuchte<\/li>\n<li>LS 1200D Power Steuerger\u00e4t<\/li>\n<li>Blitzschutzklemme<\/li>\n<li>Hyper Reflektor Schmal<\/li>\n<li>Hyper-Reflektor Mittel<\/li>\n<li>Hyper-Reflektor Breit<\/li>\n<\/ul>\n<p>Der <strong>Light Storm 1200d Pro<\/strong> ist das hellste Ger\u00e4t in der Aputure Light Storm Produktreihe. Dieser leistungsstarke COB-LED-Scheinwerfer verf\u00fcgt \u00fcber 1200 W Led-Tageslicht und ist damit auf dem gleichen Niveau wie die HMI-Scheinwerfer des Industriestandards.<\/p>\n<p><strong>Spezifikationen:<\/strong><\/p>\n<ul>\n<li><strong>Leistung: 1200W<\/strong> Leistung vergleichbar mit einem 1600W HMI<\/li>\n<li>83.100+ Lux Output bei 3 Metern mit dem Hyper Reflector Narrow<\/li>\n<li>Farbtemperatur: 5600K<\/li>\n<li>Farbgenauigkeit: CRI 95 TLCI 95 CQS 96<\/li>\n<li>Dimmen: 0,1 bis 100% (kontinuierlich)<\/li>\n<li>Reflektorhalterung: Bowens S-Typ<\/li>\n<li>Halterung: 1-1\/8&#8243; Junior-Bolzen<\/li>\n<\/ul>\n","protected":false},"excerpt":{"rendered":"<p>Unsere Aputure LS 1200d Pro COB LED Leuchte beinhaltet: LS 1200d Pro COB-LED-Leuchte LS 1200D Power Steuerger\u00e4t Blitzschutzklemme Hyper Reflektor Schmal Hyper-Reflektor Mittel Hyper-Reflektor Breit Der Light Storm 1200d Pro ist das hellste Ger\u00e4t in der Aputure Light Storm Produktreihe. Dieser leistungsstarke COB-LED-Scheinwerfer verf\u00fcgt \u00fcber 1200 W Led-Tageslicht und ist damit auf dem gleichen Niveau wie die HMI-Scheinwerfer des Industriestandards. [&hellip;]<\/p>\n","protected":false},"featured_media":11083,"template":"","meta":[],"product_cat":[777,779],"product_tag":[],"class_list":{"0":"post-11085","1":"product","2":"type-product","3":"status-publish","4":"has-post-thumbnail","6":"product_cat-aputure-beleuchtung-v","7":"product_cat-aputure-beleuchtung","9":"first","10":"instock","11":"shipping-taxable","12":"purchasable","13":"product-type-simple"},"_links":{"self":[{"href":"https:\/\/palmaequipmentrental.com\/de\/wp-json\/wp\/v2\/product\/11085","targetHints":{"allow":["GET"]}}],"collection":[{"href":"https:\/\/palmaequipmentrental.com\/de\/wp-json\/wp\/v2\/product"}],"about":[{"href":"https:\/\/palmaequipmentrental.com\/de\/wp-json\/wp\/v2\/types\/product"}],"wp:featuredmedia":[{"embeddable":true,"href":"https:\/\/palmaequipmentrental.com\/de\/wp-json\/wp\/v2\/media\/11083"}],"wp:attachment":[{"href":"https:\/\/palmaequipmentrental.com\/de\/wp-json\/wp\/v2\/media?parent=11085"}],"wp:term":[{"taxonomy":"product_cat","embeddable":true,"href":"https:\/\/palmaequipmentrental.com\/de\/wp-json\/wp\/v2\/product_cat?post=11085"},{"taxonomy":"product_tag","embeddable":true,"href":"https:\/\/palmaequipmentrental.com\/de\/wp-json\/wp\/v2\/product_tag?post=11085"}],"curies":[{"name":"wp","href":"https:\/\/api.w.org\/{rel}","templated":true}]}}