{"id":11123,"date":"2022-09-05T12:13:21","date_gmt":"2022-09-05T12:13:21","guid":{"rendered":"https:\/\/www.palmaequipmentrental.com\/product\/aputure-barn-doors-ls-300x\/"},"modified":"2022-10-27T07:41:18","modified_gmt":"2022-10-27T07:41:18","slug":"aputure-barn-doors-ls-300x","status":"publish","type":"product","link":"https:\/\/palmaequipmentrental.com\/de\/photo-video-equipment-mallorca\/aputure-barn-doors-ls-300x\/","title":{"rendered":"Aputure Fl\u00fcgeltore LS 300X"},"content":{"rendered":"<p><strong>Aputure Fl\u00fcgeltore, Gitter und Gel-Halter<\/strong> f\u00fcr LS 300x LED-Leuchte (APR0117D6N).<\/p>\n<p>Das 4-Wege-Tor-Design erm\u00f6glicht es, ein bis vier Bl\u00e4tter in den Lichtstrahl zu schwenken, um die gew\u00fcnschten Bereiche zu beleuchten, w\u00e4hrend das Licht von Bereichen ferngehalten wird, in denen Sie es nicht w\u00fcnschen.<\/p>\n<ul>\n<li>4-Wege-Fl\u00fcgeltore<\/li>\n<li>Magnetische Gel-Halterung<\/li>\n<li>30-Grad-Wabenraster<\/li>\n<\/ul>\n","protected":false},"excerpt":{"rendered":"<p>Aputure Fl\u00fcgeltore, Gitter und Gel-Halter f\u00fcr LS 300x LED-Leuchte (APR0117D6N). Das 4-Wege-Tor-Design erm\u00f6glicht es, ein bis vier Bl\u00e4tter in den Lichtstrahl zu schwenken, um die gew\u00fcnschten Bereiche zu beleuchten, w\u00e4hrend das Licht von Bereichen ferngehalten wird, in denen Sie es nicht w\u00fcnschen. 4-Wege-Fl\u00fcgeltore Magnetische Gel-Halterung 30-Grad-Wabenraster<\/p>\n","protected":false},"featured_media":11121,"template":"","meta":[],"product_cat":[773,775],"product_tag":[],"class_list":{"0":"post-11123","1":"product","2":"type-product","3":"status-publish","4":"has-post-thumbnail","6":"product_cat-aputure-lichtformer-v","7":"product_cat-aputure-lichtformer","9":"first","10":"instock","11":"shipping-taxable","12":"purchasable","13":"product-type-simple"},"_links":{"self":[{"href":"https:\/\/palmaequipmentrental.com\/de\/wp-json\/wp\/v2\/product\/11123","targetHints":{"allow":["GET"]}}],"collection":[{"href":"https:\/\/palmaequipmentrental.com\/de\/wp-json\/wp\/v2\/product"}],"about":[{"href":"https:\/\/palmaequipmentrental.com\/de\/wp-json\/wp\/v2\/types\/product"}],"wp:featuredmedia":[{"embeddable":true,"href":"https:\/\/palmaequipmentrental.com\/de\/wp-json\/wp\/v2\/media\/11121"}],"wp:attachment":[{"href":"https:\/\/palmaequipmentrental.com\/de\/wp-json\/wp\/v2\/media?parent=11123"}],"wp:term":[{"taxonomy":"product_cat","embeddable":true,"href":"https:\/\/palmaequipmentrental.com\/de\/wp-json\/wp\/v2\/product_cat?post=11123"},{"taxonomy":"product_tag","embeddable":true,"href":"https:\/\/palmaequipmentrental.com\/de\/wp-json\/wp\/v2\/product_tag?post=11123"}],"curies":[{"name":"wp","href":"https:\/\/api.w.org\/{rel}","templated":true}]}}