{"id":11135,"date":"2022-09-07T12:02:24","date_gmt":"2022-09-07T12:02:24","guid":{"rendered":"https:\/\/www.palmaequipmentrental.com\/product\/macbook-pro-m1-max-16\/"},"modified":"2022-09-07T12:41:55","modified_gmt":"2022-09-07T12:41:55","slug":"macbook-pro-m1-max-16","status":"publish","type":"product","link":"https:\/\/palmaequipmentrental.com\/de\/photo-video-equipment-mallorca\/macbook-pro-m1-max-16\/","title":{"rendered":"MacBook Pro M1 Max 16&#8243;"},"content":{"rendered":"<p><strong>Apple MacBook Pro M1 Max 16&#8243;<\/strong><\/p>\n<p>Mit Capture One 21, Photoshop, Lightroom.<\/p>\n<p><strong>Spezifikationen:<\/strong><\/p>\n<ul>\n<li>Prozessor: M1 Max mit 10 Core CPU, 32 Core GPU, 400GB\/s Bandbreite<\/li>\n<li>Arbeitsspeicher: 64 GB einheitlicher Speicher<\/li>\n<li>Speicher: 2TB SSD<\/li>\n<li>Anzeige:\u00a03456&#215;2234 Fl\u00fcssig-Retina XDR<\/li>\n<li>Bis zu drei externe Displays mit bis zu 6K<\/li>\n<\/ul>\n<p><strong>Anschl\u00fcsse:<\/strong><\/p>\n<ul>\n<li>SDXC-Kartensteckplatz<\/li>\n<li>HDMI-Anschluss<\/li>\n<li>3,5 mm Kopfh\u00f6reranschluss<\/li>\n<li>MagSafe 3-Anschluss<\/li>\n<li>Drei Thunderbolt 4 (USB-C)<\/li>\n<\/ul>\n","protected":false},"excerpt":{"rendered":"<p>Apple MacBook Pro M1 Max 16&#8243; Mit Capture One 21, Photoshop, Lightroom. Spezifikationen: Prozessor: M1 Max mit 10 Core CPU, 32 Core GPU, 400GB\/s Bandbreite Arbeitsspeicher: 64 GB einheitlicher Speicher Speicher: 2TB SSD Anzeige:\u00a03456&#215;2234 Fl\u00fcssig-Retina XDR Bis zu drei externe Displays mit bis zu 6K Anschl\u00fcsse: SDXC-Kartensteckplatz HDMI-Anschluss 3,5 mm Kopfh\u00f6reranschluss MagSafe 3-Anschluss Drei Thunderbolt 4 (USB-C)<\/p>\n","protected":false},"featured_media":11132,"template":"","meta":[],"product_cat":[130],"product_tag":[],"class_list":{"0":"post-11135","1":"product","2":"type-product","3":"status-publish","4":"has-post-thumbnail","6":"product_cat-computer","8":"first","9":"instock","10":"shipping-taxable","11":"purchasable","12":"product-type-simple"},"_links":{"self":[{"href":"https:\/\/palmaequipmentrental.com\/de\/wp-json\/wp\/v2\/product\/11135","targetHints":{"allow":["GET"]}}],"collection":[{"href":"https:\/\/palmaequipmentrental.com\/de\/wp-json\/wp\/v2\/product"}],"about":[{"href":"https:\/\/palmaequipmentrental.com\/de\/wp-json\/wp\/v2\/types\/product"}],"wp:featuredmedia":[{"embeddable":true,"href":"https:\/\/palmaequipmentrental.com\/de\/wp-json\/wp\/v2\/media\/11132"}],"wp:attachment":[{"href":"https:\/\/palmaequipmentrental.com\/de\/wp-json\/wp\/v2\/media?parent=11135"}],"wp:term":[{"taxonomy":"product_cat","embeddable":true,"href":"https:\/\/palmaequipmentrental.com\/de\/wp-json\/wp\/v2\/product_cat?post=11135"},{"taxonomy":"product_tag","embeddable":true,"href":"https:\/\/palmaequipmentrental.com\/de\/wp-json\/wp\/v2\/product_tag?post=11135"}],"curies":[{"name":"wp","href":"https:\/\/api.w.org\/{rel}","templated":true}]}}