{"id":11166,"date":"2022-09-16T12:06:05","date_gmt":"2022-09-16T12:06:05","guid":{"rendered":"https:\/\/www.palmaequipmentrental.com\/?post_type=product&#038;p=11166"},"modified":"2022-10-04T10:13:00","modified_gmt":"2022-10-04T10:13:00","slug":"makita-battery-charger","status":"publish","type":"product","link":"https:\/\/palmaequipmentrental.com\/de\/photo-video-equipment-mallorca\/makita-battery-charger\/","title":{"rendered":"Makita Ladeger\u00e4t"},"content":{"rendered":"<p><strong>Makita 18V LXT (DC18RC) Rapid Optimum Ladeger\u00e4t<\/strong> f\u00fcr Makita Windmaschinenakkus.<\/p>\n<p>L\u00e4dt einen 18V 5.0Ah Akku (BL1850B) in nur 45 Minuten.<\/p>\n","protected":false},"excerpt":{"rendered":"<p>Makita 18V LXT (DC18RC) Rapid Optimum Ladeger\u00e4t f\u00fcr Makita Windmaschinenakkus. L\u00e4dt einen 18V 5.0Ah Akku (BL1850B) in nur 45 Minuten.<\/p>\n","protected":false},"featured_media":11164,"template":"","meta":[],"product_cat":[147,179],"product_tag":[],"class_list":{"0":"post-11166","1":"product","2":"type-product","3":"status-publish","4":"has-post-thumbnail","6":"product_cat-wind-de","7":"product_cat-wind-de-2","9":"first","10":"instock","11":"shipping-taxable","12":"purchasable","13":"product-type-simple"},"_links":{"self":[{"href":"https:\/\/palmaequipmentrental.com\/de\/wp-json\/wp\/v2\/product\/11166","targetHints":{"allow":["GET"]}}],"collection":[{"href":"https:\/\/palmaequipmentrental.com\/de\/wp-json\/wp\/v2\/product"}],"about":[{"href":"https:\/\/palmaequipmentrental.com\/de\/wp-json\/wp\/v2\/types\/product"}],"wp:featuredmedia":[{"embeddable":true,"href":"https:\/\/palmaequipmentrental.com\/de\/wp-json\/wp\/v2\/media\/11164"}],"wp:attachment":[{"href":"https:\/\/palmaequipmentrental.com\/de\/wp-json\/wp\/v2\/media?parent=11166"}],"wp:term":[{"taxonomy":"product_cat","embeddable":true,"href":"https:\/\/palmaequipmentrental.com\/de\/wp-json\/wp\/v2\/product_cat?post=11166"},{"taxonomy":"product_tag","embeddable":true,"href":"https:\/\/palmaequipmentrental.com\/de\/wp-json\/wp\/v2\/product_tag?post=11166"}],"curies":[{"name":"wp","href":"https:\/\/api.w.org\/{rel}","templated":true}]}}