{"id":11188,"date":"2022-10-07T11:22:30","date_gmt":"2022-10-07T11:22:30","guid":{"rendered":"https:\/\/www.palmaequipmentrental.com\/product\/ocf-beauty-dish-white-2\/"},"modified":"2022-10-07T11:56:56","modified_gmt":"2022-10-07T11:56:56","slug":"ocf-beauty-dish-white-2","status":"publish","type":"product","link":"https:\/\/palmaequipmentrental.com\/de\/photo-video-equipment-mallorca\/ocf-beauty-dish-white-2\/","title":{"rendered":"OCF Beauty Dish Wei\u00df 2&#8242;"},"content":{"rendered":"<p><strong>Profoto OCF Beauty Dish Wei\u00df 2&#8242; (61cm).<\/strong><br \/>\nEin tragbarer Beauty Dish f\u00fcr Off-Camera-Blitzger\u00e4te mit 2&#8217;\/61cm Durchmesser.<\/p>\n<p>Unser OCF Beauty Dish wird geliefert mit:<\/p>\n<ul>\n<li><strong>OCF Speedring.<\/strong><\/li>\n<li><strong>Umlenkplatte.<\/strong><\/li>\n<li><strong>Optionaler Diffusor.<\/strong><\/li>\n<\/ul>\n<p>Der OCF Beauty Dish ist eine zusammenklappbare und tragbarere Version des klassischen Profoto Softlight-Reflektors. Er erzeugt ein cremiges und doch klares Licht, das oft als &#8222;Sch\u00f6nheitslicht&#8220; bezeichnet wird. Der wei\u00dfe Beauty Dish erzeugt ein weicheres und etwas gleichm\u00e4\u00dfigeres Licht als sein silbernes Gegenst\u00fcck.<\/p>\n<p><strong>Wichtig zu beachten:<\/strong><br \/>\nNur f\u00fcr Profoto Off-Camera-Blitzger\u00e4te mit LED-Einstelllicht empfohlen; B1X, B2 und das fr\u00fchere B1. Darf nicht mit D1 und D2 Monolights oder Standardk\u00f6pfen verwendet werden.<\/p>\n","protected":false},"excerpt":{"rendered":"<p>Profoto OCF Beauty Dish Wei\u00df 2&#8242; (61cm). Ein tragbarer Beauty Dish f\u00fcr Off-Camera-Blitzger\u00e4te mit 2&#8217;\/61cm Durchmesser. Unser OCF Beauty Dish wird geliefert mit: OCF Speedring. Umlenkplatte. Optionaler Diffusor. Der OCF Beauty Dish ist eine zusammenklappbare und tragbarere Version des klassischen Profoto Softlight-Reflektors. Er erzeugt ein cremiges und doch klares Licht, das oft als &#8222;Sch\u00f6nheitslicht&#8220; bezeichnet wird. Der wei\u00dfe Beauty Dish [&hellip;]<\/p>\n","protected":false},"featured_media":11185,"template":"","meta":[],"product_cat":[786,135],"product_tag":[],"class_list":{"0":"post-11188","1":"product","2":"type-product","3":"status-publish","4":"has-post-thumbnail","6":"product_cat-ocf-lichtformer","7":"product_cat-softboxen","9":"first","10":"instock","11":"shipping-taxable","12":"purchasable","13":"product-type-simple"},"_links":{"self":[{"href":"https:\/\/palmaequipmentrental.com\/de\/wp-json\/wp\/v2\/product\/11188","targetHints":{"allow":["GET"]}}],"collection":[{"href":"https:\/\/palmaequipmentrental.com\/de\/wp-json\/wp\/v2\/product"}],"about":[{"href":"https:\/\/palmaequipmentrental.com\/de\/wp-json\/wp\/v2\/types\/product"}],"wp:featuredmedia":[{"embeddable":true,"href":"https:\/\/palmaequipmentrental.com\/de\/wp-json\/wp\/v2\/media\/11185"}],"wp:attachment":[{"href":"https:\/\/palmaequipmentrental.com\/de\/wp-json\/wp\/v2\/media?parent=11188"}],"wp:term":[{"taxonomy":"product_cat","embeddable":true,"href":"https:\/\/palmaequipmentrental.com\/de\/wp-json\/wp\/v2\/product_cat?post=11188"},{"taxonomy":"product_tag","embeddable":true,"href":"https:\/\/palmaequipmentrental.com\/de\/wp-json\/wp\/v2\/product_tag?post=11188"}],"curies":[{"name":"wp","href":"https:\/\/api.w.org\/{rel}","templated":true}]}}