{"id":11197,"date":"2022-10-07T11:58:38","date_gmt":"2022-10-07T11:58:38","guid":{"rendered":"https:\/\/www.palmaequipmentrental.com\/product\/ocf-magnum-reflector\/"},"modified":"2022-10-13T11:39:07","modified_gmt":"2022-10-13T11:39:07","slug":"ocf-magnum-reflector","status":"publish","type":"product","link":"https:\/\/palmaequipmentrental.com\/de\/photo-video-equipment-mallorca\/ocf-magnum-reflector\/","title":{"rendered":"OCF Magnum Reflektor"},"content":{"rendered":"<p><strong>Profoto OCF Magnum Reflektor.<\/strong><br \/>\nEntwickelt, um die maximale Leistung von Profoto Flatfrontblitzen zu erreichen.<\/p>\n<p>Es ist eine gro\u00dfartige Option, wenn Sie vor Ort fotografieren. Sie k\u00f6nnen ihn mit Profoto-Einzelscheinwerfern verwenden, ohne die Hitzeeinschr\u00e4nkungen, die andere OCF-Tools betreffen.<br \/>\nEr erh\u00f6ht die effektive Lichtleistung um fast 2 Blendenstufen und bietet au\u00dferdem einen weiten Einstellbereich f\u00fcr den Abstrahlwinkel, der die M\u00f6glichkeiten der Lichtgestaltung noch erweitert.<\/p>\n<p><strong>Wichtig zu beachten:<\/strong><br \/>\nNur f\u00fcr Profoto Flat Front Lights empfohlen. Maximal 1000Ws Blitzleistung. Maximal 300 W Einstelllicht. Kann nicht mit ProHeads, Pro-B Heads, Acute\/D4 Heads oder AcuteB Heads verwendet werden.<\/p>\n<p><strong>Merkmale:<\/strong><\/p>\n<ul>\n<li>Bis zu 2 Blendenstufen mehr Lichtleistung.<\/li>\n<li>Erzeugt eine gleichm\u00e4\u00dfige Lichtverteilung mit sanftem Lichtabfall.<\/li>\n<li>Lichtverteilung einstellbar von 40-80\u2070 mit Profoto Monolights<\/li>\n<li>Zoomfunktion f\u00fcr die Einstellung der Lichtverteilung &#8211; formen Sie das Licht durch einfaches Hin- und Herschieben des<\/li>\n<li>Reflektors auf dem Kopf.<\/li>\n<li>Kompaktes und leichtes Design f\u00fcr den Einsatz vor Ort.<\/li>\n<\/ul>\n","protected":false},"excerpt":{"rendered":"<p>Profoto OCF Magnum Reflektor. Entwickelt, um die maximale Leistung von Profoto Flatfrontblitzen zu erreichen. Es ist eine gro\u00dfartige Option, wenn Sie vor Ort fotografieren. Sie k\u00f6nnen ihn mit Profoto-Einzelscheinwerfern verwenden, ohne die Hitzeeinschr\u00e4nkungen, die andere OCF-Tools betreffen. Er erh\u00f6ht die effektive Lichtleistung um fast 2 Blendenstufen und bietet au\u00dferdem einen weiten Einstellbereich f\u00fcr den Abstrahlwinkel, der die M\u00f6glichkeiten der Lichtgestaltung [&hellip;]<\/p>\n","protected":false},"featured_media":11194,"template":"","meta":[],"product_cat":[786],"product_tag":[],"class_list":{"0":"post-11197","1":"product","2":"type-product","3":"status-publish","4":"has-post-thumbnail","6":"product_cat-ocf-lichtformer","8":"first","9":"instock","10":"shipping-taxable","11":"purchasable","12":"product-type-simple"},"_links":{"self":[{"href":"https:\/\/palmaequipmentrental.com\/de\/wp-json\/wp\/v2\/product\/11197","targetHints":{"allow":["GET"]}}],"collection":[{"href":"https:\/\/palmaequipmentrental.com\/de\/wp-json\/wp\/v2\/product"}],"about":[{"href":"https:\/\/palmaequipmentrental.com\/de\/wp-json\/wp\/v2\/types\/product"}],"wp:featuredmedia":[{"embeddable":true,"href":"https:\/\/palmaequipmentrental.com\/de\/wp-json\/wp\/v2\/media\/11194"}],"wp:attachment":[{"href":"https:\/\/palmaequipmentrental.com\/de\/wp-json\/wp\/v2\/media?parent=11197"}],"wp:term":[{"taxonomy":"product_cat","embeddable":true,"href":"https:\/\/palmaequipmentrental.com\/de\/wp-json\/wp\/v2\/product_cat?post=11197"},{"taxonomy":"product_tag","embeddable":true,"href":"https:\/\/palmaequipmentrental.com\/de\/wp-json\/wp\/v2\/product_tag?post=11197"}],"curies":[{"name":"wp","href":"https:\/\/api.w.org\/{rel}","templated":true}]}}