{"id":11503,"date":"2022-10-18T11:37:10","date_gmt":"2022-10-18T11:37:11","guid":{"rendered":"https:\/\/www.palmaequipmentrental.com\/?post_type=product&#038;p=11503"},"modified":"2025-06-19T16:41:53","modified_gmt":"2025-06-19T16:41:53","slug":"np-akku-ladegerat","status":"publish","type":"product","link":"https:\/\/palmaequipmentrental.com\/de\/photo-video-equipment-mallorca\/np-akku-ladegerat\/","title":{"rendered":"NP Akku Ladeger\u00e4t"},"content":{"rendered":"<p><strong>Ladeger\u00e4t f\u00fcr Akkus der Sony &#8222;L-Serie&#8220; (NP-F)<\/strong> wie NP-F550, NP-F330, NP-F990, NP-F770 &amp; NP-F970.<\/p>\n<p>Kompatibel mit Ger\u00e4ten, die Sony NP-F-Akkus verwenden, wie das Hollyland 400S Pro.<\/p>\n","protected":false},"excerpt":{"rendered":"<p>Ladeger\u00e4t f\u00fcr Akkus der Sony &#8222;L-Serie&#8220; (NP-F) wie NP-F550, NP-F330, NP-F990, NP-F770 &amp; NP-F970. Kompatibel mit Ger\u00e4ten, die Sony NP-F-Akkus verwenden, wie das Hollyland 400S Pro.<\/p>\n","protected":false},"featured_media":11506,"template":"","meta":[],"product_cat":[441,391],"product_tag":[],"class_list":{"0":"post-11503","1":"product","2":"type-product","3":"status-publish","4":"has-post-thumbnail","6":"product_cat-batterien-ladegeraet","7":"product_cat-batteries-ladegeraete","9":"first","10":"instock","11":"shipping-taxable","12":"purchasable","13":"product-type-simple"},"_links":{"self":[{"href":"https:\/\/palmaequipmentrental.com\/de\/wp-json\/wp\/v2\/product\/11503","targetHints":{"allow":["GET"]}}],"collection":[{"href":"https:\/\/palmaequipmentrental.com\/de\/wp-json\/wp\/v2\/product"}],"about":[{"href":"https:\/\/palmaequipmentrental.com\/de\/wp-json\/wp\/v2\/types\/product"}],"wp:featuredmedia":[{"embeddable":true,"href":"https:\/\/palmaequipmentrental.com\/de\/wp-json\/wp\/v2\/media\/11506"}],"wp:attachment":[{"href":"https:\/\/palmaequipmentrental.com\/de\/wp-json\/wp\/v2\/media?parent=11503"}],"wp:term":[{"taxonomy":"product_cat","embeddable":true,"href":"https:\/\/palmaequipmentrental.com\/de\/wp-json\/wp\/v2\/product_cat?post=11503"},{"taxonomy":"product_tag","embeddable":true,"href":"https:\/\/palmaequipmentrental.com\/de\/wp-json\/wp\/v2\/product_tag?post=11503"}],"curies":[{"name":"wp","href":"https:\/\/api.w.org\/{rel}","templated":true}]}}