{"id":11517,"date":"2022-10-25T12:20:46","date_gmt":"2022-10-25T12:20:46","guid":{"rendered":"https:\/\/www.palmaequipmentrental.com\/?post_type=product&#038;p=11517"},"modified":"2025-08-05T12:21:02","modified_gmt":"2025-08-05T12:21:02","slug":"hollyland-mars-400s-pro-kit","status":"publish","type":"product","link":"https:\/\/palmaequipmentrental.com\/de\/photo-video-equipment-mallorca\/hollyland-mars-400s-pro-kit\/","title":{"rendered":"Hollyland Mars 400S Pro Kit"},"content":{"rendered":"<p>Unser <strong>Hollyland Mars 400 Pro Funk\u00fcbertragungs-Kit<\/strong> enth\u00e4lt:<\/p>\n<ul>\n<li>1x Hollyland Mars 400 Pro-Empf\u00e4nger<\/li>\n<li>1x Hollyland Mars 400 Pro Sender<\/li>\n<li>4x Hollyland Mars 400 Pro Antennen<\/li>\n<li>2x Sony Akku NP-F550<\/li>\n<li>2x Akku-Ladeger\u00e4t f\u00fcr Sony F550<\/li>\n<li>1x HyperThin HDMI auf HDMI Kabel<\/li>\n<\/ul>\n<p>\u00dcbertragen Sie drahtlos Videos mit bis zu 1080p 60 von Ihrem Gimbal, spiegellosen oder DSLR-Kamera-Rig \u00fcber HDMI und SDI mit einer extrem niedrigen Latenzzeit von 0,1s und einer Sichtverbindung von bis zu 122m (400&#8242;) an Ihre \u00dcberwachungsausr\u00fcstung.<\/p>\n<p><strong>Merkmale:<\/strong><\/p>\n<ul>\n<li>\u00dcbertr\u00e4gt bis zu 1080p60 SDI- oder HDMI-Video<\/li>\n<li>400&#8242; (122m) Line-of-Sight-\u00dcbertragung zum Empf\u00e4nger, 300&#8242; zur App<\/li>\n<li>Echtzeit-App-\u00dcberwachung und Live-Streaming \u00fcber die HollyView-App<\/li>\n<li>Gleichzeitige \u00dcbertragung zu zwei Empf\u00e4ngern, zu einem Empf\u00e4nger und zwei Apps oder zu vier Apps<\/li>\n<li>HDMI- und SDI-Eing\u00e4nge am Sender und HDMI- und SDI-Ausg\u00e4nge am Empf\u00e4nger<\/li>\n<li>Zwei Antennen am Sender und zwei am Empf\u00e4nger<\/li>\n<li>Stromversorgung \u00fcber mitgelieferten Akku der L-Serie NP-F550, Gleichstromadapter oder USB-Typ-C-Eingang<\/li>\n<li>Integrierter Schuhadapter mit 1\/4&#8243;-20-Montagegewinde<\/li>\n<li>Optionale Kanalscan-Firmware \u00fcber die HollyView-App installieren, um das st\u00e4rkste Signal zu finden<\/li>\n<\/ul>\n<p><a href=\"https:\/\/youtu.be\/qZ9rJ0oofCg\">Check our video!<\/a><\/p>\n","protected":false},"excerpt":{"rendered":"<p>Unser Hollyland Mars 400 Pro Funk\u00fcbertragungs-Kit enth\u00e4lt: 1x Hollyland Mars 400 Pro-Empf\u00e4nger 1x Hollyland Mars 400 Pro Sender 4x Hollyland Mars 400 Pro Antennen 2x Sony Akku NP-F550 2x Akku-Ladeger\u00e4t f\u00fcr Sony F550 1x HyperThin HDMI auf HDMI Kabel \u00dcbertragen Sie drahtlos Videos mit bis zu 1080p 60 von Ihrem Gimbal, spiegellosen oder DSLR-Kamera-Rig \u00fcber HDMI und SDI mit einer [&hellip;]<\/p>\n","protected":false},"featured_media":11520,"template":"","meta":[],"product_cat":[463,132,172],"product_tag":[],"class_list":{"0":"post-11517","1":"product","2":"type-product","3":"status-publish","4":"has-post-thumbnail","6":"product_cat-monitore-de","7":"product_cat-monitore","8":"product_cat-kamera-zubehor-de","10":"first","11":"instock","12":"shipping-taxable","13":"purchasable","14":"product-type-simple"},"_links":{"self":[{"href":"https:\/\/palmaequipmentrental.com\/de\/wp-json\/wp\/v2\/product\/11517","targetHints":{"allow":["GET"]}}],"collection":[{"href":"https:\/\/palmaequipmentrental.com\/de\/wp-json\/wp\/v2\/product"}],"about":[{"href":"https:\/\/palmaequipmentrental.com\/de\/wp-json\/wp\/v2\/types\/product"}],"wp:featuredmedia":[{"embeddable":true,"href":"https:\/\/palmaequipmentrental.com\/de\/wp-json\/wp\/v2\/media\/11520"}],"wp:attachment":[{"href":"https:\/\/palmaequipmentrental.com\/de\/wp-json\/wp\/v2\/media?parent=11517"}],"wp:term":[{"taxonomy":"product_cat","embeddable":true,"href":"https:\/\/palmaequipmentrental.com\/de\/wp-json\/wp\/v2\/product_cat?post=11517"},{"taxonomy":"product_tag","embeddable":true,"href":"https:\/\/palmaequipmentrental.com\/de\/wp-json\/wp\/v2\/product_tag?post=11517"}],"curies":[{"name":"wp","href":"https:\/\/api.w.org\/{rel}","templated":true}]}}