{"id":11549,"date":"2022-11-03T10:14:20","date_gmt":"2022-11-03T10:14:21","guid":{"rendered":"https:\/\/www.palmaequipmentrental.com\/?post_type=product&#038;p=11549"},"modified":"2025-06-24T15:26:04","modified_gmt":"2025-06-24T15:26:04","slug":"snapgrid-fur-snapbag-skypanel-s60","status":"publish","type":"product","link":"https:\/\/palmaequipmentrental.com\/de\/photo-video-equipment-mallorca\/snapgrid-fur-snapbag-skypanel-s60\/","title":{"rendered":"SnapGrid f\u00fcr SnapBag Skypanel S60"},"content":{"rendered":"<p><strong>ARRI DoPchoice SnapGrid 40\u00b0 f\u00fcr SnapBag S60.<\/strong><br \/>\n40\u00ba Grid Kann direkt an der Vorderseite des SnapBag S60 auf dem SkyPanel S60 montiert werden<\/p>\n<p><strong>Spezifikationen:<\/strong><\/p>\n<ul>\n<li>F\u00fcr SnapBag S60 auf SkyPanel S60<\/li>\n<li>Gr\u00f6\u00dfe: 35 x 24 x 3&#8243;<\/li>\n<li>Kontrolliert das Streulicht<\/li>\n<li>Verengt den Abstrahlwinkel auf 40 Grad<\/li>\n<li>Befestigung \u00fcber Klettverschl\u00fcsse<\/li>\n<\/ul>\n","protected":false},"excerpt":{"rendered":"<p>ARRI DoPchoice SnapGrid 40\u00b0 f\u00fcr SnapBag S60. 40\u00ba Grid Kann direkt an der Vorderseite des SnapBag S60 auf dem SkyPanel S60 montiert werden Spezifikationen: F\u00fcr SnapBag S60 auf SkyPanel S60 Gr\u00f6\u00dfe: 35 x 24 x 3&#8243; Kontrolliert das Streulicht Verengt den Abstrahlwinkel auf 40 Grad Befestigung \u00fcber Klettverschl\u00fcsse<\/p>\n","protected":false},"featured_media":11554,"template":"","meta":[],"product_cat":[439,398],"product_tag":[],"class_list":{"0":"post-11549","1":"product","2":"type-product","3":"status-publish","4":"has-post-thumbnail","6":"product_cat-softboxen-de-2","7":"product_cat-softboxen-de","9":"first","10":"instock","11":"shipping-taxable","12":"purchasable","13":"product-type-simple"},"_links":{"self":[{"href":"https:\/\/palmaequipmentrental.com\/de\/wp-json\/wp\/v2\/product\/11549","targetHints":{"allow":["GET"]}}],"collection":[{"href":"https:\/\/palmaequipmentrental.com\/de\/wp-json\/wp\/v2\/product"}],"about":[{"href":"https:\/\/palmaequipmentrental.com\/de\/wp-json\/wp\/v2\/types\/product"}],"wp:featuredmedia":[{"embeddable":true,"href":"https:\/\/palmaequipmentrental.com\/de\/wp-json\/wp\/v2\/media\/11554"}],"wp:attachment":[{"href":"https:\/\/palmaequipmentrental.com\/de\/wp-json\/wp\/v2\/media?parent=11549"}],"wp:term":[{"taxonomy":"product_cat","embeddable":true,"href":"https:\/\/palmaequipmentrental.com\/de\/wp-json\/wp\/v2\/product_cat?post=11549"},{"taxonomy":"product_tag","embeddable":true,"href":"https:\/\/palmaequipmentrental.com\/de\/wp-json\/wp\/v2\/product_tag?post=11549"}],"curies":[{"name":"wp","href":"https:\/\/api.w.org\/{rel}","templated":true}]}}