{"id":11570,"date":"2022-11-04T09:49:02","date_gmt":"2022-11-04T09:49:02","guid":{"rendered":"https:\/\/www.palmaequipmentrental.com\/?post_type=product&#038;p=11570"},"modified":"2025-06-13T13:57:41","modified_gmt":"2025-06-13T13:57:41","slug":"cardellini-klemme-center-jaw-2","status":"publish","type":"product","link":"https:\/\/palmaequipmentrental.com\/de\/photo-video-equipment-mallorca\/cardellini-klemme-center-jaw-2\/","title":{"rendered":"Cardellini Klemme Center Jaw 2&#8243;"},"content":{"rendered":"<p>Hebe deine Produktion mit der Cardellini-Klemme Zentralklemme 2&#8243; an, jetzt erh\u00e4ltlich bei Palma Equipment Rental, einer vertrauensw\u00fcrdigen Quelle f\u00fcr Profis in Palma de Mallorca und auf den Balearen. Diese Klemme ist eine perfekte Mischung aus Funktionalit\u00e4t und Vielseitigkeit, was sie zu einem unverzichtbaren Werkzeug f\u00fcr Mode- und Werbeshootings macht, die Pr\u00e4zision und Einfachheit verlangen.<\/p>\n<p>Technische Details:<\/p>\n<ul>\n<li>Klemmbreite: Ungef\u00e4hr 5,08 cm (2&#8243;)<\/li>\n<li>Zentralklemme f\u00fcr ausgewogenes und zentriertes Klemmen<\/li>\n<li>Starker, verstellbarer Griff f\u00fcr eine breite Palette von Anwendungen<\/li>\n<li>Gummierte Klemmbacken f\u00fcr einen sicheren, besch\u00e4digungsfreien Halt<\/li>\n<li>Ideal f\u00fcr das Montieren von Kameras, Lichtern und Zubeh\u00f6r in herausfordernden Positionen<\/li>\n<\/ul>\n<p>Warum du sie brauchst? Die Cardellini-Klemme Zentralklemme 2&#8243; ist f\u00fcr Profis konzipiert, die Effizienz und Stabilit\u00e4t bei jeder Aufnahme sch\u00e4tzen.<\/p>\n<p>Palma Equipment Rental ist mehr als nur ein durchschnittlicher Ausr\u00fcstungsanbieter; wir sind ein Partner auf deiner kreativen Reise. Unser umfangreiches Inventar umfasst branchenf\u00fchrende Marken wie Sony und Red, sodass du Zugang zu den besten Werkzeugen f\u00fcr dein Projekt hast. Mit unserem 24\/7 technischen Support, unserem Engagement f\u00fcr Flexibilit\u00e4t und freundlichen Service stellen wir sicher, dass deine kreative Vision voll unterst\u00fctzt wird.<\/p>\n","protected":false},"excerpt":{"rendered":"<p>Hebe deine Produktion mit der Cardellini-Klemme Zentralklemme 2&#8243; an, jetzt erh\u00e4ltlich bei Palma Equipment Rental, einer vertrauensw\u00fcrdigen Quelle f\u00fcr Profis in Palma de Mallorca und auf den Balearen. Diese Klemme ist eine perfekte Mischung aus Funktionalit\u00e4t und Vielseitigkeit, was sie zu einem unverzichtbaren Werkzeug f\u00fcr Mode- und Werbeshootings macht, die Pr\u00e4zision und Einfachheit verlangen. Technische Details: Klemmbreite: Ungef\u00e4hr 5,08 cm [&hellip;]<\/p>\n","protected":false},"featured_media":11573,"template":"","meta":[],"product_cat":[152,166],"product_tag":[],"class_list":{"0":"post-11570","1":"product","2":"type-product","3":"status-publish","4":"has-post-thumbnail","6":"product_cat-klemme","7":"product_cat-klemme-de","9":"first","10":"instock","11":"shipping-taxable","12":"purchasable","13":"product-type-simple"},"_links":{"self":[{"href":"https:\/\/palmaequipmentrental.com\/de\/wp-json\/wp\/v2\/product\/11570","targetHints":{"allow":["GET"]}}],"collection":[{"href":"https:\/\/palmaequipmentrental.com\/de\/wp-json\/wp\/v2\/product"}],"about":[{"href":"https:\/\/palmaequipmentrental.com\/de\/wp-json\/wp\/v2\/types\/product"}],"wp:featuredmedia":[{"embeddable":true,"href":"https:\/\/palmaequipmentrental.com\/de\/wp-json\/wp\/v2\/media\/11573"}],"wp:attachment":[{"href":"https:\/\/palmaequipmentrental.com\/de\/wp-json\/wp\/v2\/media?parent=11570"}],"wp:term":[{"taxonomy":"product_cat","embeddable":true,"href":"https:\/\/palmaequipmentrental.com\/de\/wp-json\/wp\/v2\/product_cat?post=11570"},{"taxonomy":"product_tag","embeddable":true,"href":"https:\/\/palmaequipmentrental.com\/de\/wp-json\/wp\/v2\/product_tag?post=11570"}],"curies":[{"name":"wp","href":"https:\/\/api.w.org\/{rel}","templated":true}]}}