{"id":11581,"date":"2022-11-04T12:08:01","date_gmt":"2022-11-04T12:08:02","guid":{"rendered":"https:\/\/www.palmaequipmentrental.com\/?post_type=product&#038;p=11581"},"modified":"2025-06-24T15:06:03","modified_gmt":"2025-06-24T15:06:03","slug":"westcott-scrim-jim-4x6-schwarz","status":"publish","type":"product","link":"https:\/\/palmaequipmentrental.com\/de\/photo-video-equipment-mallorca\/westcott-scrim-jim-4x6-schwarz\/","title":{"rendered":"Scrim Jim 4&#215;6 Schwarz"},"content":{"rendered":"<p><strong>Schwarze Bespannung<\/strong> f\u00fcr den Westcott <strong>Scrim Jim 4&#8242; x 6&#8242;<\/strong> (120 x 180cm) Rahmen.<\/p>\n<p>Unsere verf\u00fcgbaren Textilien f\u00fcr den 4&#8242; x 6&#8242; Westcott ScrimJim Rahmen sind:<\/p>\n<ul>\n<li>1\/4 Stop Diffusor<\/li>\n<li>3\/4 Stop Diffusor<\/li>\n<li>Full Stop Diffusor<\/li>\n<li>Silber\/Weiss Reflektor<\/li>\n<li>Gold\/Weiss Reflektor<\/li>\n<li>Schwarz<\/li>\n<\/ul>\n<p>(Nicht kompatibel mit Westcott CINE Rahmen.)<\/p>\n","protected":false},"excerpt":{"rendered":"<p>Schwarze Bespannung f\u00fcr den Westcott Scrim Jim 4&#8242; x 6&#8242; (120 x 180cm) Rahmen. Unsere verf\u00fcgbaren Textilien f\u00fcr den 4&#8242; x 6&#8242; Westcott ScrimJim Rahmen sind: 1\/4 Stop Diffusor 3\/4 Stop Diffusor Full Stop Diffusor Silber\/Weiss Reflektor Gold\/Weiss Reflektor Schwarz (Nicht kompatibel mit Westcott CINE Rahmen.)<\/p>\n","protected":false},"featured_media":5362,"template":"","meta":[],"product_cat":[841,843],"product_tag":[],"class_list":{"0":"post-11581","1":"product","2":"type-product","3":"status-publish","4":"has-post-thumbnail","6":"product_cat-4x6-scrim-jim-v-de","7":"product_cat-4x6-scrim-jim-de","9":"first","10":"instock","11":"shipping-taxable","12":"purchasable","13":"product-type-simple"},"_links":{"self":[{"href":"https:\/\/palmaequipmentrental.com\/de\/wp-json\/wp\/v2\/product\/11581","targetHints":{"allow":["GET"]}}],"collection":[{"href":"https:\/\/palmaequipmentrental.com\/de\/wp-json\/wp\/v2\/product"}],"about":[{"href":"https:\/\/palmaequipmentrental.com\/de\/wp-json\/wp\/v2\/types\/product"}],"wp:featuredmedia":[{"embeddable":true,"href":"https:\/\/palmaequipmentrental.com\/de\/wp-json\/wp\/v2\/media\/5362"}],"wp:attachment":[{"href":"https:\/\/palmaequipmentrental.com\/de\/wp-json\/wp\/v2\/media?parent=11581"}],"wp:term":[{"taxonomy":"product_cat","embeddable":true,"href":"https:\/\/palmaequipmentrental.com\/de\/wp-json\/wp\/v2\/product_cat?post=11581"},{"taxonomy":"product_tag","embeddable":true,"href":"https:\/\/palmaequipmentrental.com\/de\/wp-json\/wp\/v2\/product_tag?post=11581"}],"curies":[{"name":"wp","href":"https:\/\/api.w.org\/{rel}","templated":true}]}}