{"id":11617,"date":"2022-11-23T10:57:51","date_gmt":"2022-11-23T10:57:52","guid":{"rendered":"https:\/\/www.palmaequipmentrental.com\/?post_type=product&#038;p=11617"},"modified":"2025-06-13T13:15:18","modified_gmt":"2025-06-13T13:15:18","slug":"astera-titan-fp1-kit-1","status":"publish","type":"product","link":"https:\/\/palmaequipmentrental.com\/de\/photo-video-equipment-mallorca\/astera-titan-fp1-kit-1\/","title":{"rendered":"Astera Titan FP1 Kit"},"content":{"rendered":"<p><strong>Astera Titan FP1 Kit<\/strong> mit 8 Titan R\u00f6hren und allem notwendigen Zubeh\u00f6r plus iPad f\u00fcr die Fernsteuerung.<\/p>\n<p>Mit enthaltener PowerBox zum Aufladen der R\u00f6hren im Koffer, um sie f\u00fcr den n\u00e4chsten Einsatz bereit zu machen.<br \/>\nF\u00fcr l\u00e4ngere Installationen kann die PowerBox aus dem Koffer genommen werden, um Strom und Daten zu liefern.<\/p>\n<p><strong>Enth\u00e4lt:<\/strong><\/p>\n<ul>\n<li>8x R\u00f6hren (Titan FP1)<\/li>\n<li>1x PowerBox (FP1-PWB)<\/li>\n<li>16x \u00d6senschrauben (FP1-EBLT)<\/li>\n<li>16x Halterung (AX1-H)<\/li>\n<li>16x Babypin (AX1-BLT)<\/li>\n<li>8x St\u00e4nder (AX1-STD)<\/li>\n<li>1x PowerCON TRUE1-Kabel<\/li>\n<li>8x DC-Kabel<\/li>\n<li>1x Fernbedienung<\/li>\n<li>1x Kunst7<\/li>\n<li>1x iPad<\/li>\n<\/ul>\n<p><strong>Spezifikationen:<\/strong><\/p>\n<ul>\n<li>LED-Gesamtleistung: 72 W<\/li>\n<li>Stroboskop: 0-25 Hz<\/li>\n<li>Batterie-Laufzeit: Bis zu 20 Stunden<\/li>\n<li>Akkulaufzeit maximale Helligkeit: 1h 45min<\/li>\n<li>Aufladezeit (nominal): 3 Stunden<\/li>\n<li>DMX: Verkabelt<\/li>\n<li>Drahtlose Protokolle: CRMX, UHF, Bluetooth, WiFi<\/li>\n<li>Gewicht der R\u00f6hre: 1,35 kg \/ 3 lbs<\/li>\n<li>Abmessungen der R\u00f6hre: \u00d843 mm x 1035 mm\/ \u00d81.7&#8243; x H40.7&#8243;<\/li>\n<\/ul>\n","protected":false},"excerpt":{"rendered":"<p>Astera Titan FP1 Kit mit 8 Titan R\u00f6hren und allem notwendigen Zubeh\u00f6r plus iPad f\u00fcr die Fernsteuerung. Mit enthaltener PowerBox zum Aufladen der R\u00f6hren im Koffer, um sie f\u00fcr den n\u00e4chsten Einsatz bereit zu machen. F\u00fcr l\u00e4ngere Installationen kann die PowerBox aus dem Koffer genommen werden, um Strom und Daten zu liefern. Enth\u00e4lt: 8x R\u00f6hren (Titan FP1) 1x PowerBox (FP1-PWB) [&hellip;]<\/p>\n","protected":false},"featured_media":11620,"template":"","meta":[],"product_cat":[237,160],"product_tag":[],"class_list":{"0":"post-11617","1":"product","2":"type-product","3":"status-publish","4":"has-post-thumbnail","6":"product_cat-led-de-2","7":"product_cat-led-de","9":"first","10":"instock","11":"shipping-taxable","12":"purchasable","13":"product-type-simple"},"_links":{"self":[{"href":"https:\/\/palmaequipmentrental.com\/de\/wp-json\/wp\/v2\/product\/11617","targetHints":{"allow":["GET"]}}],"collection":[{"href":"https:\/\/palmaequipmentrental.com\/de\/wp-json\/wp\/v2\/product"}],"about":[{"href":"https:\/\/palmaequipmentrental.com\/de\/wp-json\/wp\/v2\/types\/product"}],"wp:featuredmedia":[{"embeddable":true,"href":"https:\/\/palmaequipmentrental.com\/de\/wp-json\/wp\/v2\/media\/11620"}],"wp:attachment":[{"href":"https:\/\/palmaequipmentrental.com\/de\/wp-json\/wp\/v2\/media?parent=11617"}],"wp:term":[{"taxonomy":"product_cat","embeddable":true,"href":"https:\/\/palmaequipmentrental.com\/de\/wp-json\/wp\/v2\/product_cat?post=11617"},{"taxonomy":"product_tag","embeddable":true,"href":"https:\/\/palmaequipmentrental.com\/de\/wp-json\/wp\/v2\/product_tag?post=11617"}],"curies":[{"name":"wp","href":"https:\/\/api.w.org\/{rel}","templated":true}]}}