{"id":11626,"date":"2022-11-23T11:30:25","date_gmt":"2022-11-23T11:30:25","guid":{"rendered":"https:\/\/www.palmaequipmentrental.com\/?post_type=product&#038;p=11626"},"modified":"2025-06-13T13:16:37","modified_gmt":"2025-06-13T13:16:37","slug":"astera-titan-fp1-rohre","status":"publish","type":"product","link":"https:\/\/palmaequipmentrental.com\/de\/photo-video-equipment-mallorca\/astera-titan-fp1-rohre\/","title":{"rendered":"Astera Titan FP1 R\u00f6hre"},"content":{"rendered":"<p><strong>Astera Titan FP1 R\u00f6hre<\/strong><br \/>\nSie emittiert leistungsstarkes, abstimmbares Wei\u00dflicht mit ultrahoher Farbwiedergabe sowie farbiges Licht, das auf einzelne Pixel oder die gesamte R\u00f6hre angewendet werden kann.<\/p>\n<p><strong>Inklusive:<\/strong><\/p>\n<ul>\n<li>1x R\u00f6hre Titan FP1<\/li>\n<li>1x Ladeger\u00e4t<\/li>\n<li>2x \u00d6senschrauben (FP1-EBLT)<\/li>\n<li>2x R\u00f6hrenhalterung (AX1-H)<\/li>\n<li>2x Babypin (AX1-BLT)<\/li>\n<li>1x St\u00e4nder (AX1-STD)<\/li>\n<\/ul>\n<p><strong>Spezifikationen:<\/strong><\/p>\n<ul>\n<li>LED-Gesamtleistung: 72 W (48 W Leistungsaufnahme)<\/li>\n<li>Stroboskop: 0-25 Hz<\/li>\n<li>Batterie-Laufzeit: Bis zu 20 Stunden<\/li>\n<li>Akkulaufzeit maximale Helligkeit: 1h 45min<\/li>\n<li>Aufladezeit (nominal): 3 Stunden<\/li>\n<li>DMX: Verkabelt<\/li>\n<li>Drahtlose Protokolle: CRMX, UHF, Bluetooth, WiFi<\/li>\n<li>Gewicht der R\u00f6hre: 1,35 kg \/ 3 lbs<\/li>\n<li>Abmessungen der R\u00f6hre: \u00d843 mm x 1035 mm\/ \u00d81.7&#8243; x H40.7&#8243;<\/li>\n<\/ul>\n","protected":false},"excerpt":{"rendered":"<p>Astera Titan FP1 R\u00f6hre Sie emittiert leistungsstarkes, abstimmbares Wei\u00dflicht mit ultrahoher Farbwiedergabe sowie farbiges Licht, das auf einzelne Pixel oder die gesamte R\u00f6hre angewendet werden kann. Inklusive: 1x R\u00f6hre Titan FP1 1x Ladeger\u00e4t 2x \u00d6senschrauben (FP1-EBLT) 2x R\u00f6hrenhalterung (AX1-H) 2x Babypin (AX1-BLT) 1x St\u00e4nder (AX1-STD) Spezifikationen: LED-Gesamtleistung: 72 W (48 W Leistungsaufnahme) Stroboskop: 0-25 Hz Batterie-Laufzeit: Bis zu 20 Stunden [&hellip;]<\/p>\n","protected":false},"featured_media":11629,"template":"","meta":[],"product_cat":[237,160],"product_tag":[],"class_list":{"0":"post-11626","1":"product","2":"type-product","3":"status-publish","4":"has-post-thumbnail","6":"product_cat-led-de-2","7":"product_cat-led-de","9":"first","10":"instock","11":"shipping-taxable","12":"purchasable","13":"product-type-simple"},"_links":{"self":[{"href":"https:\/\/palmaequipmentrental.com\/de\/wp-json\/wp\/v2\/product\/11626","targetHints":{"allow":["GET"]}}],"collection":[{"href":"https:\/\/palmaequipmentrental.com\/de\/wp-json\/wp\/v2\/product"}],"about":[{"href":"https:\/\/palmaequipmentrental.com\/de\/wp-json\/wp\/v2\/types\/product"}],"wp:featuredmedia":[{"embeddable":true,"href":"https:\/\/palmaequipmentrental.com\/de\/wp-json\/wp\/v2\/media\/11629"}],"wp:attachment":[{"href":"https:\/\/palmaequipmentrental.com\/de\/wp-json\/wp\/v2\/media?parent=11626"}],"wp:term":[{"taxonomy":"product_cat","embeddable":true,"href":"https:\/\/palmaequipmentrental.com\/de\/wp-json\/wp\/v2\/product_cat?post=11626"},{"taxonomy":"product_tag","embeddable":true,"href":"https:\/\/palmaequipmentrental.com\/de\/wp-json\/wp\/v2\/product_tag?post=11626"}],"curies":[{"name":"wp","href":"https:\/\/api.w.org\/{rel}","templated":true}]}}