{"id":11632,"date":"2022-11-23T12:37:30","date_gmt":"2022-11-23T12:37:30","guid":{"rendered":"https:\/\/www.palmaequipmentrental.com\/?post_type=product&#038;p=11632"},"modified":"2025-06-17T12:25:02","modified_gmt":"2025-06-17T12:25:02","slug":"ipad-mini-5","status":"publish","type":"product","link":"https:\/\/palmaequipmentrental.com\/de\/photo-video-equipment-mallorca\/ipad-mini-5\/","title":{"rendered":"iPad mini 5"},"content":{"rendered":"<p><strong>Apple iPad mini 5th Generation<\/strong>\u00a064GB Speicherkapazit\u00e4t mit Ladeger\u00e4t und Schutzh\u00fclle.<\/p>\n<p>Mit Astera App zur Steuerung der Astera Titan FP1 Lichter.<\/p>\n","protected":false},"excerpt":{"rendered":"<p>Apple iPad mini 5th Generation\u00a064GB Speicherkapazit\u00e4t mit Ladeger\u00e4t und Schutzh\u00fclle. Mit Astera App zur Steuerung der Astera Titan FP1 Lichter.<\/p>\n","protected":false},"featured_media":11635,"template":"","meta":[],"product_cat":[237,130,160],"product_tag":[],"class_list":{"0":"post-11632","1":"product","2":"type-product","3":"status-publish","4":"has-post-thumbnail","6":"product_cat-led-de-2","7":"product_cat-computer","8":"product_cat-led-de","10":"first","11":"instock","12":"shipping-taxable","13":"purchasable","14":"product-type-simple"},"_links":{"self":[{"href":"https:\/\/palmaequipmentrental.com\/de\/wp-json\/wp\/v2\/product\/11632","targetHints":{"allow":["GET"]}}],"collection":[{"href":"https:\/\/palmaequipmentrental.com\/de\/wp-json\/wp\/v2\/product"}],"about":[{"href":"https:\/\/palmaequipmentrental.com\/de\/wp-json\/wp\/v2\/types\/product"}],"wp:featuredmedia":[{"embeddable":true,"href":"https:\/\/palmaequipmentrental.com\/de\/wp-json\/wp\/v2\/media\/11635"}],"wp:attachment":[{"href":"https:\/\/palmaequipmentrental.com\/de\/wp-json\/wp\/v2\/media?parent=11632"}],"wp:term":[{"taxonomy":"product_cat","embeddable":true,"href":"https:\/\/palmaequipmentrental.com\/de\/wp-json\/wp\/v2\/product_cat?post=11632"},{"taxonomy":"product_tag","embeddable":true,"href":"https:\/\/palmaequipmentrental.com\/de\/wp-json\/wp\/v2\/product_tag?post=11632"}],"curies":[{"name":"wp","href":"https:\/\/api.w.org\/{rel}","templated":true}]}}