{"id":11639,"date":"2022-11-23T13:09:44","date_gmt":"2022-11-23T13:09:44","guid":{"rendered":"https:\/\/www.palmaequipmentrental.com\/?post_type=product&#038;p=11639"},"modified":"2025-06-17T12:27:38","modified_gmt":"2025-06-17T12:27:38","slug":"joker-bug-400w","status":"publish","type":"product","link":"https:\/\/palmaequipmentrental.com\/de\/photo-video-equipment-mallorca\/joker-bug-400w\/","title":{"rendered":"Joker Bug 400w"},"content":{"rendered":"<p><strong>Joker Bug 400w<\/strong> Beleuchtungsset von K5600.<br \/>\nHMI-Licht mit hoher Leistung, entspricht der 4-fachen Leistung von Tungstens mit \u00e4hnlicher Wattst\u00e4rke.<\/p>\n<p><strong>Enth\u00e4lt:<\/strong><\/p>\n<ul>\n<li>Joker Bug 400w Kopf &amp; Vorschaltger\u00e4t<\/li>\n<li>Klare Kuppel<\/li>\n<li>Mattierte Kuppel<\/li>\n<li>Cine-Reflektor<\/li>\n<li>Scheunent\u00fcren<\/li>\n<li>Kabel vom Kopf zum Vorschaltger\u00e4t 10m<\/li>\n<li>Kabel vom Kopf zum Vorschaltger\u00e4t 10m<\/li>\n<li>Linsensatz (4 St\u00fcck)<\/li>\n<\/ul>\n<p><strong>Spezifikationen:<\/strong><\/p>\n<ul>\n<li>Sockel (Lampenfassung): GZZ 9.5<\/li>\n<li>Befestigung: 5\/8&#8243; Stativhalterung<\/li>\n<li>Abmessungen: 10,5 &#8222;x7,9 &#8222;x3,3&#8220;<\/li>\n<\/ul>\n","protected":false},"excerpt":{"rendered":"<p>Joker Bug 400w Beleuchtungsset von K5600. HMI-Licht mit hoher Leistung, entspricht der 4-fachen Leistung von Tungstens mit \u00e4hnlicher Wattst\u00e4rke. Enth\u00e4lt: Joker Bug 400w Kopf &amp; Vorschaltger\u00e4t Klare Kuppel Mattierte Kuppel Cine-Reflektor Scheunent\u00fcren Kabel vom Kopf zum Vorschaltger\u00e4t 10m Kabel vom Kopf zum Vorschaltger\u00e4t 10m Linsensatz (4 St\u00fcck) Spezifikationen: Sockel (Lampenfassung): GZZ 9.5 Befestigung: 5\/8&#8243; Stativhalterung Abmessungen: 10,5 &#8222;x7,9 &#8222;x3,3&#8220;<\/p>\n","protected":false},"featured_media":11645,"template":"","meta":[],"product_cat":[138,158],"product_tag":[],"class_list":{"0":"post-11639","1":"product","2":"type-product","3":"status-publish","4":"has-post-thumbnail","6":"product_cat-hmi","7":"product_cat-hmi-de","9":"first","10":"instock","11":"shipping-taxable","12":"purchasable","13":"product-type-simple"},"_links":{"self":[{"href":"https:\/\/palmaequipmentrental.com\/de\/wp-json\/wp\/v2\/product\/11639","targetHints":{"allow":["GET"]}}],"collection":[{"href":"https:\/\/palmaequipmentrental.com\/de\/wp-json\/wp\/v2\/product"}],"about":[{"href":"https:\/\/palmaequipmentrental.com\/de\/wp-json\/wp\/v2\/types\/product"}],"wp:featuredmedia":[{"embeddable":true,"href":"https:\/\/palmaequipmentrental.com\/de\/wp-json\/wp\/v2\/media\/11645"}],"wp:attachment":[{"href":"https:\/\/palmaequipmentrental.com\/de\/wp-json\/wp\/v2\/media?parent=11639"}],"wp:term":[{"taxonomy":"product_cat","embeddable":true,"href":"https:\/\/palmaequipmentrental.com\/de\/wp-json\/wp\/v2\/product_cat?post=11639"},{"taxonomy":"product_tag","embeddable":true,"href":"https:\/\/palmaequipmentrental.com\/de\/wp-json\/wp\/v2\/product_tag?post=11639"}],"curies":[{"name":"wp","href":"https:\/\/api.w.org\/{rel}","templated":true}]}}