{"id":11659,"date":"2022-11-24T09:35:28","date_gmt":"2022-11-24T09:35:29","guid":{"rendered":"https:\/\/www.palmaequipmentrental.com\/?post_type=product&#038;p=11659"},"modified":"2025-06-13T14:02:24","modified_gmt":"2025-06-13T14:02:24","slug":"cfexpress-kartenlesegerat","status":"publish","type":"product","link":"https:\/\/palmaequipmentrental.com\/de\/photo-video-equipment-mallorca\/cfexpress-kartenlesegerat\/","title":{"rendered":"CFexpress Kartenleseger\u00e4t"},"content":{"rendered":"<p>Das <strong>Extreme PRO CFexpress-Kartenleseger\u00e4t<\/strong> liest\/schreibt CFexpress-Karten des Typs B2 f\u00fcr einen reibungslosen, effizienten Workflow vom Drehort bis zur Postproduktion. Er ist au\u00dferdem \u00fcber USB-C mit den neuesten Computern verbunden und wird mit einem Adapter f\u00fcr \u00e4ltere Computer mit USB 2 und 3 geliefert.<\/p>\n","protected":false},"excerpt":{"rendered":"<p>Das Extreme PRO CFexpress-Kartenleseger\u00e4t liest\/schreibt CFexpress-Karten des Typs B2 f\u00fcr einen reibungslosen, effizienten Workflow vom Drehort bis zur Postproduktion. Er ist au\u00dferdem \u00fcber USB-C mit den neuesten Computern verbunden und wird mit einem Adapter f\u00fcr \u00e4ltere Computer mit USB 2 und 3 geliefert.<\/p>\n","protected":false},"featured_media":11662,"template":"","meta":[],"product_cat":[410,443],"product_tag":[],"class_list":{"0":"post-11659","1":"product","2":"type-product","3":"status-publish","4":"has-post-thumbnail","6":"product_cat-speicherkarten","7":"product_cat-speicherkarten-lesegeraete","9":"first","10":"instock","11":"shipping-taxable","12":"purchasable","13":"product-type-simple"},"_links":{"self":[{"href":"https:\/\/palmaequipmentrental.com\/de\/wp-json\/wp\/v2\/product\/11659","targetHints":{"allow":["GET"]}}],"collection":[{"href":"https:\/\/palmaequipmentrental.com\/de\/wp-json\/wp\/v2\/product"}],"about":[{"href":"https:\/\/palmaequipmentrental.com\/de\/wp-json\/wp\/v2\/types\/product"}],"wp:featuredmedia":[{"embeddable":true,"href":"https:\/\/palmaequipmentrental.com\/de\/wp-json\/wp\/v2\/media\/11662"}],"wp:attachment":[{"href":"https:\/\/palmaequipmentrental.com\/de\/wp-json\/wp\/v2\/media?parent=11659"}],"wp:term":[{"taxonomy":"product_cat","embeddable":true,"href":"https:\/\/palmaequipmentrental.com\/de\/wp-json\/wp\/v2\/product_cat?post=11659"},{"taxonomy":"product_tag","embeddable":true,"href":"https:\/\/palmaequipmentrental.com\/de\/wp-json\/wp\/v2\/product_tag?post=11659"}],"curies":[{"name":"wp","href":"https:\/\/api.w.org\/{rel}","templated":true}]}}