{"id":11667,"date":"2022-11-24T13:36:57","date_gmt":"2022-11-24T13:36:57","guid":{"rendered":"https:\/\/www.palmaequipmentrental.com\/?post_type=product&#038;p=11667"},"modified":"2025-06-27T17:22:51","modified_gmt":"2025-06-27T17:22:51","slug":"v-mount-adapter-skypanel-s60","status":"publish","type":"product","link":"https:\/\/palmaequipmentrental.com\/de\/photo-video-equipment-mallorca\/v-mount-adapter-skypanel-s60\/","title":{"rendered":"V-Mount Adapter Skypanel S60"},"content":{"rendered":"<p><strong>V-Mount Adapterplatte f\u00fcr Skypanel S60<\/strong><\/p>\n<p>Der V-Mount-Batterieadapter f\u00fcr das SkyPanel erm\u00f6glicht den Anschluss von zwei V-Mount-Batterien an das SkyPanel. Mit einem kurzen Kabel macht der Batterieadapter das SkyPanel wirklich mobil. Beide Batterien werden ben\u00f6tigt, um den Lampenkopf mit der richtigen Spannung zu versorgen.<\/p>\n<ul>\n<li>Befestigt zwei V-Mount \/ V-Lock Batterien (in Serie)<\/li>\n<li>SkyPanel-Schnellspannsystem<\/li>\n<li>Ein\/Aus-Schalter<\/li>\n<li>4-poliger XLR-Ausgang<\/li>\n<li>Einschlie\u00dflich 0,5 m und 3 m 4-Pin XLR<\/li>\n<li>Batterie Min. Empfehlung: 14,4 V, 100 Wh Kapazit\u00e4t<\/li>\n<li>Nur f\u00fcr S30, S60 oder S120 SkyPanels<\/li>\n<\/ul>\n","protected":false},"excerpt":{"rendered":"<p>V-Mount Adapterplatte f\u00fcr Skypanel S60 Der V-Mount-Batterieadapter f\u00fcr das SkyPanel erm\u00f6glicht den Anschluss von zwei V-Mount-Batterien an das SkyPanel. Mit einem kurzen Kabel macht der Batterieadapter das SkyPanel wirklich mobil. Beide Batterien werden ben\u00f6tigt, um den Lampenkopf mit der richtigen Spannung zu versorgen. Befestigt zwei V-Mount \/ V-Lock Batterien (in Serie) SkyPanel-Schnellspannsystem Ein\/Aus-Schalter 4-poliger XLR-Ausgang Einschlie\u00dflich 0,5 m und 3 [&hellip;]<\/p>\n","protected":false},"featured_media":11670,"template":"","meta":[],"product_cat":[763,766],"product_tag":[],"class_list":{"0":"post-11667","1":"product","2":"type-product","3":"status-publish","4":"has-post-thumbnail","6":"product_cat-skypanel-de","7":"product_cat-skypanel-v-de","9":"first","10":"instock","11":"shipping-taxable","12":"purchasable","13":"product-type-simple"},"_links":{"self":[{"href":"https:\/\/palmaequipmentrental.com\/de\/wp-json\/wp\/v2\/product\/11667","targetHints":{"allow":["GET"]}}],"collection":[{"href":"https:\/\/palmaequipmentrental.com\/de\/wp-json\/wp\/v2\/product"}],"about":[{"href":"https:\/\/palmaequipmentrental.com\/de\/wp-json\/wp\/v2\/types\/product"}],"wp:featuredmedia":[{"embeddable":true,"href":"https:\/\/palmaequipmentrental.com\/de\/wp-json\/wp\/v2\/media\/11670"}],"wp:attachment":[{"href":"https:\/\/palmaequipmentrental.com\/de\/wp-json\/wp\/v2\/media?parent=11667"}],"wp:term":[{"taxonomy":"product_cat","embeddable":true,"href":"https:\/\/palmaequipmentrental.com\/de\/wp-json\/wp\/v2\/product_cat?post=11667"},{"taxonomy":"product_tag","embeddable":true,"href":"https:\/\/palmaequipmentrental.com\/de\/wp-json\/wp\/v2\/product_tag?post=11667"}],"curies":[{"name":"wp","href":"https:\/\/api.w.org\/{rel}","templated":true}]}}