{"id":11684,"date":"2022-11-25T10:26:22","date_gmt":"2022-11-25T10:26:22","guid":{"rendered":"https:\/\/www.palmaequipmentrental.com\/?post_type=product&#038;p=11684"},"modified":"2025-06-13T13:53:18","modified_gmt":"2025-06-13T13:53:18","slug":"canon-lp-e6nh-akku","status":"publish","type":"product","link":"https:\/\/palmaequipmentrental.com\/de\/photo-video-equipment-mallorca\/canon-lp-e6nh-akku\/","title":{"rendered":"Canon LP-E6NH Akku"},"content":{"rendered":"<p><strong>Canon LP-E6NH Akku<\/strong> f\u00fcr Canon EOS R5 Kamera.<br \/>\nAuch kompatibel mit Kameras, die LP-E6N-Akkus verwenden, wie die EOS 5D Mark IV.<\/p>\n<ul>\n<li>Passend zum Akkuladeger\u00e4t LC-E6E<\/li>\n<li>Lithium-Ionen-Technologie<\/li>\n<li>Bis zu 2130 mAh Kapazit\u00e4t (14 % mehr als beim LP-E6N)<\/li>\n<li>R\u00fcckw\u00e4rtskompatibel mit Kameras, die LP-E6- und LP-E6N-Akkus verwenden<\/li>\n<\/ul>\n<p><strong>Kompatibel mit:<\/strong><\/p>\n<ul>\n<li>EOS R5<\/li>\n<li>EOS R5<\/li>\n<li>EOS R6<\/li>\n<li>EOS R6 Mark II<\/li>\n<li>EOS R7<\/li>\n<li>EOS R10<\/li>\n<li>EOS R<\/li>\n<li>EOS Ra<\/li>\n<\/ul>\n<ul>\n<li>EOS 5D Mark IV<\/li>\n<li>EOS 5D Mark III<\/li>\n<li>EOS 5D Mark II<\/li>\n<li>EOS 6D<\/li>\n<li>EOS 6D Mark II<\/li>\n<li>EOS 5Ds R<\/li>\n<li>EOS 5Ds<\/li>\n<\/ul>\n<ul>\n<li>EOS 90D<\/li>\n<li>EOS 7D<\/li>\n<li>EOS 7D Mark II<\/li>\n<li>EOS 80D<\/li>\n<li>EOS 70D<\/li>\n<li>EOS 60Da<\/li>\n<li>EOS 60D<\/li>\n<\/ul>\n","protected":false},"excerpt":{"rendered":"<p>Canon LP-E6NH Akku f\u00fcr Canon EOS R5 Kamera. Auch kompatibel mit Kameras, die LP-E6N-Akkus verwenden, wie die EOS 5D Mark IV. Passend zum Akkuladeger\u00e4t LC-E6E Lithium-Ionen-Technologie Bis zu 2130 mAh Kapazit\u00e4t (14 % mehr als beim LP-E6N) R\u00fcckw\u00e4rtskompatibel mit Kameras, die LP-E6- und LP-E6N-Akkus verwenden Kompatibel mit: EOS R5 EOS R5 EOS R6 EOS R6 Mark II EOS R7 EOS [&hellip;]<\/p>\n","protected":false},"featured_media":11690,"template":"","meta":[],"product_cat":[441,391],"product_tag":[],"class_list":{"0":"post-11684","1":"product","2":"type-product","3":"status-publish","4":"has-post-thumbnail","6":"product_cat-batterien-ladegeraet","7":"product_cat-batteries-ladegeraete","9":"first","10":"instock","11":"shipping-taxable","12":"purchasable","13":"product-type-simple"},"_links":{"self":[{"href":"https:\/\/palmaequipmentrental.com\/de\/wp-json\/wp\/v2\/product\/11684","targetHints":{"allow":["GET"]}}],"collection":[{"href":"https:\/\/palmaequipmentrental.com\/de\/wp-json\/wp\/v2\/product"}],"about":[{"href":"https:\/\/palmaequipmentrental.com\/de\/wp-json\/wp\/v2\/types\/product"}],"wp:featuredmedia":[{"embeddable":true,"href":"https:\/\/palmaequipmentrental.com\/de\/wp-json\/wp\/v2\/media\/11690"}],"wp:attachment":[{"href":"https:\/\/palmaequipmentrental.com\/de\/wp-json\/wp\/v2\/media?parent=11684"}],"wp:term":[{"taxonomy":"product_cat","embeddable":true,"href":"https:\/\/palmaequipmentrental.com\/de\/wp-json\/wp\/v2\/product_cat?post=11684"},{"taxonomy":"product_tag","embeddable":true,"href":"https:\/\/palmaequipmentrental.com\/de\/wp-json\/wp\/v2\/product_tag?post=11684"}],"curies":[{"name":"wp","href":"https:\/\/api.w.org\/{rel}","templated":true}]}}