{"id":11708,"date":"2022-11-25T13:28:39","date_gmt":"2022-11-25T13:28:40","guid":{"rendered":"https:\/\/www.palmaequipmentrental.com\/?post_type=product&#038;p=11708"},"modified":"2025-06-24T15:23:37","modified_gmt":"2025-06-24T15:23:37","slug":"skypanel-s60-lite-diffusionsplatte","status":"publish","type":"product","link":"https:\/\/palmaequipmentrental.com\/de\/photo-video-equipment-mallorca\/skypanel-s60-lite-diffusionsplatte\/","title":{"rendered":"Skypanel S60 Lite Diffusionsplatte"},"content":{"rendered":"<p><strong>Lite Diffusionsplatte f\u00fcr SkyPanel S60 von ARRI.<\/strong><\/p>\n<p>Es tr\u00e4gt dazu bei, die Lichtleistung zu mildern und einen homogenen Strahl f\u00fcr eine gleichm\u00e4\u00dfige Lichtverteilung zu erzeugen. Es ist schnell zu implementieren, da das starre Kunststoffmaterial und der Metallrahmen einfach in den Diffusionsschlitz an der Vorderseite der Leuchte gleiten.<\/p>\n<p><strong>Wesentliche Merkmale<\/strong><\/p>\n<ul>\n<li>Mildert die Lichtleistung<\/li>\n<li>Sorgt f\u00fcr gleichm\u00e4\u00dfige Lichtverteilung<\/li>\n<li>Steifes Kunststoffmaterial mit Metallrahmen<\/li>\n<\/ul>\n","protected":false},"excerpt":{"rendered":"<p>Lite Diffusionsplatte f\u00fcr SkyPanel S60 von ARRI. Es tr\u00e4gt dazu bei, die Lichtleistung zu mildern und einen homogenen Strahl f\u00fcr eine gleichm\u00e4\u00dfige Lichtverteilung zu erzeugen. Es ist schnell zu implementieren, da das starre Kunststoffmaterial und der Metallrahmen einfach in den Diffusionsschlitz an der Vorderseite der Leuchte gleiten. Wesentliche Merkmale Mildert die Lichtleistung Sorgt f\u00fcr gleichm\u00e4\u00dfige Lichtverteilung Steifes Kunststoffmaterial mit Metallrahmen<\/p>\n","protected":false},"featured_media":11711,"template":"","meta":[],"product_cat":[763,766],"product_tag":[],"class_list":{"0":"post-11708","1":"product","2":"type-product","3":"status-publish","4":"has-post-thumbnail","6":"product_cat-skypanel-de","7":"product_cat-skypanel-v-de","9":"first","10":"instock","11":"shipping-taxable","12":"purchasable","13":"product-type-simple"},"_links":{"self":[{"href":"https:\/\/palmaequipmentrental.com\/de\/wp-json\/wp\/v2\/product\/11708","targetHints":{"allow":["GET"]}}],"collection":[{"href":"https:\/\/palmaequipmentrental.com\/de\/wp-json\/wp\/v2\/product"}],"about":[{"href":"https:\/\/palmaequipmentrental.com\/de\/wp-json\/wp\/v2\/types\/product"}],"wp:featuredmedia":[{"embeddable":true,"href":"https:\/\/palmaequipmentrental.com\/de\/wp-json\/wp\/v2\/media\/11711"}],"wp:attachment":[{"href":"https:\/\/palmaequipmentrental.com\/de\/wp-json\/wp\/v2\/media?parent=11708"}],"wp:term":[{"taxonomy":"product_cat","embeddable":true,"href":"https:\/\/palmaequipmentrental.com\/de\/wp-json\/wp\/v2\/product_cat?post=11708"},{"taxonomy":"product_tag","embeddable":true,"href":"https:\/\/palmaequipmentrental.com\/de\/wp-json\/wp\/v2\/product_tag?post=11708"}],"curies":[{"name":"wp","href":"https:\/\/api.w.org\/{rel}","templated":true}]}}