{"id":11714,"date":"2022-11-25T13:37:23","date_gmt":"2022-11-25T13:37:23","guid":{"rendered":"https:\/\/www.palmaequipmentrental.com\/?post_type=product&#038;p=11714"},"modified":"2025-06-24T15:23:09","modified_gmt":"2025-06-24T15:23:09","slug":"skypanel-s60-intensifier","status":"publish","type":"product","link":"https:\/\/palmaequipmentrental.com\/de\/photo-video-equipment-mallorca\/skypanel-s60-intensifier\/","title":{"rendered":"Skypanel S60 Intensifier"},"content":{"rendered":"<p>Mit dem <strong>Skypanel Intensifier f\u00fcr S60 von ARRI<\/strong> k\u00f6nnen Sie die Leistung Ihres S60-C LED-Softlights erh\u00f6hen. Dieses Panel erh\u00f6ht die Leistung um bis zu 50%, w\u00e4hrend ein homogener, weicher Lichtstrahl erhalten bleibt. Au\u00dferdem wird ein Teil des Lichts nach vorne gelenkt, was zu einem halben Spitzenwinkel von 74\u00b0 f\u00fchrt.<\/p>\n<p><strong>Wesentliche Merkmale<\/strong><\/p>\n<ul>\n<li>Erh\u00f6ht die Leistung um bis zu 50%<\/li>\n<li>Beh\u00e4lt einen homogenen, weichen Lichtstrahl bei<\/li>\n<li>Erzeugt einen 74\u00b0 Halbspitzenwinkel<\/li>\n<\/ul>\n","protected":false},"excerpt":{"rendered":"<p>Mit dem Skypanel Intensifier f\u00fcr S60 von ARRI k\u00f6nnen Sie die Leistung Ihres S60-C LED-Softlights erh\u00f6hen. Dieses Panel erh\u00f6ht die Leistung um bis zu 50%, w\u00e4hrend ein homogener, weicher Lichtstrahl erhalten bleibt. Au\u00dferdem wird ein Teil des Lichts nach vorne gelenkt, was zu einem halben Spitzenwinkel von 74\u00b0 f\u00fchrt. Wesentliche Merkmale Erh\u00f6ht die Leistung um bis zu 50% Beh\u00e4lt einen [&hellip;]<\/p>\n","protected":false},"featured_media":11720,"template":"","meta":[],"product_cat":[763,766],"product_tag":[],"class_list":{"0":"post-11714","1":"product","2":"type-product","3":"status-publish","4":"has-post-thumbnail","6":"product_cat-skypanel-de","7":"product_cat-skypanel-v-de","9":"first","10":"instock","11":"shipping-taxable","12":"purchasable","13":"product-type-simple"},"_links":{"self":[{"href":"https:\/\/palmaequipmentrental.com\/de\/wp-json\/wp\/v2\/product\/11714","targetHints":{"allow":["GET"]}}],"collection":[{"href":"https:\/\/palmaequipmentrental.com\/de\/wp-json\/wp\/v2\/product"}],"about":[{"href":"https:\/\/palmaequipmentrental.com\/de\/wp-json\/wp\/v2\/types\/product"}],"wp:featuredmedia":[{"embeddable":true,"href":"https:\/\/palmaequipmentrental.com\/de\/wp-json\/wp\/v2\/media\/11720"}],"wp:attachment":[{"href":"https:\/\/palmaequipmentrental.com\/de\/wp-json\/wp\/v2\/media?parent=11714"}],"wp:term":[{"taxonomy":"product_cat","embeddable":true,"href":"https:\/\/palmaequipmentrental.com\/de\/wp-json\/wp\/v2\/product_cat?post=11714"},{"taxonomy":"product_tag","embeddable":true,"href":"https:\/\/palmaequipmentrental.com\/de\/wp-json\/wp\/v2\/product_tag?post=11714"}],"curies":[{"name":"wp","href":"https:\/\/api.w.org\/{rel}","templated":true}]}}