{"id":11750,"date":"2022-12-07T11:15:13","date_gmt":"2022-12-07T11:15:14","guid":{"rendered":"https:\/\/www.palmaequipmentrental.com\/?post_type=product&#038;p=11750"},"modified":"2025-06-13T13:51:57","modified_gmt":"2025-06-13T13:51:57","slug":"canon-eos-r5","status":"publish","type":"product","link":"https:\/\/palmaequipmentrental.com\/de\/photo-video-equipment-mallorca\/canon-eos-r5\/","title":{"rendered":"Canon EOS R5"},"content":{"rendered":"<p>Unser<strong> Canon EOS R5<\/strong> Kamera-Kit beinhaltet:<\/p>\n<ul>\n<li>1x Canon EOS R5 spiegelloses Vollformat-Kamerageh\u00e4use<\/li>\n<li>1x Trageriemen ER-EOSR5<\/li>\n<li>Lockblock-Schutz<\/li>\n<li>2x E6NH-Akkus<\/li>\n<li>1x LC-E6 Akku-Ladeger\u00e4t<\/li>\n<li>2x CFexpress 128GB Karten<\/li>\n<li>1x CFexpress Kartenleser<\/li>\n<li>R5-Akku-Griff (BG-R10)<\/li>\n<\/ul>\n<p>Die spiegellose Vollformatkamera Canon EOS R5 ist mit einem neu entwickelten 45-MP-CMOS-Sensor ausgestattet, der 8K-Raw-Videoaufnahmen und Serienaufnahmen mit 12 Bildern pro Sekunde mit mechanischem Verschluss erm\u00f6glicht. Sie ist die erste EOS-Kamera mit 5-Achsen-Sensor-Shift-Bildstabilisierung. Mit Vari-Angle-Touchscreen f\u00fcr Aufnahmen aus kreativen Winkeln und f\u00fcr Frontalaufnahmen.<\/p>\n<p><strong>Spezifikationen<\/strong><\/p>\n<ul>\n<li>Bildsensor: 36 x 24 mm CMOS 45 Megapixel, Bildseitenverh\u00e4ltnis 3:2<\/li>\n<li>Bildstabilisierung: Bis zu 8-Stufen In Body ISs<\/li>\n<li>8K RAW-Video<\/li>\n<li>Vari-Angle-Touchscreen-Display: 119,98 fps, Clear View LCD II, ca. 2,1 Mio. Punkte &amp; 100% Deckung<\/li>\n<li>Sucher: 0,5-Zoll-OLED-Farb-EVF 5,76 Millionen Punkte (1600&#215;1200) Abdeckung: 100% Vergr\u00f6\u00dferung:\u00a0 0.76x<\/li>\n<li>Objektivanschluss: RF (EF- und EF-S-Objektive k\u00f6nnen mit dem Anschlussadapter EF-EOS R angebracht werden)<\/li>\n<li>EF-M Objektive sind nicht kompatibel<\/li>\n<li>DIGIC X<\/li>\n<li>AF-System: Dual Pixel CMOS AF II<\/li>\n<li>AF-Messfelder: 100% horizontal und 100% vertikal<\/li>\n<li>ISO: Nativ 100-51.200 ISO kann auf 50-102.400 erweitert werden<\/li>\n<li>Belichtung: 30-1\/8000 s, Bulb<\/li>\n<li>X-Sync-Blitz: 1\/200s mechanischer Verschluss \/ 1\/250s elektronischer 1.Vorhang<\/li>\n<li>Filmgr\u00f6\u00dfe: 8K DCI (17:9) 8192 x 4320 (29,97, 25, 24, 23,98 fps)<\/li>\n<li>Duale Kartenaufzeichnung<\/li>\n<li>Eingebautes Mono-Mikrofon (48 Khz, 16-bit x 2 Kan\u00e4le)<\/li>\n<li>HDMI-Ausgang: 8K oder beschnittene 5k ProRes RAW-Aufnahme \u00fcber HDMI 15<\/li>\n<li>3,5-mm-MIC-Eingang, 3,5-mm-Kopfh\u00f6rerausgang, USB-C, SYNC-Ausgang und HDMI.<\/li>\n<li>Drahtloser Datei-Transmitter<\/li>\n<li>5 GHz und 2,4 GHz Wi-Fi-B\u00e4nder<\/li>\n<li>Steckpl\u00e4tze f\u00fcr CFexpress Typ B und SD UHS-II Speicherkarten<\/li>\n<li>Abmessungen (B x H x T) 138,5 x 97,5 x 88 mm Gewicht 650 g<\/li>\n<\/ul>\n<p>&nbsp;<\/p>\n","protected":false},"excerpt":{"rendered":"<p>Unser Canon EOS R5 Kamera-Kit beinhaltet: 1x Canon EOS R5 spiegelloses Vollformat-Kamerageh\u00e4use 1x Trageriemen ER-EOSR5 Lockblock-Schutz 2x E6NH-Akkus 1x LC-E6 Akku-Ladeger\u00e4t 2x CFexpress 128GB Karten 1x CFexpress Kartenleser R5-Akku-Griff (BG-R10) Die spiegellose Vollformatkamera Canon EOS R5 ist mit einem neu entwickelten 45-MP-CMOS-Sensor ausgestattet, der 8K-Raw-Videoaufnahmen und Serienaufnahmen mit 12 Bildern pro Sekunde mit mechanischem Verschluss erm\u00f6glicht. Sie ist die erste [&hellip;]<\/p>\n","protected":false},"featured_media":11757,"template":"","meta":[],"product_cat":[142,169],"product_tag":[],"class_list":{"0":"post-11750","1":"product","2":"type-product","3":"status-publish","4":"has-post-thumbnail","6":"product_cat-kamera-body","7":"product_cat-kamera-body-de","9":"first","10":"instock","11":"shipping-taxable","12":"purchasable","13":"product-type-simple"},"_links":{"self":[{"href":"https:\/\/palmaequipmentrental.com\/de\/wp-json\/wp\/v2\/product\/11750","targetHints":{"allow":["GET"]}}],"collection":[{"href":"https:\/\/palmaequipmentrental.com\/de\/wp-json\/wp\/v2\/product"}],"about":[{"href":"https:\/\/palmaequipmentrental.com\/de\/wp-json\/wp\/v2\/types\/product"}],"wp:featuredmedia":[{"embeddable":true,"href":"https:\/\/palmaequipmentrental.com\/de\/wp-json\/wp\/v2\/media\/11757"}],"wp:attachment":[{"href":"https:\/\/palmaequipmentrental.com\/de\/wp-json\/wp\/v2\/media?parent=11750"}],"wp:term":[{"taxonomy":"product_cat","embeddable":true,"href":"https:\/\/palmaequipmentrental.com\/de\/wp-json\/wp\/v2\/product_cat?post=11750"},{"taxonomy":"product_tag","embeddable":true,"href":"https:\/\/palmaequipmentrental.com\/de\/wp-json\/wp\/v2\/product_tag?post=11750"}],"curies":[{"name":"wp","href":"https:\/\/api.w.org\/{rel}","templated":true}]}}