{"id":11763,"date":"2022-12-20T09:30:39","date_gmt":"2022-12-20T09:30:39","guid":{"rendered":"https:\/\/www.palmaequipmentrental.com\/?post_type=product&#038;p=11763"},"modified":"2025-06-13T13:54:56","modified_gmt":"2025-06-13T13:54:56","slug":"canon-rf-70-200mm-f2-8-l-is-usm","status":"publish","type":"product","link":"https:\/\/palmaequipmentrental.com\/de\/photo-video-equipment-mallorca\/canon-rf-70-200mm-f2-8-l-is-usm\/","title":{"rendered":"Canon RF 70-200mm F2.8 L IS USM"},"content":{"rendered":"<p><strong>Canon RF 70-200mm F2.8 L IS USM<\/strong> Objektiv<\/p>\n<p>Hervorragende optische Technik, eine lichtstarke Blende von 2,8 und eine Bildstabilisierung mit 5 Blendenstufen.<\/p>\n<p><strong>Wichtige Spezifikationen:<\/strong><\/p>\n<ul>\n<li>Blende 2,8 f\u00fcr niedrige Lichtleistung und geringe Sch\u00e4rfentiefe<\/li>\n<li>Bildstabilisator. 5-stufige Stabilisierung f\u00fcr verwacklungsfreie Bilder<\/li>\n<li>Asph\u00e4rische und UD-Elemente. F\u00fcr au\u00dfergew\u00f6hnlich scharfe Bilder<\/li>\n<li>Dual-Nano-USM-Motor. F\u00fcr sanfte, schnelle und leise kontinuierliche Fokussierung<\/li>\n<li>Kompakt und leicht. Klein und platzsparend f\u00fcr eine gute Tragbarkeit<\/li>\n<li>Objektiv-Steuerring. F\u00fcr zus\u00e4tzliche Kontrolle \u00fcber ISO, Blende und Verschlusszeit<\/li>\n<\/ul>\n","protected":false},"excerpt":{"rendered":"<p>Canon RF 70-200mm F2.8 L IS USM Objektiv Hervorragende optische Technik, eine lichtstarke Blende von 2,8 und eine Bildstabilisierung mit 5 Blendenstufen. Wichtige Spezifikationen: Blende 2,8 f\u00fcr niedrige Lichtleistung und geringe Sch\u00e4rfentiefe Bildstabilisator. 5-stufige Stabilisierung f\u00fcr verwacklungsfreie Bilder Asph\u00e4rische und UD-Elemente. F\u00fcr au\u00dfergew\u00f6hnlich scharfe Bilder Dual-Nano-USM-Motor. F\u00fcr sanfte, schnelle und leise kontinuierliche Fokussierung Kompakt und leicht. Klein und platzsparend f\u00fcr [&hellip;]<\/p>\n","protected":false},"featured_media":11766,"template":"","meta":[],"product_cat":[792,798],"product_tag":[],"class_list":{"0":"post-11763","1":"product","2":"type-product","3":"status-publish","4":"has-post-thumbnail","6":"product_cat-rf-objektive","7":"product_cat-rf-objektive-v","9":"first","10":"instock","11":"shipping-taxable","12":"purchasable","13":"product-type-simple"},"_links":{"self":[{"href":"https:\/\/palmaequipmentrental.com\/de\/wp-json\/wp\/v2\/product\/11763","targetHints":{"allow":["GET"]}}],"collection":[{"href":"https:\/\/palmaequipmentrental.com\/de\/wp-json\/wp\/v2\/product"}],"about":[{"href":"https:\/\/palmaequipmentrental.com\/de\/wp-json\/wp\/v2\/types\/product"}],"wp:featuredmedia":[{"embeddable":true,"href":"https:\/\/palmaequipmentrental.com\/de\/wp-json\/wp\/v2\/media\/11766"}],"wp:attachment":[{"href":"https:\/\/palmaequipmentrental.com\/de\/wp-json\/wp\/v2\/media?parent=11763"}],"wp:term":[{"taxonomy":"product_cat","embeddable":true,"href":"https:\/\/palmaequipmentrental.com\/de\/wp-json\/wp\/v2\/product_cat?post=11763"},{"taxonomy":"product_tag","embeddable":true,"href":"https:\/\/palmaequipmentrental.com\/de\/wp-json\/wp\/v2\/product_tag?post=11763"}],"curies":[{"name":"wp","href":"https:\/\/api.w.org\/{rel}","templated":true}]}}