{"id":11775,"date":"2022-12-20T11:51:49","date_gmt":"2022-12-20T11:51:49","guid":{"rendered":"https:\/\/www.palmaequipmentrental.com\/?post_type=product&#038;p=11775"},"modified":"2025-06-27T17:20:12","modified_gmt":"2025-06-27T17:20:12","slug":"usb-c-multifunktions-adapter-hub","status":"publish","type":"product","link":"https:\/\/palmaequipmentrental.com\/de\/photo-video-equipment-mallorca\/usb-c-multifunktions-adapter-hub\/","title":{"rendered":"USB-C Multifunktions Adapter Hub\u00a0"},"content":{"rendered":"<p>USB-C Multifunktions-Adapter-Hub<\/p>\n<p><strong>Anschl\u00fcsse:<\/strong><\/p>\n<ul>\n<li>HDMI-Ausgang: 4K UHD<\/li>\n<li>TF\/SD-Kartenleser: Unterst\u00fctzt das gleichzeitige Lesen von 2 Karten.<\/li>\n<li>3x USB-3-Anschl\u00fcsse mit superschneller \u00dcbertragungsrate von bis zu 5Gbps.<\/li>\n<\/ul>\n","protected":false},"excerpt":{"rendered":"<p>USB-C Multifunktions-Adapter-Hub Anschl\u00fcsse: HDMI-Ausgang: 4K UHD TF\/SD-Kartenleser: Unterst\u00fctzt das gleichzeitige Lesen von 2 Karten. 3x USB-3-Anschl\u00fcsse mit superschneller \u00dcbertragungsrate von bis zu 5Gbps.<\/p>\n","protected":false},"featured_media":11778,"template":"","meta":[],"product_cat":[131],"product_tag":[],"class_list":{"0":"post-11775","1":"product","2":"type-product","3":"status-publish","4":"has-post-thumbnail","6":"product_cat-digitale-zubehor","8":"first","9":"instock","10":"shipping-taxable","11":"purchasable","12":"product-type-simple"},"_links":{"self":[{"href":"https:\/\/palmaequipmentrental.com\/de\/wp-json\/wp\/v2\/product\/11775","targetHints":{"allow":["GET"]}}],"collection":[{"href":"https:\/\/palmaequipmentrental.com\/de\/wp-json\/wp\/v2\/product"}],"about":[{"href":"https:\/\/palmaequipmentrental.com\/de\/wp-json\/wp\/v2\/types\/product"}],"wp:featuredmedia":[{"embeddable":true,"href":"https:\/\/palmaequipmentrental.com\/de\/wp-json\/wp\/v2\/media\/11778"}],"wp:attachment":[{"href":"https:\/\/palmaequipmentrental.com\/de\/wp-json\/wp\/v2\/media?parent=11775"}],"wp:term":[{"taxonomy":"product_cat","embeddable":true,"href":"https:\/\/palmaequipmentrental.com\/de\/wp-json\/wp\/v2\/product_cat?post=11775"},{"taxonomy":"product_tag","embeddable":true,"href":"https:\/\/palmaequipmentrental.com\/de\/wp-json\/wp\/v2\/product_tag?post=11775"}],"curies":[{"name":"wp","href":"https:\/\/api.w.org\/{rel}","templated":true}]}}