{"id":11817,"date":"2022-12-21T13:35:59","date_gmt":"2022-12-21T13:35:59","guid":{"rendered":"https:\/\/www.palmaequipmentrental.com\/?post_type=product&#038;p=11817"},"modified":"2025-06-18T15:47:11","modified_gmt":"2025-06-18T15:47:11","slug":"nespresso-maschine-mallorca-rental","status":"publish","type":"product","link":"https:\/\/palmaequipmentrental.com\/de\/photo-video-equipment-mallorca\/nespresso-maschine-mallorca-rental\/","title":{"rendered":"Nespresso Maschine"},"content":{"rendered":"<p><strong>Inissia Nespresso-Maschine<\/strong><\/p>\n<p>Winzige Grundfl\u00e4che, kompakte, leichte Espresso-Kaffeemaschine.<\/p>\n<ul>\n<li>Gewicht: 2,4 Kilogramm<\/li>\n<li>H\u00f6he: 32,1 Zentimeter<\/li>\n<li>Abnehmbarer Wassertank: 0,7 Liter<\/li>\n<li>Fassungsverm\u00f6gen des Beh\u00e4lters f\u00fcr gebrauchte Kapseln: 11<\/li>\n<li>Abmessungen (BxTxH): 12 cm x 23 cm<\/li>\n<li>Aufklappbare Abtropfschale<\/li>\n<li>Kaffeegr\u00f6\u00dfe Espresso &amp; Lungo<\/li>\n<li>Ausschaltfunktion nach 9 Minuten<\/li>\n<\/ul>\n","protected":false},"excerpt":{"rendered":"<p>Inissia Nespresso-Maschine Winzige Grundfl\u00e4che, kompakte, leichte Espresso-Kaffeemaschine. Gewicht: 2,4 Kilogramm H\u00f6he: 32,1 Zentimeter Abnehmbarer Wassertank: 0,7 Liter Fassungsverm\u00f6gen des Beh\u00e4lters f\u00fcr gebrauchte Kapseln: 11 Abmessungen (BxTxH): 12 cm x 23 cm Aufklappbare Abtropfschale Kaffeegr\u00f6\u00dfe Espresso &amp; Lungo Ausschaltfunktion nach 9 Minuten<\/p>\n","protected":false},"featured_media":11820,"template":"","meta":[],"product_cat":[125],"product_tag":[],"class_list":{"0":"post-11817","1":"product","2":"type-product","3":"status-publish","4":"has-post-thumbnail","6":"product_cat-produktion-de","8":"first","9":"instock","10":"shipping-taxable","11":"purchasable","12":"product-type-simple"},"_links":{"self":[{"href":"https:\/\/palmaequipmentrental.com\/de\/wp-json\/wp\/v2\/product\/11817","targetHints":{"allow":["GET"]}}],"collection":[{"href":"https:\/\/palmaequipmentrental.com\/de\/wp-json\/wp\/v2\/product"}],"about":[{"href":"https:\/\/palmaequipmentrental.com\/de\/wp-json\/wp\/v2\/types\/product"}],"wp:featuredmedia":[{"embeddable":true,"href":"https:\/\/palmaequipmentrental.com\/de\/wp-json\/wp\/v2\/media\/11820"}],"wp:attachment":[{"href":"https:\/\/palmaequipmentrental.com\/de\/wp-json\/wp\/v2\/media?parent=11817"}],"wp:term":[{"taxonomy":"product_cat","embeddable":true,"href":"https:\/\/palmaequipmentrental.com\/de\/wp-json\/wp\/v2\/product_cat?post=11817"},{"taxonomy":"product_tag","embeddable":true,"href":"https:\/\/palmaequipmentrental.com\/de\/wp-json\/wp\/v2\/product_tag?post=11817"}],"curies":[{"name":"wp","href":"https:\/\/api.w.org\/{rel}","templated":true}]}}