{"id":11906,"date":"2023-01-24T09:33:15","date_gmt":"2023-01-24T09:33:16","guid":{"rendered":"https:\/\/www.palmaequipmentrental.com\/?post_type=product&#038;p=11906"},"modified":"2025-06-13T14:59:25","modified_gmt":"2025-06-13T14:59:25","slug":"keramik-heizung-2000w","status":"publish","type":"product","link":"https:\/\/palmaequipmentrental.com\/de\/photo-video-equipment-mallorca\/keramik-heizung-2000w\/","title":{"rendered":"Elektrischer Warmlufterzeuger"},"content":{"rendered":"<p><strong>Elektrischer Warmlufterzeuger 2000W<\/strong><\/p>\n<p>Der elektrische Heizl\u00fcfter Master B2 EPB ist ein Ger\u00e4t zum Beheizen kleiner R\u00e4ume \u00fcber den elektrischen Anschluss.<\/p>\n<ul>\n<li>Luftdurchsatz 184 m3\/h<\/li>\n<li>2 Heizleistungen 1000\/2000 Watt<\/li>\n<li>\u00dcberhitzungsschutzsystem<\/li>\n<li>Metallgeh\u00e4use<\/li>\n<li>Einstellbare Temperaturregelung<\/li>\n<li>Sicherheit IP24<\/li>\n<li>Abmessungen: 220 x 200 x 330 mm<\/li>\n<li>Gewicht: 3,7 kg<\/li>\n<\/ul>\n","protected":false},"excerpt":{"rendered":"<p>Elektrischer Warmlufterzeuger 2000W Der elektrische Heizl\u00fcfter Master B2 EPB ist ein Ger\u00e4t zum Beheizen kleiner R\u00e4ume \u00fcber den elektrischen Anschluss. Luftdurchsatz 184 m3\/h 2 Heizleistungen 1000\/2000 Watt \u00dcberhitzungsschutzsystem Metallgeh\u00e4use Einstellbare Temperaturregelung Sicherheit IP24 Abmessungen: 220 x 200 x 330 mm Gewicht: 3,7 kg<\/p>\n","protected":false},"featured_media":11912,"template":"","meta":[],"product_cat":[125],"product_tag":[],"class_list":{"0":"post-11906","1":"product","2":"type-product","3":"status-publish","4":"has-post-thumbnail","6":"product_cat-produktion-de","8":"first","9":"instock","10":"shipping-taxable","11":"purchasable","12":"product-type-simple"},"_links":{"self":[{"href":"https:\/\/palmaequipmentrental.com\/de\/wp-json\/wp\/v2\/product\/11906","targetHints":{"allow":["GET"]}}],"collection":[{"href":"https:\/\/palmaequipmentrental.com\/de\/wp-json\/wp\/v2\/product"}],"about":[{"href":"https:\/\/palmaequipmentrental.com\/de\/wp-json\/wp\/v2\/types\/product"}],"wp:featuredmedia":[{"embeddable":true,"href":"https:\/\/palmaequipmentrental.com\/de\/wp-json\/wp\/v2\/media\/11912"}],"wp:attachment":[{"href":"https:\/\/palmaequipmentrental.com\/de\/wp-json\/wp\/v2\/media?parent=11906"}],"wp:term":[{"taxonomy":"product_cat","embeddable":true,"href":"https:\/\/palmaequipmentrental.com\/de\/wp-json\/wp\/v2\/product_cat?post=11906"},{"taxonomy":"product_tag","embeddable":true,"href":"https:\/\/palmaequipmentrental.com\/de\/wp-json\/wp\/v2\/product_tag?post=11906"}],"curies":[{"name":"wp","href":"https:\/\/api.w.org\/{rel}","templated":true}]}}