{"id":11909,"date":"2023-01-24T09:33:19","date_gmt":"2023-01-24T09:33:19","guid":{"rendered":"https:\/\/www.palmaequipmentrental.com\/?post_type=product&#038;p=11909"},"modified":"2025-08-05T12:27:54","modified_gmt":"2025-08-05T12:27:54","slug":"gasheizgerat","status":"publish","type":"product","link":"https:\/\/palmaequipmentrental.com\/de\/photo-video-equipment-mallorca\/gasheizgerat\/","title":{"rendered":"Gasheizger\u00e4t"},"content":{"rendered":"<p><strong>Butan-Propan Gasheizger\u00e4t<\/strong> mit piezoelektrischem Start.<br \/>\nErzeugt ein hohes Volumen an sofortiger W\u00e4rme.<\/p>\n<ul>\n<li>Maximale W\u00e4rmeleistung: 33 kW<\/li>\n<li>Luftdurchsatz: 1000m\u00b3\/h<\/li>\n<li>Gewicht: 7,5<\/li>\n<li>Verbrauch: 2,4kg\/h<\/li>\n<\/ul>\n<p><a href=\"https:\/\/youtu.be\/akXwK2myPiE\">Check our video!<\/a><\/p>\n","protected":false},"excerpt":{"rendered":"<p>Butan-Propan Gasheizger\u00e4t mit piezoelektrischem Start. Erzeugt ein hohes Volumen an sofortiger W\u00e4rme. Maximale W\u00e4rmeleistung: 33 kW Luftdurchsatz: 1000m\u00b3\/h Gewicht: 7,5 Verbrauch: 2,4kg\/h Check our video!<\/p>\n","protected":false},"featured_media":11916,"template":"","meta":[],"product_cat":[125],"product_tag":[],"class_list":{"0":"post-11909","1":"product","2":"type-product","3":"status-publish","4":"has-post-thumbnail","6":"product_cat-produktion-de","8":"first","9":"instock","10":"shipping-taxable","11":"purchasable","12":"product-type-simple"},"_links":{"self":[{"href":"https:\/\/palmaequipmentrental.com\/de\/wp-json\/wp\/v2\/product\/11909","targetHints":{"allow":["GET"]}}],"collection":[{"href":"https:\/\/palmaequipmentrental.com\/de\/wp-json\/wp\/v2\/product"}],"about":[{"href":"https:\/\/palmaequipmentrental.com\/de\/wp-json\/wp\/v2\/types\/product"}],"wp:featuredmedia":[{"embeddable":true,"href":"https:\/\/palmaequipmentrental.com\/de\/wp-json\/wp\/v2\/media\/11916"}],"wp:attachment":[{"href":"https:\/\/palmaequipmentrental.com\/de\/wp-json\/wp\/v2\/media?parent=11909"}],"wp:term":[{"taxonomy":"product_cat","embeddable":true,"href":"https:\/\/palmaequipmentrental.com\/de\/wp-json\/wp\/v2\/product_cat?post=11909"},{"taxonomy":"product_tag","embeddable":true,"href":"https:\/\/palmaequipmentrental.com\/de\/wp-json\/wp\/v2\/product_tag?post=11909"}],"curies":[{"name":"wp","href":"https:\/\/api.w.org\/{rel}","templated":true}]}}