{"id":12349,"date":"2023-02-06T13:19:23","date_gmt":"2023-02-06T13:19:23","guid":{"rendered":"https:\/\/www.palmaequipmentrental.com\/?post_type=product&#038;p=12349"},"modified":"2023-02-06T13:24:24","modified_gmt":"2023-02-06T13:24:24","slug":"ez-up-tent-black","status":"publish","type":"product","link":"https:\/\/palmaequipmentrental.com\/de\/photo-video-equipment-mallorca\/ez-up-tent-black\/","title":{"rendered":"EZ Up-Zelt Schwarz"},"content":{"rendered":"<p>Unser 3 x 3 m gro\u00dfes Easy Up Pop Up-Zelt in Schwarz enth\u00e4lt 4 Seitenw\u00e4nde.<\/p>\n<p>Erh\u00e4ltlich in schwarz und wei\u00df.<\/p>\n","protected":false},"excerpt":{"rendered":"<p>Unser 3 x 3 m gro\u00dfes Easy Up Pop Up-Zelt in Schwarz enth\u00e4lt 4 Seitenw\u00e4nde. Erh\u00e4ltlich in schwarz und wei\u00df.<\/p>\n","protected":false},"featured_media":12353,"template":"","meta":[],"product_cat":[125],"product_tag":[],"class_list":{"0":"post-12349","1":"product","2":"type-product","3":"status-publish","4":"has-post-thumbnail","6":"product_cat-produktion-de","8":"first","9":"instock","10":"shipping-taxable","11":"purchasable","12":"product-type-simple"},"_links":{"self":[{"href":"https:\/\/palmaequipmentrental.com\/de\/wp-json\/wp\/v2\/product\/12349","targetHints":{"allow":["GET"]}}],"collection":[{"href":"https:\/\/palmaequipmentrental.com\/de\/wp-json\/wp\/v2\/product"}],"about":[{"href":"https:\/\/palmaequipmentrental.com\/de\/wp-json\/wp\/v2\/types\/product"}],"wp:featuredmedia":[{"embeddable":true,"href":"https:\/\/palmaequipmentrental.com\/de\/wp-json\/wp\/v2\/media\/12353"}],"wp:attachment":[{"href":"https:\/\/palmaequipmentrental.com\/de\/wp-json\/wp\/v2\/media?parent=12349"}],"wp:term":[{"taxonomy":"product_cat","embeddable":true,"href":"https:\/\/palmaequipmentrental.com\/de\/wp-json\/wp\/v2\/product_cat?post=12349"},{"taxonomy":"product_tag","embeddable":true,"href":"https:\/\/palmaequipmentrental.com\/de\/wp-json\/wp\/v2\/product_tag?post=12349"}],"curies":[{"name":"wp","href":"https:\/\/api.w.org\/{rel}","templated":true}]}}