{"id":12576,"date":"2023-02-16T13:50:07","date_gmt":"2023-02-16T13:50:07","guid":{"rendered":"https:\/\/www.palmaequipmentrental.com\/?post_type=product&#038;p=12576"},"modified":"2023-02-17T08:57:33","modified_gmt":"2023-02-17T08:57:33","slug":"led-litepanel-bi-color-30x30cm-copy-2","status":"publish","type":"product","link":"https:\/\/palmaequipmentrental.com\/de\/photo-video-equipment-mallorca\/led-litepanel-bi-color-30x30cm-copy-2\/","title":{"rendered":"LED Ringlicht"},"content":{"rendered":"<p>LED-Ringlicht mit Objektiv, einschlie\u00dflich:<\/p>\n<p>2x NP-Batterien<br \/>\nBatterieladeger\u00e4t<br \/>\n7x Ringhalterungen f\u00fcr verschiedene Objektive<\/p>\n<p>Kontinuierliche LED-Lichtringlampe mit stufenloser Einstellung der Helligkeit von 20% ~ 100%, die am Objektivfilterring befestigt werden kann.<\/p>\n<p>Leistung von 14W<br \/>\nTageslichtcharakter bei 5.800 K \u00b1 200 Kelvin<br \/>\n1.400 Lumen<br \/>\nintegrierter Blitzschuh f\u00fcr Mikrofone, Systemblitze, Flexarme und Aufhellleuchten<br \/>\nenth\u00e4lt 7 Ringhalterungen f\u00fcr verschiedene Objektivfiltergr\u00f6\u00dfen<\/p>\n","protected":false},"excerpt":{"rendered":"<p>LED-Ringlicht mit Objektiv, einschlie\u00dflich: 2x NP-Batterien Batterieladeger\u00e4t 7x Ringhalterungen f\u00fcr verschiedene Objektive Kontinuierliche LED-Lichtringlampe mit stufenloser Einstellung der Helligkeit von 20% ~ 100%, die am Objektivfilterring befestigt werden kann. Leistung von 14W Tageslichtcharakter bei 5.800 K \u00b1 200 Kelvin 1.400 Lumen integrierter Blitzschuh f\u00fcr Mikrofone, Systemblitze, Flexarme und Aufhellleuchten enth\u00e4lt 7 Ringhalterungen f\u00fcr verschiedene Objektivfiltergr\u00f6\u00dfen<\/p>\n","protected":false},"featured_media":12583,"template":"","meta":[],"product_cat":[237,160],"product_tag":[],"class_list":{"0":"post-12576","1":"product","2":"type-product","3":"status-publish","4":"has-post-thumbnail","6":"product_cat-led-de-2","7":"product_cat-led-de","9":"first","10":"instock","11":"shipping-taxable","12":"purchasable","13":"product-type-simple"},"_links":{"self":[{"href":"https:\/\/palmaequipmentrental.com\/de\/wp-json\/wp\/v2\/product\/12576","targetHints":{"allow":["GET"]}}],"collection":[{"href":"https:\/\/palmaequipmentrental.com\/de\/wp-json\/wp\/v2\/product"}],"about":[{"href":"https:\/\/palmaequipmentrental.com\/de\/wp-json\/wp\/v2\/types\/product"}],"wp:featuredmedia":[{"embeddable":true,"href":"https:\/\/palmaequipmentrental.com\/de\/wp-json\/wp\/v2\/media\/12583"}],"wp:attachment":[{"href":"https:\/\/palmaequipmentrental.com\/de\/wp-json\/wp\/v2\/media?parent=12576"}],"wp:term":[{"taxonomy":"product_cat","embeddable":true,"href":"https:\/\/palmaequipmentrental.com\/de\/wp-json\/wp\/v2\/product_cat?post=12576"},{"taxonomy":"product_tag","embeddable":true,"href":"https:\/\/palmaequipmentrental.com\/de\/wp-json\/wp\/v2\/product_tag?post=12576"}],"curies":[{"name":"wp","href":"https:\/\/api.w.org\/{rel}","templated":true}]}}