{"id":12639,"date":"2023-02-21T09:04:32","date_gmt":"2023-02-21T09:04:33","guid":{"rendered":"https:\/\/www.palmaequipmentrental.com\/?post_type=product&#038;p=12639"},"modified":"2025-06-24T15:04:03","modified_gmt":"2025-06-24T15:04:03","slug":"sachtler-video-14-ii-stativ","status":"publish","type":"product","link":"https:\/\/palmaequipmentrental.com\/de\/photo-video-equipment-mallorca\/sachtler-video-14-ii-stativ\/","title":{"rendered":"Sachtler Video 14 II Stativ"},"content":{"rendered":"<p><strong>Sachtler Video 14 II Stativ mit Kopf und Beinen.<\/strong><\/p>\n<p>Das Stativ verf\u00fcgt \u00fcber eine Touch-and-Go-Kameraplatte mit 0,25- und 0,38-Zoll-Schrauben und einen flachen Sockel, so dass es f\u00fcr jede Kamera geeignet ist, die mit diesen Spezifikationen kompatibel ist. Au\u00dferdem verf\u00fcgt das Stativ \u00fcber ein Gegengewichtssystem, um den Camcorder auch in einer geneigten Position im Gleichgewicht zu halten. Die Schwenkstangen dieses Stativs haben ein geripptes Rosettenmuster mit einem Durchmesser von 1,2 Zoll (3,0 cm). Der Neigungsbereich dieses Sachtler-Stativs reicht von plus 60 Grad bis minus 60 Grad, und es verf\u00fcgt \u00fcber eine Ausgleichsplatte mit einem Schiebebereich von \u00fcber 6 cm. Es kann auch horizontal und vertikal gezogen werden.<\/p>\n<p><strong>Eigenschaften:<\/strong><\/p>\n<ul>\n<li>Gewicht: 2,9 kg (6,4 Pfund)<\/li>\n<li>Nutzlast: 15 kg (33 Pfund)<\/li>\n<li>Gegengewicht: 15,4 &#8211; 33 Pfund<\/li>\n<li>3 Widerstandsstufen f\u00fcr Tilt &amp; Pan<\/li>\n<li>Neigungsbereich +90\u00b0 \/ -75\u00b0<\/li>\n<\/ul>\n","protected":false},"excerpt":{"rendered":"<p>Sachtler Video 14 II Stativ mit Kopf und Beinen. Das Stativ verf\u00fcgt \u00fcber eine Touch-and-Go-Kameraplatte mit 0,25- und 0,38-Zoll-Schrauben und einen flachen Sockel, so dass es f\u00fcr jede Kamera geeignet ist, die mit diesen Spezifikationen kompatibel ist. Au\u00dferdem verf\u00fcgt das Stativ \u00fcber ein Gegengewichtssystem, um den Camcorder auch in einer geneigten Position im Gleichgewicht zu halten. Die Schwenkstangen dieses Stativs [&hellip;]<\/p>\n","protected":false},"featured_media":12642,"template":"","meta":[],"product_cat":[171],"product_tag":[],"class_list":{"0":"post-12639","1":"product","2":"type-product","3":"status-publish","4":"has-post-thumbnail","6":"product_cat-kamerastative-de","8":"first","9":"instock","10":"shipping-taxable","11":"purchasable","12":"product-type-simple"},"_links":{"self":[{"href":"https:\/\/palmaequipmentrental.com\/de\/wp-json\/wp\/v2\/product\/12639","targetHints":{"allow":["GET"]}}],"collection":[{"href":"https:\/\/palmaequipmentrental.com\/de\/wp-json\/wp\/v2\/product"}],"about":[{"href":"https:\/\/palmaequipmentrental.com\/de\/wp-json\/wp\/v2\/types\/product"}],"wp:featuredmedia":[{"embeddable":true,"href":"https:\/\/palmaequipmentrental.com\/de\/wp-json\/wp\/v2\/media\/12642"}],"wp:attachment":[{"href":"https:\/\/palmaequipmentrental.com\/de\/wp-json\/wp\/v2\/media?parent=12639"}],"wp:term":[{"taxonomy":"product_cat","embeddable":true,"href":"https:\/\/palmaequipmentrental.com\/de\/wp-json\/wp\/v2\/product_cat?post=12639"},{"taxonomy":"product_tag","embeddable":true,"href":"https:\/\/palmaequipmentrental.com\/de\/wp-json\/wp\/v2\/product_tag?post=12639"}],"curies":[{"name":"wp","href":"https:\/\/api.w.org\/{rel}","templated":true}]}}