{"id":12727,"date":"2023-02-23T13:23:56","date_gmt":"2023-02-23T13:23:57","guid":{"rendered":"https:\/\/www.palmaequipmentrental.com\/?post_type=product&#038;p=12727"},"modified":"2025-06-13T13:44:03","modified_gmt":"2025-06-13T13:44:03","slug":"canon-ef-100-400mm-f45-56l-is-usm","status":"publish","type":"product","link":"https:\/\/palmaequipmentrental.com\/de\/photo-video-equipment-mallorca\/canon-ef-100-400mm-f45-56l-is-usm\/","title":{"rendered":"Canon EF 100-400mm f\/4.5-5.6L IS USM"},"content":{"rendered":"<p><strong>Canon 100-400mm Objektiv f\/4.5-5.6L IS USM<\/strong><\/p>\n<p>Professionelles Telezoom-Objektiv der L-Serie f\u00fcr Canon Kameras.<br \/>\nMit 3-Stufen-Bildstabilisator und Ultraschallmotor f\u00fcr schnellen und leisen AF.<\/p>\n<p><strong>Wichtigste Spezifikationen<\/strong><\/p>\n<ul>\n<li>Minimale Blenden\u00f6ffnung f\/32-f\/38<\/li>\n<li>Maximale Blenden\u00f6ffnung f\/4,5<\/li>\n<li>Brennweite 100 &#8211; 400 mm<\/li>\n<li>Mindestfokussierentfernung 180 cm<\/li>\n<li>Aufbau des Objektivs (Elemente\/Gruppen) 17\/14<\/li>\n<li>Anzahl der Blendenlamellen 5<\/li>\n<li>Durchmesser mm 77 mm<\/li>\n<li>Bildstabilisator Ja, 3-stufig<\/li>\n<li>Autofokusmotor Ultraschallmotor (USM)<\/li>\n<li>Gewicht 1,36 kg<\/li>\n<\/ul>\n","protected":false},"excerpt":{"rendered":"<p>Canon 100-400mm Objektiv f\/4.5-5.6L IS USM Professionelles Telezoom-Objektiv der L-Serie f\u00fcr Canon Kameras. Mit 3-Stufen-Bildstabilisator und Ultraschallmotor f\u00fcr schnellen und leisen AF. Wichtigste Spezifikationen Minimale Blenden\u00f6ffnung f\/32-f\/38 Maximale Blenden\u00f6ffnung f\/4,5 Brennweite 100 &#8211; 400 mm Mindestfokussierentfernung 180 cm Aufbau des Objektivs (Elemente\/Gruppen) 17\/14 Anzahl der Blendenlamellen 5 Durchmesser mm 77 mm Bildstabilisator Ja, 3-stufig Autofokusmotor Ultraschallmotor (USM) Gewicht 1,36 kg<\/p>\n","protected":false},"featured_media":12733,"template":"","meta":[],"product_cat":[794,800],"product_tag":[],"class_list":{"0":"post-12727","1":"product","2":"type-product","3":"status-publish","4":"has-post-thumbnail","6":"product_cat-ef-objektive","7":"product_cat-ef-objektive-v","9":"first","10":"instock","11":"shipping-taxable","12":"purchasable","13":"product-type-simple"},"_links":{"self":[{"href":"https:\/\/palmaequipmentrental.com\/de\/wp-json\/wp\/v2\/product\/12727","targetHints":{"allow":["GET"]}}],"collection":[{"href":"https:\/\/palmaequipmentrental.com\/de\/wp-json\/wp\/v2\/product"}],"about":[{"href":"https:\/\/palmaequipmentrental.com\/de\/wp-json\/wp\/v2\/types\/product"}],"wp:featuredmedia":[{"embeddable":true,"href":"https:\/\/palmaequipmentrental.com\/de\/wp-json\/wp\/v2\/media\/12733"}],"wp:attachment":[{"href":"https:\/\/palmaequipmentrental.com\/de\/wp-json\/wp\/v2\/media?parent=12727"}],"wp:term":[{"taxonomy":"product_cat","embeddable":true,"href":"https:\/\/palmaequipmentrental.com\/de\/wp-json\/wp\/v2\/product_cat?post=12727"},{"taxonomy":"product_tag","embeddable":true,"href":"https:\/\/palmaequipmentrental.com\/de\/wp-json\/wp\/v2\/product_tag?post=12727"}],"curies":[{"name":"wp","href":"https:\/\/api.w.org\/{rel}","templated":true}]}}