{"id":12749,"date":"2023-03-09T13:41:42","date_gmt":"2023-03-09T13:41:42","guid":{"rendered":"https:\/\/www.palmaequipmentrental.com\/?post_type=product&#038;p=12749"},"modified":"2025-06-24T15:27:51","modified_gmt":"2025-06-24T15:27:51","slug":"soft-grid-1x6","status":"publish","type":"product","link":"https:\/\/palmaequipmentrental.com\/de\/photo-video-equipment-mallorca\/soft-grid-1x6\/","title":{"rendered":"Soft Grid 1&#215;6&#8242;"},"content":{"rendered":"<p><strong>Softgrid f\u00fcr Softbox 1&#215;6&#8242;<\/strong><\/p>\n<p>Der Wabenvorsatz reduziert den Leuchtwinkel auf 50\u00b0. Mit anderen Worten, er sorgt f\u00fcr ein st\u00e4rker gerichtetes Licht und vermeidet \u00fcberm\u00e4\u00dfiges Streulicht. So k\u00f6nnen Sie das Licht noch pr\u00e4ziser f\u00fchren.<\/p>\n<ul>\n<li>Reduziert den Leuchtwinkel auf 50\u00b0.<\/li>\n<li>Klettverschl\u00fcsse f\u00fcr einen schnellen und einfachen Aufbau.<\/li>\n<\/ul>\n","protected":false},"excerpt":{"rendered":"<p>Softgrid f\u00fcr Softbox 1&#215;6&#8242; Der Wabenvorsatz reduziert den Leuchtwinkel auf 50\u00b0. Mit anderen Worten, er sorgt f\u00fcr ein st\u00e4rker gerichtetes Licht und vermeidet \u00fcberm\u00e4\u00dfiges Streulicht. So k\u00f6nnen Sie das Licht noch pr\u00e4ziser f\u00fchren. Reduziert den Leuchtwinkel auf 50\u00b0. Klettverschl\u00fcsse f\u00fcr einen schnellen und einfachen Aufbau.<\/p>\n","protected":false},"featured_media":12752,"template":"","meta":[],"product_cat":[135],"product_tag":[],"class_list":{"0":"post-12749","1":"product","2":"type-product","3":"status-publish","4":"has-post-thumbnail","6":"product_cat-softboxen","8":"first","9":"instock","10":"shipping-taxable","11":"purchasable","12":"product-type-simple"},"_links":{"self":[{"href":"https:\/\/palmaequipmentrental.com\/de\/wp-json\/wp\/v2\/product\/12749","targetHints":{"allow":["GET"]}}],"collection":[{"href":"https:\/\/palmaequipmentrental.com\/de\/wp-json\/wp\/v2\/product"}],"about":[{"href":"https:\/\/palmaequipmentrental.com\/de\/wp-json\/wp\/v2\/types\/product"}],"wp:featuredmedia":[{"embeddable":true,"href":"https:\/\/palmaequipmentrental.com\/de\/wp-json\/wp\/v2\/media\/12752"}],"wp:attachment":[{"href":"https:\/\/palmaequipmentrental.com\/de\/wp-json\/wp\/v2\/media?parent=12749"}],"wp:term":[{"taxonomy":"product_cat","embeddable":true,"href":"https:\/\/palmaequipmentrental.com\/de\/wp-json\/wp\/v2\/product_cat?post=12749"},{"taxonomy":"product_tag","embeddable":true,"href":"https:\/\/palmaequipmentrental.com\/de\/wp-json\/wp\/v2\/product_tag?post=12749"}],"curies":[{"name":"wp","href":"https:\/\/api.w.org\/{rel}","templated":true}]}}