{"id":12761,"date":"2023-03-09T14:38:36","date_gmt":"2023-03-09T14:38:36","guid":{"rendered":"https:\/\/www.palmaequipmentrental.com\/?post_type=product&#038;p=12761"},"modified":"2025-06-17T13:22:23","modified_gmt":"2025-06-17T13:22:23","slug":"lastolite-skylite-2x2m-rahmen","status":"publish","type":"product","link":"https:\/\/palmaequipmentrental.com\/de\/photo-video-equipment-mallorca\/lastolite-skylite-2x2m-rahmen\/","title":{"rendered":"Lastolite Skylite 2x2m Rahmen"},"content":{"rendered":"<p><strong>Skylite Rapid Standard Large 2 x 2m (6&#215;6&#8242;) Rahmen.<\/strong><\/p>\n<p>Der rechteckige Rahmen LARGE 2x2m ist eine sehr vielseitige Gr\u00f6\u00dfe, die leicht gefaltet und mit Lichtstativen montiert werden kann.<\/p>\n<p><strong>F\u00fcr den Rahmen Large 2x2m sind folgende Stoffbez\u00fcge erh\u00e4ltlich:<\/strong><\/p>\n<ul>\n<li>0.75 Stop Diffusor silk<\/li>\n<li>1,25 stop Diffusor silk<\/li>\n<li>Silber\/Wei\u00df Reflektor<\/li>\n<li>Schwarz\/Wei\u00df Reflektor<\/li>\n<li>Sunfire\/Wei\u00df Reflektor<\/li>\n<\/ul>\n<p><strong>Merkmale:<\/strong><\/p>\n<ul>\n<li>Gr\u00f6\u00dfe: 2x2m (6.6&#8242;)<\/li>\n<li>Elastische Schnur f\u00fchrt durch den Rahmen und h\u00e4lt ihn in einem St\u00fcck<\/li>\n<li>SkyLite Rapid Abdeckungen lassen sich leicht einrasten<\/li>\n<\/ul>\n","protected":false},"excerpt":{"rendered":"<p>Skylite Rapid Standard Large 2 x 2m (6&#215;6&#8242;) Rahmen. Der rechteckige Rahmen LARGE 2x2m ist eine sehr vielseitige Gr\u00f6\u00dfe, die leicht gefaltet und mit Lichtstativen montiert werden kann. F\u00fcr den Rahmen Large 2x2m sind folgende Stoffbez\u00fcge erh\u00e4ltlich: 0.75 Stop Diffusor silk 1,25 stop Diffusor silk Silber\/Wei\u00df Reflektor Schwarz\/Wei\u00df Reflektor Sunfire\/Wei\u00df Reflektor Merkmale: Gr\u00f6\u00dfe: 2x2m (6.6&#8242;) Elastische Schnur f\u00fchrt durch den [&hellip;]<\/p>\n","protected":false},"featured_media":12764,"template":"","meta":[],"product_cat":[869,871],"product_tag":[],"class_list":{"0":"post-12761","1":"product","2":"type-product","3":"status-publish","4":"has-post-thumbnail","6":"product_cat-lastolite-de","7":"product_cat-lastolite-v-de","9":"first","10":"instock","11":"shipping-taxable","12":"purchasable","13":"product-type-simple"},"_links":{"self":[{"href":"https:\/\/palmaequipmentrental.com\/de\/wp-json\/wp\/v2\/product\/12761","targetHints":{"allow":["GET"]}}],"collection":[{"href":"https:\/\/palmaequipmentrental.com\/de\/wp-json\/wp\/v2\/product"}],"about":[{"href":"https:\/\/palmaequipmentrental.com\/de\/wp-json\/wp\/v2\/types\/product"}],"wp:featuredmedia":[{"embeddable":true,"href":"https:\/\/palmaequipmentrental.com\/de\/wp-json\/wp\/v2\/media\/12764"}],"wp:attachment":[{"href":"https:\/\/palmaequipmentrental.com\/de\/wp-json\/wp\/v2\/media?parent=12761"}],"wp:term":[{"taxonomy":"product_cat","embeddable":true,"href":"https:\/\/palmaequipmentrental.com\/de\/wp-json\/wp\/v2\/product_cat?post=12761"},{"taxonomy":"product_tag","embeddable":true,"href":"https:\/\/palmaequipmentrental.com\/de\/wp-json\/wp\/v2\/product_tag?post=12761"}],"curies":[{"name":"wp","href":"https:\/\/api.w.org\/{rel}","templated":true}]}}